{"id":1753,"date":"2023-05-02T18:05:49","date_gmt":"2023-05-02T16:05:49","guid":{"rendered":"https:\/\/www.sdn26-07.org\/lesite\/?page_id=1753"},"modified":"2023-07-04T18:20:43","modified_gmt":"2023-07-04T16:20:43","slug":"atomic-mac-avril-2023","status":"publish","type":"page","link":"https:\/\/www.sdn26-07.org\/lesite\/radio\/atomic-mac-avril-2023\/","title":{"rendered":"Atomic Mac, avril 2023"},"content":{"rendered":"\n<p class=\"has-text-align-center\"><em>Ce mois-ci, on va parler de d\u00e9chets chimiques et de d\u00e9chets radioactifs enfouis, g\u00e9r\u00e9s n\u2019importe comment, pendant des d\u00e9cennies. \u00c7a se passe \u00e0 Sol\u00e9rieux, qui est une commune rurale du sud de la Dr\u00f4me, juste \u00e0 c\u00f4t\u00e9 de Pierrelatte. On va voir comment ce dossier a \u00e9t\u00e9 g\u00e9r\u00e9 de mani\u00e8re pour le moins approximative, par l\u2019exploitant du site, bien s\u00fbr, mais aussi par le principal client qui est l\u2019industrie nucl\u00e9aire. Et on va voir tout \u00e7a avec Micha\u00ebl Gabriele, des Amis de la Terre Dr\u00f4me.<\/em><\/p>\n\n\n\n<hr class=\"wp-block-separator has-css-opacity\"\/>\n\n\n\n<figure class=\"wp-block-audio\"><audio controls src=\"http:\/\/www.sdn26-07.org\/lesite\/wp-content\/uploads\/2023\/05\/ATOMIC-MAC-2023_04_03-ATOMIC-MAC-AVRIL-2023-.mp3\"><\/audio><\/figure>\n\n\n\n<h2 class=\"wp-block-heading\">L&rsquo;\u00e9mission<\/h2>\n\n\n\n<ul class=\"wp-block-list\">\n<li>02 min : le billet de Georges<\/li>\n\n\n\n<li>05 min : \u00ab\u00a0Plus rien\u00a0\u00bb des Cowboys fringants<\/li>\n\n\n\n<li>08 min : l&rsquo;interview de Michael Gabriele, premi\u00e8re partie<\/li>\n\n\n\n<li>20 min : \u00ab\u00a0Garde la paix\u00a0\u00bb, La Kabane<\/li>\n\n\n\n<li>23 min : l&rsquo;interview de Michael Gabriele, deuxi\u00e8me partie<\/li>\n\n\n\n<li>35 min : le billet de Dominique<\/li>\n\n\n\n<li>38 min : le billet de Georges<\/li>\n\n\n\n<li>40 min : l&rsquo;agenda<\/li>\n\n\n\n<li>42 min : \u00ab\u00a0Casi el silencio\u00a0\u00bb, Matmatah<\/li>\n<\/ul>\n\n\n\n<p><\/p>\n","protected":false},"excerpt":{"rendered":"<p>Ce mois-ci, on va parler de d\u00e9chets chimiques et de d\u00e9chets radioactifs enfouis, g\u00e9r\u00e9s n\u2019importe comment, pendant des d\u00e9cennies. \u00c7a se passe \u00e0 Sol\u00e9rieux, qui est une commune rurale du sud de la Dr\u00f4me, juste \u00e0 c\u00f4t\u00e9 de Pierrelatte. On &hellip;<\/p>\n<p class=\"read-more\"> <a class=\"more-link\" href=\"https:\/\/www.sdn26-07.org\/lesite\/radio\/atomic-mac-avril-2023\/\"> <span class=\"screen-reader-text\">Atomic Mac, avril 2023<\/span> Read More &raquo;<\/a><\/p>\n","protected":false},"author":1,"featured_media":0,"parent":128,"menu_order":0,"comment_status":"closed","ping_status":"closed","template":"","meta":{"footnotes":""},"class_list":["post-1753","page","type-page","status-publish","hentry"],"_links":{"self":[{"href":"https:\/\/www.sdn26-07.org\/lesite\/wp-json\/wp\/v2\/pages\/1753","targetHints":{"allow":["GET"]}}],"collection":[{"href":"https:\/\/www.sdn26-07.org\/lesite\/wp-json\/wp\/v2\/pages"}],"about":[{"href":"https:\/\/www.sdn26-07.org\/lesite\/wp-json\/wp\/v2\/types\/page"}],"author":[{"embeddable":true,"href":"https:\/\/www.sdn26-07.org\/lesite\/wp-json\/wp\/v2\/users\/1"}],"replies":[{"embeddable":true,"href":"https:\/\/www.sdn26-07.org\/lesite\/wp-json\/wp\/v2\/comments?post=1753"}],"version-history":[{"count":1,"href":"https:\/\/www.sdn26-07.org\/lesite\/wp-json\/wp\/v2\/pages\/1753\/revisions"}],"predecessor-version":[{"id":1754,"href":"https:\/\/www.sdn26-07.org\/lesite\/wp-json\/wp\/v2\/pages\/1753\/revisions\/1754"}],"up":[{"embeddable":true,"href":"https:\/\/www.sdn26-07.org\/lesite\/wp-json\/wp\/v2\/pages\/128"}],"wp:attachment":[{"href":"https:\/\/www.sdn26-07.org\/lesite\/wp-json\/wp\/v2\/media?parent=1753"}],"curies":[{"name":"wp","href":"https:\/\/api.w.org\/{rel}","templated":true}]}}