{"id":1688,"date":"2021-06-30T15:07:08","date_gmt":"2021-06-30T13:07:08","guid":{"rendered":"https:\/\/www.sdn26-07.org\/lesite\/?page_id=1688"},"modified":"2021-06-30T15:37:01","modified_gmt":"2021-06-30T13:37:01","slug":"atomic-mac-juin-2021-special-fukushima","status":"publish","type":"page","link":"https:\/\/www.sdn26-07.org\/lesite\/radio\/atomic-mac-juin-2021-special-fukushima\/","title":{"rendered":"Atomic Mac, juin 2021 : sp\u00e9cial Fukushima"},"content":{"rendered":"\n<p class=\"has-text-align-center\"><em>Aujourd&rsquo;hui, on re\u00e7oit Georges Griot, militant antinucl\u00e9aire sur le bassin valentinois que vous connaissez bien puisqu&rsquo;il anime chaque mois une chronique sur Fukushima. \u00c0 l&rsquo;approche des Jeux Olympiques de T\u00f4ky\u00f4, nous nous sommes dits qu&rsquo;avoir la vision de Georges sur ce qui se profile \u00e9tait une bonne chose, en regard de ce qui avait \u00e9t\u00e9 fait pr\u00e9c\u00e9demment avec <a href=\"https:\/\/www.sdn26-07.org\/lesite\/radio\/atomic-mac-avril-2021-fukushima-dix-ans-apres\/\" target=\"_blank\" rel=\"noreferrer noopener\">Kurumi Sugita<\/a> et <a href=\"https:\/\/www.sdn26-07.org\/lesite\/radio\/atomic-mac-mars-2021-10e-anniversaire-de-la-catastrophe-de-fukushima\/\" target=\"_blank\" rel=\"noreferrer noopener\">Bruno Chareyron<\/a>. <\/em><\/p>\n\n\n\n<hr class=\"wp-block-separator\"\/>\n\n\n\n<figure class=\"wp-block-audio\"><audio controls src=\"http:\/\/www.sdn26-07.org\/lesite\/wp-content\/uploads\/2021\/06\/ATOMIC-MAC-2021_06_07-ATOMIC-MAC-Juin-2021-.mp3\"><\/audio><\/figure>\n\n\n\n<h2 class=\"wp-block-heading\">L&rsquo;\u00e9mission<\/h2>\n\n\n\n<ul class=\"wp-block-list\"><li>01 min : le billet de Dominique H<\/li><li>06 min : \u00ab\u00a0Les copains d&rsquo;abord\u00a0\u00bb, Georges Brassens<\/li><li>09 min : l&rsquo;interview de Georges Griot, premi\u00e8re partie<\/li><li>23 min : \u00ab\u00a0Greenwashing\u00a0\u00bb, Tryo<\/li><li>26 min : l&rsquo;interview de Georges Griot, deuxi\u00e8me partie<\/li><li>35 min : les d\u00e9chets radioactifs dans une piscine, par Kim<\/li><li>40 min : l&rsquo;agenda, par C\u00e9line<\/li><li>41 min : \u00ab\u00a0Plus jamais \u00e7a\u00a0\u00bb, NTM<\/li><\/ul>\n\n\n\n<hr class=\"wp-block-separator\"\/>\n\n\n\n<h2 class=\"wp-block-heading\"><strong>Mobilisation contre la lib\u00e9ration des d\u00e9chets radioactifs issus du d\u00e9mant\u00e8lement des installations nucl\u00e9aires<\/strong><\/h2>\n\n\n<p><em>par Dominique H<br \/><\/em><\/p>\n<p>Le vieillissement des centrales nucl\u00e9aires pose de fa\u00e7on de plus en plus urgente la question de leur d\u00e9mant\u00e8lement et de ses suites: que faire des mat\u00e9riaux contamin\u00e9s? Il \u00e9tait jusqu\u2019\u00e0 maintenant interdit de les r\u00e9utiliser, cela risque de changer.<\/p>\n<p><em>De quoi s\u2019agit-il ?<\/em><\/p>\n<p>De recycler apr\u00e8s d\u00e9contamination des mat\u00e9riaux issus de l\u2019industrie nucl\u00e9aire. Au- dessous d\u2019un certain niveau de radioactivit\u00e9 appel\u00e9 seuil de lib\u00e9ration, ces mat\u00e9riaux seront <u>lib\u00e9r\u00e9s de tout contr\u00f4le<\/u> et <u>utilis\u00e9s sans aucune restriction<\/u> pour la fabrication d\u2019\u00e9quipements ou d\u2019objets de la vie quotidienne.<\/p>\n<p>La Criirad d\u00e9nonce cette d\u00e9cision et lance un appel \u00e0 mobilisation:<\/p>\n<p><em>\u201cLa d\u00e9cision a \u00e9t\u00e9 prise sur la base de <u>rapports partiels et partiaux<\/u>, au terme de d\u00e9bats biais\u00e9s qui s\u2019efforcent d\u2019<u>escamoter les probl\u00e8mes<\/u> plut\u00f4t que de les faire \u00e9merger. Une fois de plus, l\u2019option retenue consiste \u00e0 all\u00e9ger les charges pour les producteurs de d\u00e9chets radioactifs en <u>transf\u00e9rant les risques<\/u> sur la population\u2026 D\u00e9cider de \u00ab lib\u00e9rer \u00bb des centaines de milliers de tonnes de m\u00e9taux contamin\u00e9s est irresponsable. La CRIIRAD appelle la population \u00e0 s\u2019informer et \u00e0 agir.\u201d<\/em><\/p>\n<p>Une \u00e9tude exhaustive \u00e9tant impossible, reprenons quelques arguments.<\/p>\n<p><em>1\/ la radioactivit\u00e9 ajout\u00e9e par le recyclage des mat\u00e9riaux contamin\u00e9s restera tr\u00e8s inf\u00e9rieure \u00e0 la radioactivit\u00e9 naturelle, elle-m\u00eame sans danger et omnipr\u00e9sente dans notre environnement <\/em><\/p>\n<p>Non, il n\u2019y a pas partout de radioactivit\u00e9 naturelle\u00a0<\/p>\n<p>Non, la radioactivit\u00e9 naturelle n\u2019est pas innocente. Elle est dangereuse et on le sait: ainsi, l\u2019inhalation du radon, gaz radioactif naturel, cause selon les \u00e9tudes officielles, et probablement sous estim\u00e9es, 3000 morts par an par cancer du poumon.<\/p>\n<p>Non, on ne peut prendre la radioactivit\u00e9 naturelle comme alibi pour en ajouter. Ce serait comme affirmer que les d\u00e9g\u00e2ts caus\u00e9s par un tremblement de terre justifient les malfa\u00e7ons dans le b\u00e2timent.<\/p>\n<p><em>\u00a0<\/em><em>2\/\u00a0 le proc\u00e9d\u00e9 de traitement des d\u00e9chets radioactifs sera efficace, parfaitement contr\u00f4l\u00e9 et garantira \u00e0 100% le respect des seuils de lib\u00e9ration.<\/em><\/p>\n<p>\u00a0On d\u00e9contaminera par fusion les \u00e9l\u00e9ments radioactifs m\u00e9talliques dans un four \u00e9lectrique \u00e0 1650\u00b0, mais faute d\u2019exp\u00e9rience, on ne sait pas exactement o\u00f9 iront les radionucl\u00e9ides . Migrent-ils dans les rejets, les parois du four ou restent-ils \u2013 et en quelle proportion \u2013 dans le m\u00e9tal recycl\u00e9 ?<\/p>\n<p>Par ailleurs, le dossier fait l\u2019impasse sur les op\u00e9rations les plus p\u00e9rilleuses.<\/p>\n<p><em>\u00a0<\/em>3 <em>Les mat\u00e9riaux recycl\u00e9s n\u2019atteindront jamais une dose dangereuse de radioactivit\u00e9.<\/em><\/p>\n<p>Les deux sc\u00e9narios envisag\u00e9s dans les \u00e9tudes minimisent les risques et n\u2019apportent pas cette garantie. Illustrons- les par un exemple :<\/p>\n<ul>\n<li>Sc\u00e9nario de r\u00e9f\u00e9rence: un enfant passe 1 heure\/jour sur une aire de jeu construite avec 10% de mat\u00e9riaux contamin\u00e9s.<\/li>\n<li>Sc\u00e9nario de faible probabilit\u00e9: l\u2019enfant joue 3h\/jour sur une aire contamin\u00e9e \u00e0 50%<\/li>\n<\/ul>\n<p>C\u2019est le maximum envisag\u00e9, une exposition sup\u00e9rieure \u00e9tant consid\u00e9r\u00e9e comme improbable. Par ailleurs, il n\u2019y a pas dans les \u00e9tudes de crit\u00e8re collectif (le nombre de personnes impact\u00e9es), ni d\u2019analyse de cumul dans le temps et l\u2019espace.<\/p>\n<p>4\u00a0 <em>Quelles cons\u00e9quences sur notre environnement?<\/em><\/p>\n<p>La diss\u00e9mination de radionucl\u00e9ides dans les lieux de vie et de travail! Il faut, en pr\u00e9alable absolu, mettre \u00e0 jour les normes de radioprotection.<\/p>\n<p>Plus grave, cette dispersion sera irr\u00e9versible. On a dans le pass\u00e9 r\u00e9cup\u00e9r\u00e9 \u00e0 grand peine et grands frais des objets radioactifs autoris\u00e9s \u00e0 tort, tels que montres au radium. L\u00e0, le retour en arri\u00e8re sera impossible par manque de tra\u00e7abilit\u00e9. Si on d\u00e9couvre des effets sanitaires accrus ou in\u00e9dits, les autorit\u00e9s seront d\u00e9munies.<\/p>\n<p>D\u2019autres options seraient moins risqu\u00e9es, aussi bien pour la plan\u00e8te que pour la sant\u00e9 de ses habitants mais elles n\u2019ont pas \u00e9t\u00e9 propos\u00e9es au d\u00e9bat. R\u00e9pondons \u00e0 l\u2019appel de la Criirad, il ne faut pas ouvrir la bo\u00eete de Pandore!<\/p>\n\n\n<h2 class=\"wp-block-heading\">Les d\u00e9chets radioactifs dans une piscine<\/h2>\n\n\n<p>par Kim<\/p>\n<p><strong>Kim, tu vas nous parler de d\u00e9chets nucl\u00e9aires, au lendemain du proc\u00e8s, \u00e0 Bar-le-Duc, de sept personnes poursuivies, mais pourquoi au fait ?<\/strong><br \/>Bonjour Pierric, bonjour \u00e0 toutes et tous. Eh bien, poursuivies&#8230; on ne sait pas trop pourquoi, \u00e0 vrai dire, si ce n&rsquo;est qu&rsquo;elles se sont oppos\u00e9es fermement, comme des milliers d&rsquo;autres personnes, au projet d&rsquo;enfouissement de d\u00e9chets Cig\u00e9o, \u00e0 Bure, dans la Meuse.<br \/>On en profite pour renouveler notre soutien aux personnes poursuivies, en attendant l&rsquo;\u00e9nonc\u00e9 du verdict, le 21 septembre prochain. On va aussi en profiter pour faire ensemble un petit tour d&rsquo;horizon des d\u00e9chets nucl\u00e9aires en France.<br \/>Mais \u00e9coutons d&rsquo;abord Anne Lauvergeon, alors PDG d&rsquo;Areva, en 2008 au micro d\u2019Europe 1, \u00e0 propos des d\u00e9chets : \u00ab Les d\u00e9chets radioactifs fran\u00e7ais, pour tout le parc nucl\u00e9aire, sur les trente ans de fonctionnement et les 58 r\u00e9acteurs, c\u2019est la taille d\u2019une piscine olympique \u00bb.<br \/>\u00c9coutons aussi JM Jancovici, un lobbyiste pro-nucl\u00e9aire dans une interview au journal Marianne en 2020 :<br \/>\u00ab La totalit\u00e9 des d\u00e9chets vraiment dangereux que le parc nucl\u00e9aire fran\u00e7ais a produit depuis le d\u00e9but de son fonctionnement tient dans une piscine \u00e0 la Hague. \u00bb<br \/>Curieux, cette irr\u00e9pressible envie de tout faire rentrer dans une piscine. Examinons tout \u00e7a de plus pr\u00e8s.<br \/>Les stocks de d\u00e9chets radioactifs pr\u00e9sents sur le territoire fran\u00e7ais fin 2019 sont de 1 670 000 m3. Sur ce total, 60 % sont issus de la production d&rsquo;\u00e9lectricit\u00e9.<br \/>Contrairement \u00e0 ce que disent les d\u00e9fenseurs du nucl\u00e9aire, les d\u00e9chets de cette industrie ne sont pas regroup\u00e9s sur un m\u00eame site mais bien diss\u00e9min\u00e9s partout sur le territoire. Un exemple : les anciennes mines d\u2019uranium, plus de 200, sont r\u00e9parties sur 27 d\u00e9partements.<br \/>Quant aux piscines de la Hague, la description sommaire faite par M. Jancovici ne refl\u00e8te en aucun cas la r\u00e9alit\u00e9. L\u2019usine de retraitement de la Hague est une installation mise en service en 1966 et avait alors pour vocation de produire du plutonium \u00e0 des fins militaires. Environ 10 000 t de ces combustibles y sont entrepos\u00e9s, la superficie du site \u00e9tant de 300 hectares. Il ne s\u2019agit donc pas d\u2019une banale piscine, mais bien d\u2019un \u00e9quipement strat\u00e9gique puisque sans exutoire, la fili\u00e8re \u00e9lectronucl\u00e9aire ne pourrait pas fonctionner. Le hic, c\u2019est que ces piscines d\u2019entreposage sont pleines \u00e0 92 % et arriveront \u00e0 saturation en 2030. La rustine imagin\u00e9e par les exploitants est la construction de deux piscines d\u2019entreposage suppl\u00e9mentaires. Cela repr\u00e9senterait la bagatelle de 1,25 milliard d\u2019euros rien que pour une piscine.<br \/>N&rsquo;oublions pas de mentionner les d\u00e9chets de haute activit\u00e9 et de moyenne activit\u00e9 \u00e0 vie longue et le projet Cig\u00e9o \u00e0 Bure. Ce projet d\u2019enfouissement de d\u00e9chets nucl\u00e9aires pose d\u2019insolubles probl\u00e8mes sur au moins quatre plans : scientifique et technique, financier, d\u00e9mocratique, philosophique.<br \/>Arr\u00eatons-nous bri\u00e8vement sur les chiffres : Cig\u00e9o, ce projet d&rsquo;enfouissement de d\u00e9chets, ce serait 270 ha d&rsquo;installation nucl\u00e9aire, 300 km de galeries souterraines, le tout r\u00e9parti sur cinq villages. Remarquons aussi que l&rsquo;Andra, l&rsquo;agence nationale pour la gestion des d\u00e9chets radioactifs, a achet\u00e9 2600 ha de for\u00eats et terres agricoles dans le cadre de ce projet.<\/p>\n<p><strong>\u00c7a fait quand m\u00eame beaucoup pour une simple piscine olympique. Mais ce n&rsquo;est pas tout&#8230;<\/strong><br \/>Et non !<br \/>On pourrait aussi mentionner les d\u00e9chets jet\u00e9s dans l&rsquo;oc\u00e9an, dans la Manche, entre 1946 et 1993, d\u00e9chets produits par quatorze pays. On parle ici de 17000 t de d\u00e9chets.<br \/>On pourrait aussi mentionner les d\u00e9chets du futur d\u00e9mant\u00e8lement des centrales nucl\u00e9aires. On peut noter que les deux centres de stockage, dans l&rsquo;Aube, ne sont pas dimensionn\u00e9s pour accueillir ces d\u00e9chets. D&rsquo;o\u00f9 la solution surr\u00e9aliste envisag\u00e9e par le gouvernement et dont C\u00e9line nous a parl\u00e9.<br \/>On pourrait aussi mentionner les d\u00e9chets nucl\u00e9aires militaires. Il y a les d\u00e9chets produits lors de la fabrication et l\u2019entretien des armes nucl\u00e9aires. Mais aussi des d\u00e9chets produits lors des essais nucl\u00e9aires fran\u00e7ais, en Polyn\u00e9sie et en Alg\u00e9rie. Dans le Sahara alg\u00e9rien, l\u2019arm\u00e9e fran\u00e7aise a r\u00e9alis\u00e9 17 essais d\u2019explosion de bombes atomiques entre 1960 et 1966. Le mat\u00e9riel et les d\u00e9chets g\u00e9n\u00e9r\u00e9s ont, en toute simplicit\u00e9, \u00e9t\u00e9 laiss\u00e9s sur place.<br \/>Les d\u00e9chets radioactifs ne se r\u00e9sument donc pas \u00e0 une piscine. Laisser croire \u00e0 la population que les d\u00e9chets sont un tout petit probl\u00e8me et que ce probl\u00e8me peut se r\u00e9duire aux seuls d\u00e9chets les plus radioactifs est tout simplement mensonger.<br \/>Il n&rsquo;y a pas de solution simple pour ces d\u00e9chets, donc commen\u00e7ons d\u00e9j\u00e0 par arr\u00eater d&rsquo;en produire.<\/p>\n\n\n<p><\/p>\n","protected":false},"excerpt":{"rendered":"<p>Aujourd&rsquo;hui, on re\u00e7oit Georges Griot, militant antinucl\u00e9aire sur le bassin valentinois que vous connaissez bien puisqu&rsquo;il anime chaque mois une chronique sur Fukushima. \u00c0 l&rsquo;approche des Jeux Olympiques de T\u00f4ky\u00f4, nous nous sommes dits qu&rsquo;avoir la vision de Georges sur &hellip;<\/p>\n<p class=\"read-more\"> <a class=\"more-link\" href=\"https:\/\/www.sdn26-07.org\/lesite\/radio\/atomic-mac-juin-2021-special-fukushima\/\"> <span class=\"screen-reader-text\">Atomic Mac, juin 2021 : sp\u00e9cial Fukushima<\/span> Read More &raquo;<\/a><\/p>\n","protected":false},"author":1,"featured_media":0,"parent":128,"menu_order":0,"comment_status":"closed","ping_status":"closed","template":"","meta":{"footnotes":""},"class_list":["post-1688","page","type-page","status-publish","hentry"],"_links":{"self":[{"href":"https:\/\/www.sdn26-07.org\/lesite\/wp-json\/wp\/v2\/pages\/1688","targetHints":{"allow":["GET"]}}],"collection":[{"href":"https:\/\/www.sdn26-07.org\/lesite\/wp-json\/wp\/v2\/pages"}],"about":[{"href":"https:\/\/www.sdn26-07.org\/lesite\/wp-json\/wp\/v2\/types\/page"}],"author":[{"embeddable":true,"href":"https:\/\/www.sdn26-07.org\/lesite\/wp-json\/wp\/v2\/users\/1"}],"replies":[{"embeddable":true,"href":"https:\/\/www.sdn26-07.org\/lesite\/wp-json\/wp\/v2\/comments?post=1688"}],"version-history":[{"count":5,"href":"https:\/\/www.sdn26-07.org\/lesite\/wp-json\/wp\/v2\/pages\/1688\/revisions"}],"predecessor-version":[{"id":1693,"href":"https:\/\/www.sdn26-07.org\/lesite\/wp-json\/wp\/v2\/pages\/1688\/revisions\/1693"}],"up":[{"embeddable":true,"href":"https:\/\/www.sdn26-07.org\/lesite\/wp-json\/wp\/v2\/pages\/128"}],"wp:attachment":[{"href":"https:\/\/www.sdn26-07.org\/lesite\/wp-json\/wp\/v2\/media?parent=1688"}],"curies":[{"name":"wp","href":"https:\/\/api.w.org\/{rel}","templated":true}]}}