{"id":128,"date":"2017-06-27T16:12:10","date_gmt":"2017-06-27T14:12:10","guid":{"rendered":"http:\/\/www.sdn26-07.org\/lesite\/?page_id=128"},"modified":"2025-11-04T09:38:39","modified_gmt":"2025-11-04T08:38:39","slug":"radio","status":"publish","type":"page","link":"https:\/\/www.sdn26-07.org\/lesite\/radio\/","title":{"rendered":"Atomic Mac, notre \u00e9mission radio"},"content":{"rendered":"\n<div class=\"wp-block-group\"><div class=\"wp-block-group__inner-container is-layout-flow wp-block-group-is-layout-flow\"><\/div><\/div>\n\n\n\n<h2 class=\"wp-block-heading\">Participez \u00e0 l&rsquo;\u00e9mission Atomic Mac&nbsp;!<\/h2>\n\n\n\n<div class=\"wp-block-group\"><div class=\"wp-block-group__inner-container is-layout-flow wp-block-group-is-layout-flow\">\n<p>Vous pouvez poser vos questions atomiques sur le r\u00e9pondeur de l\u2019\u00e9mission <a rel=\"noreferrer noopener\" href=\"http:\/\/www.radio-mega.com\/index.php?option=com_content&amp;view=category&amp;layout=blog&amp;id=72&amp;Itemid=95&amp;696cf438dae04ab71fd22d5a0260c058=a5dd9ab128582b7ec168e69e951bdb3f\" target=\"_blank\">AtomicMac \/ Radio M\u00e9ga<\/a> (99.2 MHz FM) : 0 805 696 758 (appel gratuit depuis un poste fixe).<\/p>\n<\/div><\/div>\n\n\n\n<hr class=\"wp-block-separator has-css-opacity\"\/>\n\n\n\n<h2 class=\"wp-block-heading\">Pour \u00e9couter l&rsquo;\u00e9mission<\/h2>\n\n\n\n<p>L&rsquo;\u00e9mission est diffus\u00e9e en direct, le premier lundi de chaque mois, de 12 h 10 \u00e0 13 h, sur Radio M\u00e9ga, fr\u00e9quence 99.2 MHz, \u00e0 Valence et environs. <\/p>\n\n\n\n<ul class=\"wp-block-list\">\n<li>L&rsquo;\u00e9mission est aussi rediffus\u00e9e, le premier mardi de chaque mois, de 07 h 10 \u00e0 8 h, toujours sur Radio M\u00e9ga ;<\/li>\n\n\n\n<li>Mais aussi sur RadioL\u00e0, le lundi \u00e0 11 h<\/li>\n\n\n\n<li>Sur internet, chez Radio M\u00e9ga <a href=\"https:\/\/www.radio-mega.com\/player\/\">https:\/\/www.radio-mega.com\/player\/<\/a> et RadioL\u00e0 : <a href=\"https:\/\/www.radiola.media\/category\/emissions\/atomic-mac\/\" target=\"_blank\" rel=\"noreferrer noopener\">https:\/\/www.radiola.media\/category\/emissions\/atomic-mac\/<\/a><\/li>\n<\/ul>\n\n\n\n<hr class=\"wp-block-separator has-css-opacity\"\/>\n\n\n\n<h2 class=\"wp-block-heading\">Et pour r\u00e9\u00e9couter les \u00e9missions pr\u00e9c\u00e9dentes<\/h2>\n\n\n\n<h3 class=\"wp-block-heading\">Saisons 2023-2024, 2024-2025 et 2025-2026<\/h3>\n\n\n\n<iframe loading=\"lazy\" width=\"100%\" height=\"400\" scrolling=\"no\" frameborder=\"no\" allow=\"autoplay\" src=\"https:\/\/w.soundcloud.com\/player\/?url=https%3A\/\/api.soundcloud.com\/playlists\/1718206833&#038;color=%23ff5500&#038;auto_play=false&#038;hide_related=false&#038;show_comments=false&#038;show_user=false&#038;show_reposts=false&#038;show_teaser=true\"><\/iframe><div style=\"font-size: 10px; color: #cccccc;line-break: anywhere;word-break: normal;overflow: hidden;white-space: nowrap;text-overflow: ellipsis; font-family: Interstate,Lucida Grande,Lucida Sans Unicode,Lucida Sans,Garuda,Verdana,Tahoma,sans-serif;font-weight: 100;\"><a href=\"https:\/\/soundcloud.com\/radiomega-1\" title=\"radiomega\" target=\"_blank\" style=\"color: #cccccc; text-decoration: none;\" rel=\"noopener\">radiomega<\/a> \u00b7 <a href=\"https:\/\/soundcloud.com\/radiomega-1\/sets\/atomic-mac\" title=\"ATOMIC MAC\" target=\"_blank\" style=\"color: #cccccc; text-decoration: none;\" rel=\"noopener\">ATOMIC MAC<\/a><\/div>\n\n\n\n<hr class=\"wp-block-separator has-alpha-channel-opacity\"\/>\n\n\n\n<h3 class=\"wp-block-heading\">Saison 2022-2023<\/h3>\n\n\n<p><strong>Juillet 2023<\/strong> : Patrice Bouveret et Tony Fortin de l&rsquo;Observatoire des armements<\/p>\n\n\n<figure class=\"wp-block-audio\"><audio controls src=\"http:\/\/www.sdn26-07.org\/lesite\/wp-content\/uploads\/2023\/07\/ATOMIC-MAC-2023_07_03-ATOMIC-MAC-JUILLET-2023-R02.mp3\"><\/audio><\/figure>\n\n\n\n<hr class=\"wp-block-separator has-alpha-channel-opacity\"\/>\n\n\n\n<p><strong>Juin 2023<\/strong> : Luc Vedie, ancien ing\u00e9nieur-chercheur au CEA et d\u00e9serteur<\/p>\n\n\n\n<figure class=\"wp-block-audio\"><audio controls src=\"http:\/\/www.sdn26-07.org\/lesite\/wp-content\/uploads\/2023\/06\/ATOMIC-MAC-2023_06_05-ATOMIC-MAC-JUIN-2023-R02.mp3\"><\/audio><\/figure>\n\n\n\n<hr class=\"wp-block-separator has-alpha-channel-opacity\"\/>\n\n\n\n<p><strong>Mai 2023<\/strong> : Philippe Andr\u00e9, porte-parole du syndicat SUD \u00c9nergie<\/p>\n\n\n\n<figure class=\"wp-block-audio\"><audio controls src=\"http:\/\/www.sdn26-07.org\/lesite\/wp-content\/uploads\/2023\/05\/ATOMIC-MAC-2023_05_10-ATOMIC-MAC-MAI2023-.mp3\"><\/audio><\/figure>\n\n\n\n<hr class=\"wp-block-separator has-alpha-channel-opacity\"\/>\n\n\n\n<p><strong>Avril 2023<\/strong> : <a href=\"https:\/\/www.sdn26-07.org\/lesite\/atomic-mac-avril-2023\/\">Michael Gabriele des Amis de la Terre Dr\u00f4me, sur l&rsquo;affaire Sol\u00e9rieux<\/a><\/p>\n\n\n\n<figure class=\"wp-block-audio\"><audio controls src=\"http:\/\/www.sdn26-07.org\/lesite\/wp-content\/uploads\/2023\/05\/ATOMIC-MAC-2023_04_03-ATOMIC-MAC-AVRIL-2023-.mp3\"><\/audio><\/figure>\n\n\n\n<hr class=\"wp-block-separator has-alpha-channel-opacity\"\/>\n\n\n\n<p><strong>Mars 2023<\/strong> : Antoine de Ravignan, r\u00e9dacteur en chef adjoint d&rsquo;Alternatives \u00e9conomiques<\/p>\n\n\n\n<figure class=\"wp-block-audio\"><audio controls src=\"http:\/\/www.sdn26-07.org\/lesite\/wp-content\/uploads\/2023\/07\/ATOMIC-MAC-2023_03_06-ATOMIC-MAC-mars2023-.mp3\"><\/audio><\/figure>\n\n\n\n<hr class=\"wp-block-separator has-alpha-channel-opacity\"\/>\n\n\n\n<p><strong>F\u00e9vrier 2023<\/strong> : Roger Spautz, Greenpeace<\/p>\n\n\n\n<figure class=\"wp-block-audio\"><audio controls src=\"https:\/\/www.sdn26-07.org\/lesite\/wp-content\/uploads\/2023\/07\/ATOMIC-MAC-2023_02_06-ATOMIC-MAC-fevrier-2023-R02.mp3\"><\/audio><\/figure>\n\n\n\n<hr class=\"wp-block-separator has-alpha-channel-opacity\"\/>\n\n\n\n<p><strong>Janvier 2023<\/strong> : Marie Pochon, d\u00e9put\u00e9e NUPES 3e circonscription de la Dr\u00f4me<\/p>\n\n\n\n<figure class=\"wp-block-audio\"><audio controls src=\"http:\/\/www.sdn26-07.org\/lesite\/wp-content\/uploads\/2023\/07\/ATOMIC-MAC-2023_01_09-ATOMIC-MAC-janvier-2023-.mp3\"><\/audio><\/figure>\n\n\n\n<hr class=\"wp-block-separator has-alpha-channel-opacity\"\/>\n\n\n\n<p><strong>D\u00e9cembre 2022<\/strong> : Fran\u00e7ois Guerrou\u00e9, co-r\u00e9alisateur du documentaire \u00ab\u00a0Notre terre mourra proprement\u00a0\u00bb<\/p>\n\n\n\n<figure class=\"wp-block-audio\"><audio controls src=\"http:\/\/www.sdn26-07.org\/lesite\/wp-content\/uploads\/2023\/07\/ATOMIC-MAC-2022_12_05-ATOMIC-MAC-Decembre-2022-.mp3\"><\/audio><\/figure>\n\n\n\n<hr class=\"wp-block-separator has-alpha-channel-opacity\"\/>\n\n\n\n<p><strong>Novembre 2022<\/strong> : Roland Desbordes, porte-parole de la Criirad<\/p>\n\n\n\n<figure class=\"wp-block-audio\"><audio controls src=\"https:\/\/www.sdn26-07.org\/lesite\/wp-content\/uploads\/2023\/07\/ATOMIC-MAC-2022_11_07-ATOMIC-MAC-Novembre-2022-R02.mp3\"><\/audio><\/figure>\n\n\n\n<hr class=\"wp-block-separator has-alpha-channel-opacity\"\/>\n\n\n\n<h3 class=\"wp-block-heading\">2021<\/h3>\n\n\n\n<p><strong>Juin 2021<\/strong> : <a href=\"https:\/\/www.sdn26-07.org\/lesite\/radio\/atomic-mac-juin-2021-special-fukushima\/\">Georges Griot, sp\u00e9cial Fukushima<\/a><\/p>\n\n\n\n<figure class=\"wp-block-audio\"><audio controls src=\"http:\/\/www.sdn26-07.org\/lesite\/wp-content\/uploads\/2021\/06\/ATOMIC-MAC-2021_06_07-ATOMIC-MAC-Juin-2021-.mp3\"><\/audio><\/figure>\n\n\n\n<hr class=\"wp-block-separator has-alpha-channel-opacity\"\/>\n\n\n\n<p><strong>Mai 2021<\/strong> : <a href=\"https:\/\/www.sdn26-07.org\/lesite\/atomic-mac-mai-2021-quelle-vision-du-nucleaire-pour-les-candidat%c2%b7e%c2%b7s-aux-regionales\/\">Olivier Crenn et Florence Cerba\u00ef, candidat\u00b7e\u00b7s aux \u00e9lections r\u00e9gionales 2021<\/a><\/p>\n\n\n\n<figure class=\"wp-block-audio\"><audio controls src=\"http:\/\/www.sdn26-07.org\/lesite\/wp-content\/uploads\/2021\/05\/ATOMIC-MAC-2021_05_03-ATOMIC-MAC-Mai-2021.mp3\"><\/audio><\/figure>\n\n\n\n<hr class=\"wp-block-separator has-alpha-channel-opacity\"\/>\n\n\n\n<p><strong>Avril 2021<\/strong> : <a href=\"https:\/\/www.sdn26-07.org\/lesite\/radio\/atomic-mac-avril-2021-fukushima-dix-ans-apres\/\">Sugita Kurumi &#8211; Fukushima, dix ans apr\u00e8s<\/a><\/p>\n\n\n\n<figure class=\"wp-block-audio\"><audio controls src=\"http:\/\/www.sdn26-07.org\/lesite\/wp-content\/uploads\/2021\/04\/ATOMIC-MAC-2021_04_12-ATOMIC-MAC-Avril-2021-.mp3\"><\/audio><\/figure>\n\n\n\n<hr class=\"wp-block-separator has-alpha-channel-opacity\"\/>\n\n\n\n<p><strong>Mars 2021<\/strong> : <a href=\"http:\/\/www.sdn26-07.org\/lesite\/atomic-mac-mars-2021-10e-anniversaire-de-la-catastrophe-de-fukushima\/\">Bruno Chareyron &#8211; 10e anniversaire de la catastrophe de Fukushima<\/a><\/p>\n\n\n\n<figure class=\"wp-block-audio\"><audio controls src=\"http:\/\/www.sdn26-07.org\/lesite\/wp-content\/uploads\/2021\/03\/ATOMIC-MAC-2021_03_01-ATOMIC-MAC-Mars-2021-r02.mp3\"><\/audio><\/figure>\n\n\n\n<hr class=\"wp-block-separator has-alpha-channel-opacity\"\/>\n\n\n\n<p><strong>F\u00e9vrier 2021<\/strong> : <a href=\"http:\/\/www.sdn26-07.org\/lesite\/radio\/atomic-mac-fevrier-2021-preservons-le-mont-vanille\/\">association Prot\u00e9geons le Mont Vanille Royans Vercors<\/a><\/p>\n\n\n\n<figure class=\"wp-block-audio\"><audio controls src=\"http:\/\/www.sdn26-07.org\/lesite\/wp-content\/uploads\/2021\/02\/ATOMIC-MAC-2021_02_01-ATOMIC-MAC-fevrier2021-.mp3\"><\/audio><\/figure>\n\n\n\n<hr class=\"wp-block-separator has-alpha-channel-opacity\"\/>\n\n\n\n<p><strong>Janvier 2021<\/strong> : <a href=\"http:\/\/www.sdn26-07.org\/lesite\/radio\/atomic-mac-janvier-2021\/\">Jade Lindgaard &#8211; EPR leaks<\/a><\/p>\n\n\n\n<figure class=\"wp-block-audio\"><audio controls src=\"http:\/\/www.sdn26-07.org\/lesite\/wp-content\/uploads\/2021\/01\/ATOMIC-MAC-2021_01_04-ATOMIC-MAC-janvier-2021-r02.mp3\"><\/audio><\/figure>\n\n\n\n<hr class=\"wp-block-separator has-text-color has-responsive-container-background-color-color has-css-opacity has-responsive-container-background-color-background-color has-background is-style-wide\"\/>\n\n\n\n<h2 class=\"wp-block-heading\">Et pour les archives<\/h2>\n\n\n\n<p><a href=\"http:\/\/www.sdn26-07.org\/lesite\/radio\/atomic-mac-les-archives\/\" data-type=\"page\" data-id=\"1064\">C&rsquo;est ici.<\/a><\/p>\n","protected":false},"excerpt":{"rendered":"<p>Participez \u00e0 l&rsquo;\u00e9mission Atomic Mac&nbsp;! Vous pouvez poser vos questions atomiques sur le r\u00e9pondeur de l\u2019\u00e9mission AtomicMac \/ Radio M\u00e9ga (99.2 MHz FM) : 0 805 696 758 (appel gratuit depuis un poste fixe). Pour \u00e9couter l&rsquo;\u00e9mission L&rsquo;\u00e9mission est diffus\u00e9e &hellip;<\/p>\n<p class=\"read-more\"> <a class=\"more-link\" href=\"https:\/\/www.sdn26-07.org\/lesite\/radio\/\"> <span class=\"screen-reader-text\">Atomic Mac, notre \u00e9mission radio<\/span> Read More &raquo;<\/a><\/p>\n","protected":false},"author":1,"featured_media":0,"parent":0,"menu_order":0,"comment_status":"closed","ping_status":"closed","template":"","meta":{"footnotes":""},"class_list":["post-128","page","type-page","status-publish","hentry"],"_links":{"self":[{"href":"https:\/\/www.sdn26-07.org\/lesite\/wp-json\/wp\/v2\/pages\/128","targetHints":{"allow":["GET"]}}],"collection":[{"href":"https:\/\/www.sdn26-07.org\/lesite\/wp-json\/wp\/v2\/pages"}],"about":[{"href":"https:\/\/www.sdn26-07.org\/lesite\/wp-json\/wp\/v2\/types\/page"}],"author":[{"embeddable":true,"href":"https:\/\/www.sdn26-07.org\/lesite\/wp-json\/wp\/v2\/users\/1"}],"replies":[{"embeddable":true,"href":"https:\/\/www.sdn26-07.org\/lesite\/wp-json\/wp\/v2\/comments?post=128"}],"version-history":[{"count":55,"href":"https:\/\/www.sdn26-07.org\/lesite\/wp-json\/wp\/v2\/pages\/128\/revisions"}],"predecessor-version":[{"id":2103,"href":"https:\/\/www.sdn26-07.org\/lesite\/wp-json\/wp\/v2\/pages\/128\/revisions\/2103"}],"wp:attachment":[{"href":"https:\/\/www.sdn26-07.org\/lesite\/wp-json\/wp\/v2\/media?parent=128"}],"curies":[{"name":"wp","href":"https:\/\/api.w.org\/{rel}","templated":true}]}}