{"id":998,"date":"2020-07-30T16:58:45","date_gmt":"2020-07-30T14:58:45","guid":{"rendered":"http:\/\/www.sdn26-07.org\/lesite\/?page_id=998"},"modified":"2020-11-09T13:53:33","modified_gmt":"2020-11-09T12:53:33","slug":"nos-positions","status":"publish","type":"page","link":"http:\/\/www.sdn26-07.org\/lesite\/nos-positions\/","title":{"rendered":"Nos positions"},"content":{"rendered":"\n<p class=\"has-text-align-center\"><em>Pr\u00e9sentation br\u00e8ve de la rubrique<\/em><\/p>\n\n\n\n<hr class=\"wp-block-separator\"\/>\n\n\n\n<div class=\"wp-block-media-text alignwide is-stacked-on-mobile is-vertically-aligned-center\" style=\"grid-template-columns:26% auto\"><figure class=\"wp-block-media-text__media\"><img loading=\"lazy\" decoding=\"async\" width=\"480\" height=\"678\" src=\"http:\/\/www.sdn26-07.org\/lesite\/wp-content\/uploads\/2020\/07\/47366335_1995815350531766_1372365389647839232_n.jpg\" alt=\"\" class=\"wp-image-726\" srcset=\"http:\/\/www.sdn26-07.org\/lesite\/wp-content\/uploads\/2020\/07\/47366335_1995815350531766_1372365389647839232_n.jpg 480w, http:\/\/www.sdn26-07.org\/lesite\/wp-content\/uploads\/2020\/07\/47366335_1995815350531766_1372365389647839232_n-212x300.jpg 212w, http:\/\/www.sdn26-07.org\/lesite\/wp-content\/uploads\/2020\/07\/47366335_1995815350531766_1372365389647839232_n-100x141.jpg 100w, http:\/\/www.sdn26-07.org\/lesite\/wp-content\/uploads\/2020\/07\/47366335_1995815350531766_1372365389647839232_n-150x212.jpg 150w, http:\/\/www.sdn26-07.org\/lesite\/wp-content\/uploads\/2020\/07\/47366335_1995815350531766_1372365389647839232_n-200x283.jpg 200w, http:\/\/www.sdn26-07.org\/lesite\/wp-content\/uploads\/2020\/07\/47366335_1995815350531766_1372365389647839232_n-300x424.jpg 300w, http:\/\/www.sdn26-07.org\/lesite\/wp-content\/uploads\/2020\/07\/47366335_1995815350531766_1372365389647839232_n-450x636.jpg 450w\" sizes=\"auto, (max-width: 480px) 100vw, 480px\" \/><\/figure><div class=\"wp-block-media-text__content\">\n<h3 class=\"wp-block-heading\"><a href=\"http:\/\/www.sdn26-07.org\/lesite\/nos-actions\/arret-nucleaire\/\">Pourquoi arr\u00eater le nucl\u00e9aire<\/a><\/h3>\n\n\n\n<p>Mettre \u00e0 l&rsquo;arr\u00eat le nucl\u00e9aire est une urgence. Voici pourquoi.<\/p>\n<\/div><\/div>\n\n\n\n<hr class=\"wp-block-separator\"\/>\n\n\n\n<div class=\"wp-block-media-text alignwide is-stacked-on-mobile is-vertically-aligned-center\" style=\"grid-template-columns:26% auto\"><figure class=\"wp-block-media-text__media\"><img loading=\"lazy\" decoding=\"async\" width=\"474\" height=\"315\" src=\"http:\/\/www.sdn26-07.org\/lesite\/wp-content\/uploads\/2018\/04\/th.jpg\" alt=\"\" class=\"wp-image-414\" srcset=\"http:\/\/www.sdn26-07.org\/lesite\/wp-content\/uploads\/2018\/04\/th.jpg 474w, http:\/\/www.sdn26-07.org\/lesite\/wp-content\/uploads\/2018\/04\/th-300x199.jpg 300w, http:\/\/www.sdn26-07.org\/lesite\/wp-content\/uploads\/2018\/04\/th-100x66.jpg 100w, http:\/\/www.sdn26-07.org\/lesite\/wp-content\/uploads\/2018\/04\/th-150x100.jpg 150w, http:\/\/www.sdn26-07.org\/lesite\/wp-content\/uploads\/2018\/04\/th-200x133.jpg 200w, http:\/\/www.sdn26-07.org\/lesite\/wp-content\/uploads\/2018\/04\/th-450x299.jpg 450w\" sizes=\"auto, (max-width: 474px) 100vw, 474px\" \/><\/figure><div class=\"wp-block-media-text__content\">\n<h3 class=\"wp-block-heading\"><a href=\"http:\/\/www.sdn26-07.org\/lesite\/le-nucleaire-en-drome-ardeche\/\">Le nucl\u00e9aire en Dr\u00f4me-Ard\u00e8che<\/a><\/h3>\n\n\n\n<p>\u00c0 Cruas, Tricastin, Romans-sur-Is\u00e8re notamment, l&rsquo;industrie nucl\u00e9aire est tr\u00e8s fortement implant\u00e9e dans nos deux d\u00e9partements. Tour d&rsquo;horizon.<\/p>\n<\/div><\/div>\n\n\n\n<hr class=\"wp-block-separator\"\/>\n\n\n\n<div class=\"wp-block-media-text alignwide is-stacked-on-mobile is-vertically-aligned-center\" style=\"grid-template-columns:26% auto\"><figure class=\"wp-block-media-text__media\"><img loading=\"lazy\" decoding=\"async\" width=\"474\" height=\"315\" src=\"http:\/\/www.sdn26-07.org\/lesite\/wp-content\/uploads\/2018\/04\/th.jpg\" alt=\"\" class=\"wp-image-414\" srcset=\"http:\/\/www.sdn26-07.org\/lesite\/wp-content\/uploads\/2018\/04\/th.jpg 474w, http:\/\/www.sdn26-07.org\/lesite\/wp-content\/uploads\/2018\/04\/th-300x199.jpg 300w, http:\/\/www.sdn26-07.org\/lesite\/wp-content\/uploads\/2018\/04\/th-100x66.jpg 100w, http:\/\/www.sdn26-07.org\/lesite\/wp-content\/uploads\/2018\/04\/th-150x100.jpg 150w, http:\/\/www.sdn26-07.org\/lesite\/wp-content\/uploads\/2018\/04\/th-200x133.jpg 200w, http:\/\/www.sdn26-07.org\/lesite\/wp-content\/uploads\/2018\/04\/th-450x299.jpg 450w\" sizes=\"auto, (max-width: 474px) 100vw, 474px\" \/><\/figure><div class=\"wp-block-media-text__content\">\n<h3 class=\"wp-block-heading\"><a href=\"http:\/\/www.sdn26-07.org\/lesite\/nos-alternatives\/\">Nos alternatives<\/a><\/h3>\n\n\n\n<p>Si nous luttons contre le nucl\u00e9aire et son monde, nous pr\u00f4nons aussi une multitude d&rsquo;alternatives durables et humaines.<\/p>\n<\/div><\/div>\n\n\n\n<hr class=\"wp-block-separator\"\/>\n\n\n\n<p><\/p>\n","protected":false},"excerpt":{"rendered":"<p>Pr\u00e9sentation br\u00e8ve de la rubrique Pourquoi arr\u00eater le nucl\u00e9aire Mettre \u00e0 l&rsquo;arr\u00eat le nucl\u00e9aire est une urgence. Voici pourquoi. Le nucl\u00e9aire en Dr\u00f4me-Ard\u00e8che \u00c0 Cruas, Tricastin, Romans-sur-Is\u00e8re notamment, l&rsquo;industrie nucl\u00e9aire est tr\u00e8s fortement implant\u00e9e dans nos deux d\u00e9partements. Tour d&rsquo;horizon. &hellip;<\/p>\n<p class=\"read-more\"> <a class=\"more-link\" href=\"http:\/\/www.sdn26-07.org\/lesite\/nos-positions\/\"> <span class=\"screen-reader-text\">Nos positions<\/span> Read More &raquo;<\/a><\/p>\n","protected":false},"author":1,"featured_media":0,"parent":0,"menu_order":0,"comment_status":"closed","ping_status":"closed","template":"","meta":{"footnotes":""},"class_list":["post-998","page","type-page","status-publish","hentry"],"_links":{"self":[{"href":"http:\/\/www.sdn26-07.org\/lesite\/wp-json\/wp\/v2\/pages\/998","targetHints":{"allow":["GET"]}}],"collection":[{"href":"http:\/\/www.sdn26-07.org\/lesite\/wp-json\/wp\/v2\/pages"}],"about":[{"href":"http:\/\/www.sdn26-07.org\/lesite\/wp-json\/wp\/v2\/types\/page"}],"author":[{"embeddable":true,"href":"http:\/\/www.sdn26-07.org\/lesite\/wp-json\/wp\/v2\/users\/1"}],"replies":[{"embeddable":true,"href":"http:\/\/www.sdn26-07.org\/lesite\/wp-json\/wp\/v2\/comments?post=998"}],"version-history":[{"count":4,"href":"http:\/\/www.sdn26-07.org\/lesite\/wp-json\/wp\/v2\/pages\/998\/revisions"}],"predecessor-version":[{"id":1055,"href":"http:\/\/www.sdn26-07.org\/lesite\/wp-json\/wp\/v2\/pages\/998\/revisions\/1055"}],"wp:attachment":[{"href":"http:\/\/www.sdn26-07.org\/lesite\/wp-json\/wp\/v2\/media?parent=998"}],"curies":[{"name":"wp","href":"https:\/\/api.w.org\/{rel}","templated":true}]}}