{"id":931,"date":"2020-07-21T18:20:11","date_gmt":"2020-07-21T16:20:11","guid":{"rendered":"http:\/\/www.sdn26-07.org\/lesite\/?page_id=931"},"modified":"2025-04-08T15:59:26","modified_gmt":"2025-04-08T13:59:26","slug":"sinformer","status":"publish","type":"page","link":"http:\/\/www.sdn26-07.org\/lesite\/agir\/sinformer\/","title":{"rendered":"S&rsquo;informer"},"content":{"rendered":"\n<p class=\"has-text-align-center\"><em>Lutter contre le nucl\u00e9aire, c&rsquo;est aussi le conna\u00eetre et s&rsquo;informer. Vous trouverez dans cette rubrique les contenus que nous recommandons.<\/em><\/p>\n\n\n\n<hr class=\"wp-block-separator has-css-opacity\"\/>\n\n\n\n<h1 class=\"wp-block-heading\">\u00c0 lire<\/h1>\n\n\n\n<figure class=\"wp-block-gallery has-nested-images columns-2 is-cropped wp-block-gallery-2 is-layout-flex wp-block-gallery-is-layout-flex\">\n<figure class=\"wp-block-image size-large\"><img loading=\"lazy\" decoding=\"async\" width=\"559\" height=\"800\" data-id=\"2035\" src=\"https:\/\/www.sdn26-07.org\/lesite\/wp-content\/uploads\/2025\/04\/Panique-a-bure.jpg\" alt=\"\" class=\"wp-image-2035\" srcset=\"http:\/\/www.sdn26-07.org\/lesite\/wp-content\/uploads\/2025\/04\/Panique-a-bure.jpg 559w, http:\/\/www.sdn26-07.org\/lesite\/wp-content\/uploads\/2025\/04\/Panique-a-bure-210x300.jpg 210w, http:\/\/www.sdn26-07.org\/lesite\/wp-content\/uploads\/2025\/04\/Panique-a-bure-100x143.jpg 100w, http:\/\/www.sdn26-07.org\/lesite\/wp-content\/uploads\/2025\/04\/Panique-a-bure-150x215.jpg 150w, http:\/\/www.sdn26-07.org\/lesite\/wp-content\/uploads\/2025\/04\/Panique-a-bure-200x286.jpg 200w, http:\/\/www.sdn26-07.org\/lesite\/wp-content\/uploads\/2025\/04\/Panique-a-bure-300x429.jpg 300w, http:\/\/www.sdn26-07.org\/lesite\/wp-content\/uploads\/2025\/04\/Panique-a-bure-450x644.jpg 450w\" sizes=\"auto, (max-width: 559px) 100vw, 559px\" \/><figcaption class=\"wp-element-caption\"><em>\u00ab\u00a0Panique \u00e0 Bure\u00a0\u00bb BD \u00e9crite par l&rsquo;association Eodra et dessin\u00e9e par P\u00e9hel, 2021<\/em><\/figcaption><\/figure>\n\n\n\n<figure class=\"wp-block-image size-large\"><img loading=\"lazy\" decoding=\"async\" width=\"764\" height=\"1000\" data-id=\"1982\" src=\"https:\/\/www.sdn26-07.org\/lesite\/wp-content\/uploads\/2024\/12\/81SeS9oDJEL._UF10001000_QL80_.jpg\" alt=\"\" class=\"wp-image-1982\" srcset=\"http:\/\/www.sdn26-07.org\/lesite\/wp-content\/uploads\/2024\/12\/81SeS9oDJEL._UF10001000_QL80_.jpg 764w, http:\/\/www.sdn26-07.org\/lesite\/wp-content\/uploads\/2024\/12\/81SeS9oDJEL._UF10001000_QL80_-229x300.jpg 229w, http:\/\/www.sdn26-07.org\/lesite\/wp-content\/uploads\/2024\/12\/81SeS9oDJEL._UF10001000_QL80_-100x131.jpg 100w, http:\/\/www.sdn26-07.org\/lesite\/wp-content\/uploads\/2024\/12\/81SeS9oDJEL._UF10001000_QL80_-150x196.jpg 150w, http:\/\/www.sdn26-07.org\/lesite\/wp-content\/uploads\/2024\/12\/81SeS9oDJEL._UF10001000_QL80_-200x262.jpg 200w, http:\/\/www.sdn26-07.org\/lesite\/wp-content\/uploads\/2024\/12\/81SeS9oDJEL._UF10001000_QL80_-300x393.jpg 300w, http:\/\/www.sdn26-07.org\/lesite\/wp-content\/uploads\/2024\/12\/81SeS9oDJEL._UF10001000_QL80_-450x589.jpg 450w, http:\/\/www.sdn26-07.org\/lesite\/wp-content\/uploads\/2024\/12\/81SeS9oDJEL._UF10001000_QL80_-600x785.jpg 600w\" sizes=\"auto, (max-width: 764px) 100vw, 764px\" \/><figcaption class=\"wp-element-caption\"><em>\u00ab\u00a0Cent mille ans\u00a0\u00bb, 2020, Seuil<br>L&rsquo;enqu\u00eate journalistique en BD du scandale des d\u00e9chets nucl\u00e9aires \u00e0 Bure<\/em><\/figcaption><\/figure>\n\n\n\n<figure class=\"wp-block-image size-large is-style-default wp-duotone-unset-1\"><img loading=\"lazy\" decoding=\"async\" width=\"220\" height=\"340\" data-id=\"1841\" src=\"https:\/\/www.sdn26-07.org\/lesite\/wp-content\/uploads\/2023\/09\/Nucleaire-fini_couverture.jpg\" alt=\"\" class=\"wp-image-1841\" srcset=\"http:\/\/www.sdn26-07.org\/lesite\/wp-content\/uploads\/2023\/09\/Nucleaire-fini_couverture.jpg 220w, http:\/\/www.sdn26-07.org\/lesite\/wp-content\/uploads\/2023\/09\/Nucleaire-fini_couverture-194x300.jpg 194w, http:\/\/www.sdn26-07.org\/lesite\/wp-content\/uploads\/2023\/09\/Nucleaire-fini_couverture-100x155.jpg 100w, http:\/\/www.sdn26-07.org\/lesite\/wp-content\/uploads\/2023\/09\/Nucleaire-fini_couverture-150x232.jpg 150w, http:\/\/www.sdn26-07.org\/lesite\/wp-content\/uploads\/2023\/09\/Nucleaire-fini_couverture-200x309.jpg 200w\" sizes=\"auto, (max-width: 220px) 100vw, 220px\" \/><figcaption class=\"wp-element-caption\">\u00ab\u00a0<em><strong>Le nucl\u00e9aire c\u2019est fini\u00a0\u00bb <\/strong>de la Parisienne lib\u00e9r\u00e9e, 2019, La Fabrique<br>Un essai tr\u00e8s convaincant, rafraichissant et qui apporte de nouvelles pierres \u00e0 l\u2019\u00e9difice antinucl\u00e9aire. Les \u00e9l\u00e9ments historiques apport\u00e9s par le livre concernant la lutte contre le nucl\u00e9aire au Pays basque sont, sinon in\u00e9dits, au moins m\u00e9connus.<\/em><\/figcaption><\/figure>\n\n\n\n<figure class=\"wp-block-image size-large\"><img loading=\"lazy\" decoding=\"async\" width=\"600\" height=\"935\" data-id=\"1840\" src=\"https:\/\/www.sdn26-07.org\/lesite\/wp-content\/uploads\/2023\/09\/9782081410985_1_75.jpg\" alt=\"\" class=\"wp-image-1840\" srcset=\"http:\/\/www.sdn26-07.org\/lesite\/wp-content\/uploads\/2023\/09\/9782081410985_1_75.jpg 600w, http:\/\/www.sdn26-07.org\/lesite\/wp-content\/uploads\/2023\/09\/9782081410985_1_75-193x300.jpg 193w, http:\/\/www.sdn26-07.org\/lesite\/wp-content\/uploads\/2023\/09\/9782081410985_1_75-100x156.jpg 100w, http:\/\/www.sdn26-07.org\/lesite\/wp-content\/uploads\/2023\/09\/9782081410985_1_75-150x234.jpg 150w, http:\/\/www.sdn26-07.org\/lesite\/wp-content\/uploads\/2023\/09\/9782081410985_1_75-200x312.jpg 200w, http:\/\/www.sdn26-07.org\/lesite\/wp-content\/uploads\/2023\/09\/9782081410985_1_75-300x468.jpg 300w, http:\/\/www.sdn26-07.org\/lesite\/wp-content\/uploads\/2023\/09\/9782081410985_1_75-450x701.jpg 450w\" sizes=\"auto, (max-width: 600px) 100vw, 600px\" \/><figcaption class=\"wp-element-caption\"><em><strong>\u00ab\u00a0Nucl\u00e9aire danger imm\u00e9diat\u00a0\u00bb<\/strong> de Thierry Gadault et Hugues Demeude, 2018, Flammarion<br>Une enqu\u00eate tr\u00e8s document\u00e9e d\u00e9montrant l&rsquo;impasse industrielle et \u00e9conomique dans laquelle l&rsquo;\u00c9tat fran\u00e7ais se fourvoie.<\/em><\/figcaption><\/figure>\n\n\n\n<figure class=\"wp-block-image size-large\"><img loading=\"lazy\" decoding=\"async\" width=\"669\" height=\"1024\" data-id=\"1959\" src=\"https:\/\/www.sdn26-07.org\/lesite\/wp-content\/uploads\/2024\/10\/Areva-en-Afrique_couverture-669x1024.jpg\" alt=\"\" class=\"wp-image-1959\" srcset=\"http:\/\/www.sdn26-07.org\/lesite\/wp-content\/uploads\/2024\/10\/Areva-en-Afrique_couverture-669x1024.jpg 669w, http:\/\/www.sdn26-07.org\/lesite\/wp-content\/uploads\/2024\/10\/Areva-en-Afrique_couverture-196x300.jpg 196w, http:\/\/www.sdn26-07.org\/lesite\/wp-content\/uploads\/2024\/10\/Areva-en-Afrique_couverture-768x1176.jpg 768w, http:\/\/www.sdn26-07.org\/lesite\/wp-content\/uploads\/2024\/10\/Areva-en-Afrique_couverture-100x153.jpg 100w, http:\/\/www.sdn26-07.org\/lesite\/wp-content\/uploads\/2024\/10\/Areva-en-Afrique_couverture-150x230.jpg 150w, http:\/\/www.sdn26-07.org\/lesite\/wp-content\/uploads\/2024\/10\/Areva-en-Afrique_couverture-200x306.jpg 200w, http:\/\/www.sdn26-07.org\/lesite\/wp-content\/uploads\/2024\/10\/Areva-en-Afrique_couverture-300x459.jpg 300w, http:\/\/www.sdn26-07.org\/lesite\/wp-content\/uploads\/2024\/10\/Areva-en-Afrique_couverture-450x689.jpg 450w, http:\/\/www.sdn26-07.org\/lesite\/wp-content\/uploads\/2024\/10\/Areva-en-Afrique_couverture-600x918.jpg 600w, http:\/\/www.sdn26-07.org\/lesite\/wp-content\/uploads\/2024\/10\/Areva-en-Afrique_couverture.jpg 784w\" sizes=\"auto, (max-width: 669px) 100vw, 669px\" \/><figcaption class=\"wp-element-caption\"><em><strong>\u00ab\u00a0Areva en Afrique\u00a0\u00bb<\/strong> de Rapha\u00ebl Granvaud, 2015, Agone<br>\u00ab\u00a0L\u2019ind\u00e9pendance \u00e9nerg\u00e9tique de la France gr\u00e2ce au nucl\u00e9aire est un mythe : l\u2019uranium qui alimente le nucl\u00e9aire civil et militaire provient pour une large part du sous-sol africain (&#8230;)\u00a0\u00bb (quatri\u00e8me de couverture)<\/em><\/figcaption><\/figure>\n\n\n\n<figure class=\"wp-block-image size-large\"><img loading=\"lazy\" decoding=\"async\" width=\"290\" height=\"425\" data-id=\"1839\" src=\"https:\/\/www.sdn26-07.org\/lesite\/wp-content\/uploads\/2023\/09\/9782021052701_internet_w290.jpg\" alt=\"\" class=\"wp-image-1839\" srcset=\"http:\/\/www.sdn26-07.org\/lesite\/wp-content\/uploads\/2023\/09\/9782021052701_internet_w290.jpg 290w, http:\/\/www.sdn26-07.org\/lesite\/wp-content\/uploads\/2023\/09\/9782021052701_internet_w290-205x300.jpg 205w, http:\/\/www.sdn26-07.org\/lesite\/wp-content\/uploads\/2023\/09\/9782021052701_internet_w290-100x147.jpg 100w, http:\/\/www.sdn26-07.org\/lesite\/wp-content\/uploads\/2023\/09\/9782021052701_internet_w290-150x220.jpg 150w, http:\/\/www.sdn26-07.org\/lesite\/wp-content\/uploads\/2023\/09\/9782021052701_internet_w290-200x293.jpg 200w\" sizes=\"auto, (max-width: 290px) 100vw, 290px\" \/><figcaption class=\"wp-element-caption\"><em><strong>\u00ab\u00a0La France nucl\u00e9aire\u00a0\u00bb<\/strong> de Sezin Top\u00e7u, 2013, Seuil<br>Un classique pour comprendre l&rsquo;histoire du nucl\u00e9aire en France et son pendant, la lutte antinucl\u00e9aire.<\/em><\/figcaption><\/figure>\n<\/figure>\n\n\n\n<hr class=\"wp-block-separator has-alpha-channel-opacity\"\/>\n\n\n\n<h1 class=\"wp-block-heading\">\u00c0 voir<\/h1>\n\n\n\n<figure class=\"wp-block-embed is-type-video is-provider-youtube wp-block-embed-youtube wp-embed-aspect-16-9 wp-has-aspect-ratio\"><div class=\"wp-block-embed__wrapper\">\n<iframe loading=\"lazy\" title=\"Notre Terre Mourra Proprement - Comit\u00e9 Centrales\" width=\"605\" height=\"340\" src=\"https:\/\/www.youtube.com\/embed\/G-dvPRtFGGY?feature=oembed\" frameborder=\"0\" allow=\"accelerometer; autoplay; clipboard-write; encrypted-media; gyroscope; picture-in-picture; web-share\" referrerpolicy=\"strict-origin-when-cross-origin\" allowfullscreen><\/iframe>\n<\/div><figcaption class=\"wp-element-caption\">Documentaire <strong>\u00ab\u00a0Notre terre mourra proprement\u00a0\u00bb<\/strong> du Comit\u00e9 centrales, 2022. On y d\u00e9couvre l&rsquo;histoire de luttes victorieuses contre l&rsquo;industrie nucl\u00e9aire. Un documentaire r\u00e9jouissant !<\/figcaption><\/figure>\n\n\n\n<hr class=\"wp-block-separator has-alpha-channel-opacity\"\/>\n\n\n\n<figure class=\"wp-block-embed is-type-video is-provider-youtube wp-block-embed-youtube wp-embed-aspect-16-9 wp-has-aspect-ratio\"><div class=\"wp-block-embed__wrapper\">\n<iframe loading=\"lazy\" title=\"Plogoff, des pierres contre des fusils. Bande-annonce\" width=\"605\" height=\"340\" src=\"https:\/\/www.youtube.com\/embed\/wc6_V70Vq0M?feature=oembed\" frameborder=\"0\" allow=\"accelerometer; autoplay; clipboard-write; encrypted-media; gyroscope; picture-in-picture; web-share\" referrerpolicy=\"strict-origin-when-cross-origin\" allowfullscreen><\/iframe>\n<\/div><figcaption class=\"wp-element-caption\">Documentaire \u00ab\u00a0<strong>Plogoff, des pierres contre des fusils<\/strong>\u00a0\u00bb de Nicole Le Garrec, 1980 (version restaur\u00e9e en 2019). \u00c0 l&rsquo;aide d&rsquo;images d&rsquo;archives pr\u00e9cieuses, ce documentaire nous replonge dans le quotidien d&rsquo;une lutte en Bretagne, contre le nucl\u00e9aire et le monde \u00ab\u00a0moderne\u00a0\u00bb qui vient avec.<\/figcaption><\/figure>\n\n\n\n<hr class=\"wp-block-separator has-alpha-channel-opacity\"\/>\n\n\n\n<figure class=\"wp-block-embed is-type-video is-provider-youtube wp-block-embed-youtube wp-embed-aspect-16-9 wp-has-aspect-ratio\"><div class=\"wp-block-embed__wrapper\">\n<iframe loading=\"lazy\" title=\"[Film] Invisibles retomb\u00e9es (45 min - VOSTEng)\" width=\"605\" height=\"340\" src=\"https:\/\/www.youtube.com\/embed\/UaH5heMIC_k?feature=oembed\" frameborder=\"0\" allow=\"accelerometer; autoplay; clipboard-write; encrypted-media; gyroscope; picture-in-picture; web-share\" referrerpolicy=\"strict-origin-when-cross-origin\" allowfullscreen><\/iframe>\n<\/div><figcaption class=\"wp-element-caption\"><strong>\u00ab\u00a0Invisibles retomb\u00e9es\u00a0\u00bb<\/strong> de Cris Ubermann, 2019. Le film s\u2019appuie sur les missions conduites par le laboratoire de la CRIIRAD au Japon, pour rendre palpable cette radioactivit\u00e9 invisible et les cons\u00e9quences pour les populations touch\u00e9es par les retomb\u00e9es<\/figcaption><\/figure>\n\n\n\n<hr class=\"wp-block-separator has-alpha-channel-opacity\"\/>\n\n\n\n<figure class=\"wp-block-embed is-type-video is-provider-youtube wp-block-embed-youtube wp-embed-aspect-16-9 wp-has-aspect-ratio\"><div class=\"wp-block-embed__wrapper\">\n<iframe loading=\"lazy\" title=\"Un he\u0301ritage empoisonne\u0301 | DOCS\" width=\"605\" height=\"340\" src=\"https:\/\/www.youtube.com\/embed\/c0UeJXO9xxc?feature=oembed\" frameborder=\"0\" allow=\"accelerometer; autoplay; clipboard-write; encrypted-media; gyroscope; picture-in-picture; web-share\" referrerpolicy=\"strict-origin-when-cross-origin\" allowfullscreen><\/iframe>\n<\/div><figcaption class=\"wp-element-caption\"><strong>\u00ab&nbsp;Un h\u00e9ritage empoisonn\u00e9&nbsp;\u00bb<\/strong> d\u2019Isabelle Masson-Loodts, 2018. Alors qu\u2019un si\u00e8cle a suffi pour faire oublier le danger, pourtant encore r\u00e9el, des rebuts de 14-18, comment croire que notre m\u00e9moire permettra de maintenir la vigilance des g\u00e9n\u00e9rations futures autour des d\u00e9chets nucl\u00e9aires qui resteront dangereux pour plusieurs mill\u00e9naires ? Plus d\u2019infos <a href=\"https:\/\/www.film-documentaire.fr\/4DACTION\/w_fiche_film\/62788\" target=\"_blank\" rel=\"noreferrer noopener\">ic<\/a><em><a href=\"https:\/\/www.film-documentaire.fr\/4DACTION\/w_fiche_film\/62788\" target=\"_blank\" rel=\"noreferrer noopener\">i<\/a>.<\/em><\/figcaption><\/figure>\n\n\n\n<hr class=\"wp-block-separator has-alpha-channel-opacity\"\/>\n\n\n\n<figure class=\"wp-block-embed is-type-video is-provider-youtube wp-block-embed-youtube wp-embed-aspect-16-9 wp-has-aspect-ratio\"><div class=\"wp-block-embed__wrapper\">\n<iframe loading=\"lazy\" title=\"Retour \u00e0 la normale - Bande Annonce #1\" width=\"605\" height=\"340\" src=\"https:\/\/www.youtube.com\/embed\/MOYIPCo4Hr0?feature=oembed\" frameborder=\"0\" allow=\"accelerometer; autoplay; clipboard-write; encrypted-media; gyroscope; picture-in-picture; web-share\" referrerpolicy=\"strict-origin-when-cross-origin\" allowfullscreen><\/iframe>\n<\/div><figcaption class=\"wp-element-caption\">Docu-fiction <strong>\u00ab\u00a0Retour \u00e0 la normale\u00a0\u00bb<\/strong> de Christina Firmino, 2018. Octobre 2021, une succession de d\u00e9faillances dans le r\u00e9acteur d\u2019une centrale conduit au premier accident nucl\u00e9aire fran\u00e7ais. Suite aux retomb\u00e9es radioactives massives, la population est \u00e9vacu\u00e9e et la zone interdite d\u2019acc\u00e8s. Le film adopte le registre de l\u2019anticipation et nous plonge dans un futur o\u00f9 les autorit\u00e9s proposent aux habitants de rentrer chez eux huit mois seulement apr\u00e8s l\u2019accident.<br>En m\u00ealant documentaire et fiction, \u00ab&nbsp;Retour \u00e0 la Normale&nbsp;\u00bb invite scientifiques, journalistes et d\u00e9fenseurs de l\u2019environnement \u00e0 apporter leur \u00e9clairage et nous questionne sur la civilisation que l\u2019\u00e9nergie nucl\u00e9aire&nbsp;est en train de fa\u00e7onner.<\/figcaption><\/figure>\n\n\n\n<hr class=\"wp-block-separator has-alpha-channel-opacity\"\/>\n","protected":false},"excerpt":{"rendered":"<p>Lutter contre le nucl\u00e9aire, c&rsquo;est aussi le conna\u00eetre et s&rsquo;informer. Vous trouverez dans cette rubrique les contenus que nous recommandons. \u00c0 lire \u00c0 voir<\/p>\n","protected":false},"author":1,"featured_media":0,"parent":658,"menu_order":0,"comment_status":"closed","ping_status":"closed","template":"","meta":{"footnotes":""},"class_list":["post-931","page","type-page","status-publish","hentry"],"_links":{"self":[{"href":"http:\/\/www.sdn26-07.org\/lesite\/wp-json\/wp\/v2\/pages\/931","targetHints":{"allow":["GET"]}}],"collection":[{"href":"http:\/\/www.sdn26-07.org\/lesite\/wp-json\/wp\/v2\/pages"}],"about":[{"href":"http:\/\/www.sdn26-07.org\/lesite\/wp-json\/wp\/v2\/types\/page"}],"author":[{"embeddable":true,"href":"http:\/\/www.sdn26-07.org\/lesite\/wp-json\/wp\/v2\/users\/1"}],"replies":[{"embeddable":true,"href":"http:\/\/www.sdn26-07.org\/lesite\/wp-json\/wp\/v2\/comments?post=931"}],"version-history":[{"count":17,"href":"http:\/\/www.sdn26-07.org\/lesite\/wp-json\/wp\/v2\/pages\/931\/revisions"}],"predecessor-version":[{"id":2038,"href":"http:\/\/www.sdn26-07.org\/lesite\/wp-json\/wp\/v2\/pages\/931\/revisions\/2038"}],"up":[{"embeddable":true,"href":"http:\/\/www.sdn26-07.org\/lesite\/wp-json\/wp\/v2\/pages\/658"}],"wp:attachment":[{"href":"http:\/\/www.sdn26-07.org\/lesite\/wp-json\/wp\/v2\/media?parent=931"}],"curies":[{"name":"wp","href":"https:\/\/api.w.org\/{rel}","templated":true}]}}