{"id":901,"date":"2020-07-20T16:09:53","date_gmt":"2020-07-20T14:09:53","guid":{"rendered":"http:\/\/www.sdn26-07.org\/lesite\/?page_id=901"},"modified":"2021-02-10T21:17:22","modified_gmt":"2021-02-10T20:17:22","slug":"devenir-benevole","status":"publish","type":"page","link":"http:\/\/www.sdn26-07.org\/lesite\/agir\/devenir-benevole\/","title":{"rendered":"Devenir b\u00e9n\u00e9vole"},"content":{"rendered":"\n<figure class=\"wp-block-image size-large\"><img loading=\"lazy\" decoding=\"async\" width=\"1024\" height=\"441\" src=\"http:\/\/www.sdn26-07.org\/lesite\/wp-content\/uploads\/2020\/07\/35416030_1736466623133308_7035410649962250240_o-Copie-1024x441.jpg\" alt=\"\" class=\"wp-image-904\" srcset=\"http:\/\/www.sdn26-07.org\/lesite\/wp-content\/uploads\/2020\/07\/35416030_1736466623133308_7035410649962250240_o-Copie-1024x441.jpg 1024w, http:\/\/www.sdn26-07.org\/lesite\/wp-content\/uploads\/2020\/07\/35416030_1736466623133308_7035410649962250240_o-Copie-300x129.jpg 300w, http:\/\/www.sdn26-07.org\/lesite\/wp-content\/uploads\/2020\/07\/35416030_1736466623133308_7035410649962250240_o-Copie-768x331.jpg 768w, http:\/\/www.sdn26-07.org\/lesite\/wp-content\/uploads\/2020\/07\/35416030_1736466623133308_7035410649962250240_o-Copie-1536x662.jpg 1536w, http:\/\/www.sdn26-07.org\/lesite\/wp-content\/uploads\/2020\/07\/35416030_1736466623133308_7035410649962250240_o-Copie-100x43.jpg 100w, http:\/\/www.sdn26-07.org\/lesite\/wp-content\/uploads\/2020\/07\/35416030_1736466623133308_7035410649962250240_o-Copie-150x65.jpg 150w, http:\/\/www.sdn26-07.org\/lesite\/wp-content\/uploads\/2020\/07\/35416030_1736466623133308_7035410649962250240_o-Copie-200x86.jpg 200w, http:\/\/www.sdn26-07.org\/lesite\/wp-content\/uploads\/2020\/07\/35416030_1736466623133308_7035410649962250240_o-Copie-450x194.jpg 450w, http:\/\/www.sdn26-07.org\/lesite\/wp-content\/uploads\/2020\/07\/35416030_1736466623133308_7035410649962250240_o-Copie-600x258.jpg 600w, http:\/\/www.sdn26-07.org\/lesite\/wp-content\/uploads\/2020\/07\/35416030_1736466623133308_7035410649962250240_o-Copie-900x388.jpg 900w, http:\/\/www.sdn26-07.org\/lesite\/wp-content\/uploads\/2020\/07\/35416030_1736466623133308_7035410649962250240_o-Copie.jpg 2048w\" sizes=\"auto, (max-width: 1024px) 100vw, 1024px\" \/><\/figure>\n\n\n\n<hr class=\"wp-block-separator\"\/>\n\n\n\n<h2 class=\"wp-block-heading\">Pourquoi devenir b\u00e9n\u00e9vole ?<\/h2>\n\n\n\n<p>EN CONSTRUCTION<\/p>\n\n\n\n<h2 class=\"wp-block-heading\">Quel sera mon r\u00f4le ?<\/h2>\n\n\n\n<p>EN CONSTRUCTION<\/p>\n\n\n\n<h2 class=\"wp-block-heading\">Comment vous contacter ?<\/h2>\n\n\n\n<p>Rien de plus simple :<\/p>\n\n\n\n<ul class=\"wp-block-list\"><li>par t\u00e9l\u00e9phone : 09.72.35.89.60 ;<\/li><li>par e-mail : <a href=\"mailto:contact@stopnucleaire2607.org\">contact@stopnucleaire2607.org<\/a> ;<\/li><li>par notre <a href=\"https:\/\/www.facebook.com\/stopnucleaire2607.org\/\" target=\"_blank\" rel=\"noreferrer noopener\">page Facebook<\/a>.<\/li><\/ul>\n\n\n\n<p><\/p>\n","protected":false},"excerpt":{"rendered":"<p>Pourquoi devenir b\u00e9n\u00e9vole ? EN CONSTRUCTION Quel sera mon r\u00f4le ? EN CONSTRUCTION Comment vous contacter ? Rien de plus simple : par t\u00e9l\u00e9phone : 09.72.35.89.60 ; par e-mail : contact@stopnucleaire2607.org ; par notre page Facebook.<\/p>\n","protected":false},"author":1,"featured_media":0,"parent":658,"menu_order":0,"comment_status":"closed","ping_status":"closed","template":"","meta":{"footnotes":""},"class_list":["post-901","page","type-page","status-publish","hentry"],"_links":{"self":[{"href":"http:\/\/www.sdn26-07.org\/lesite\/wp-json\/wp\/v2\/pages\/901","targetHints":{"allow":["GET"]}}],"collection":[{"href":"http:\/\/www.sdn26-07.org\/lesite\/wp-json\/wp\/v2\/pages"}],"about":[{"href":"http:\/\/www.sdn26-07.org\/lesite\/wp-json\/wp\/v2\/types\/page"}],"author":[{"embeddable":true,"href":"http:\/\/www.sdn26-07.org\/lesite\/wp-json\/wp\/v2\/users\/1"}],"replies":[{"embeddable":true,"href":"http:\/\/www.sdn26-07.org\/lesite\/wp-json\/wp\/v2\/comments?post=901"}],"version-history":[{"count":6,"href":"http:\/\/www.sdn26-07.org\/lesite\/wp-json\/wp\/v2\/pages\/901\/revisions"}],"predecessor-version":[{"id":1257,"href":"http:\/\/www.sdn26-07.org\/lesite\/wp-json\/wp\/v2\/pages\/901\/revisions\/1257"}],"up":[{"embeddable":true,"href":"http:\/\/www.sdn26-07.org\/lesite\/wp-json\/wp\/v2\/pages\/658"}],"wp:attachment":[{"href":"http:\/\/www.sdn26-07.org\/lesite\/wp-json\/wp\/v2\/media?parent=901"}],"curies":[{"name":"wp","href":"https:\/\/api.w.org\/{rel}","templated":true}]}}