{"id":894,"date":"2020-07-20T15:29:39","date_gmt":"2020-07-20T13:29:39","guid":{"rendered":"http:\/\/www.sdn26-07.org\/lesite\/?page_id=894"},"modified":"2026-03-22T18:47:23","modified_gmt":"2026-03-22T17:47:23","slug":"le-nucleaire-en-drome-ardeche","status":"publish","type":"page","link":"http:\/\/www.sdn26-07.org\/lesite\/nos-positions\/le-nucleaire-en-drome-ardeche\/","title":{"rendered":"Le nucl\u00e9aire en Dr\u00f4me-Ard\u00e8che"},"content":{"rendered":"\n<p class=\"has-text-align-center\"><em>Les d\u00e9partements de Dr\u00f4me et d&rsquo;Ard\u00e8che sont parmi les plus nucl\u00e9aris\u00e9s de France : on retrouve les centrales nucl\u00e9aires du Tricastin et de Cruas, l&rsquo;usine Framatome de fabrication de combustibles \u00e0 Romans ainsi que l&rsquo;usine Orano de Pierrelatte.<\/em><\/p>\n\n\n\n<hr class=\"wp-block-separator has-css-opacity\"\/>\n\n\n\n<p><a href=\"http:\/\/www.sdn26-07.org\/lesite\/tag\/tricastin\/\">Tous nos articles sur Tricastin<\/a>.<\/p>\n\n\n\n<p><a href=\"http:\/\/www.sdn26-07.org\/lesite\/tag\/cruas\/\">Tous nos articles sur Cruas<\/a>.<\/p>\n\n\n\n<p><a href=\"https:\/\/www.sdn26-07.org\/lesite\/tag\/framatome\/\">Tous nos articles sur Framatome Romans-sur-Is\u00e8re.<\/a><\/p>\n","protected":false},"excerpt":{"rendered":"<p>Les d\u00e9partements de Dr\u00f4me et d&rsquo;Ard\u00e8che sont parmi les plus nucl\u00e9aris\u00e9s de France : on retrouve les centrales nucl\u00e9aires du Tricastin et de Cruas, l&rsquo;usine Framatome de fabrication de combustibles \u00e0 Romans ainsi que l&rsquo;usine Orano de Pierrelatte. Tous nos &hellip;<\/p>\n<p class=\"read-more\"> <a class=\"more-link\" href=\"http:\/\/www.sdn26-07.org\/lesite\/nos-positions\/le-nucleaire-en-drome-ardeche\/\"> <span class=\"screen-reader-text\">Le nucl\u00e9aire en Dr\u00f4me-Ard\u00e8che<\/span> Read More &raquo;<\/a><\/p>\n","protected":false},"author":1,"featured_media":0,"parent":998,"menu_order":0,"comment_status":"closed","ping_status":"closed","template":"","meta":{"footnotes":""},"class_list":["post-894","page","type-page","status-publish","hentry"],"_links":{"self":[{"href":"http:\/\/www.sdn26-07.org\/lesite\/wp-json\/wp\/v2\/pages\/894","targetHints":{"allow":["GET"]}}],"collection":[{"href":"http:\/\/www.sdn26-07.org\/lesite\/wp-json\/wp\/v2\/pages"}],"about":[{"href":"http:\/\/www.sdn26-07.org\/lesite\/wp-json\/wp\/v2\/types\/page"}],"author":[{"embeddable":true,"href":"http:\/\/www.sdn26-07.org\/lesite\/wp-json\/wp\/v2\/users\/1"}],"replies":[{"embeddable":true,"href":"http:\/\/www.sdn26-07.org\/lesite\/wp-json\/wp\/v2\/comments?post=894"}],"version-history":[{"count":9,"href":"http:\/\/www.sdn26-07.org\/lesite\/wp-json\/wp\/v2\/pages\/894\/revisions"}],"predecessor-version":[{"id":2149,"href":"http:\/\/www.sdn26-07.org\/lesite\/wp-json\/wp\/v2\/pages\/894\/revisions\/2149"}],"up":[{"embeddable":true,"href":"http:\/\/www.sdn26-07.org\/lesite\/wp-json\/wp\/v2\/pages\/998"}],"wp:attachment":[{"href":"http:\/\/www.sdn26-07.org\/lesite\/wp-json\/wp\/v2\/media?parent=894"}],"curies":[{"name":"wp","href":"https:\/\/api.w.org\/{rel}","templated":true}]}}