{"id":854,"date":"2020-07-18T18:07:27","date_gmt":"2020-07-18T16:07:27","guid":{"rendered":"http:\/\/www.sdn26-07.org\/lesite\/?page_id=854"},"modified":"2021-02-26T20:29:25","modified_gmt":"2021-02-26T19:29:25","slug":"arret-nucleaire","status":"publish","type":"page","link":"http:\/\/www.sdn26-07.org\/lesite\/nos-positions\/arret-nucleaire\/","title":{"rendered":"Pourquoi arr\u00eater le nucl\u00e9aire"},"content":{"rendered":"\n<p class=\"has-text-align-center\"><em>Les enjeux li\u00e9s au nucl\u00e9aire civil et militaire sont si grands qu&rsquo;ils m\u00e9ritent un discours antinucl\u00e9aire clair et offensif.<\/em><\/p>\n\n\n\n<hr class=\"wp-block-separator\"\/>\n\n\n\n<p><em>f\u00e9vrier 2021<\/em><\/p>\n\n\n\n<h2 class=\"wp-block-heading\">Pourquoi lutter contre le nucl\u00e9aire ?<\/h2>\n\n\n<p><strong>Car l\u2019industrie nucl\u00e9aire cr\u00e9e la catastrophe, puis la nie<\/strong> en r\u00e9p\u00e9tant \u00ab\u00a0tout est sous contr\u00f4le\u00a0\u00bb. Les habitant\u00b7e\u00b7s de la r\u00e9gion de Fukushima sont somm\u00e9\u00b7e\u00b7s de rentrer chez eux\u00b7elles sans contrepartie. La France contribue directement \u00e0 cette politique inhumaine l\u00e0-bas et compte bien appliquer cette m\u00eame approche lorsque la catastrophe arrivera ici (projet Ethos).<\/p>\n<p><strong>Car le nucl\u00e9aire n\u2019a que faire de la d\u00e9mocratie.<\/strong> Rappelons-nous que l\u2019\u00c9tat fran\u00e7ais nous a jet\u00e9 dans l\u2019ab\u00eeme du tout-\u00e9lectrique tout-nucl\u00e9aire sans concertation en 1974. Si nous ne l\u2019en emp\u00eachons pas, l\u2019industrie nucl\u00e9aire poursuivra sa fuite en avant en construisant de nouveaux r\u00e9acteurs EPR\u2026<\/p>\n<p><strong>Car le nucl\u00e9aire nuit au vivant<\/strong>, depuis l\u2019extraction d\u2019uranium jusqu\u2019\u00e0 l\u2019enfouissement des d\u00e9chets. Car il nous enferme dans une soci\u00e9t\u00e9 de consommation, le nucl\u00e9aire n\u2019est en aucun cas, en France comme ailleurs, une solution au d\u00e9r\u00e8glement climatique. Il ne r\u00e9sistera d\u2019ailleurs pas \u00e0 ses effets : s\u00e9cheresses, inondations, augmentation des temp\u00e9ratures des cours d\u2019eau\u2026<\/p>\n<p><strong>Car le nucl\u00e9aire est l\u2019incarnation d\u2019un \u00c9tat militaire, policier et colonialiste.<\/strong> L\u2019\u00c9tat fran\u00e7ais a d\u00e9pens\u00e9 environ 4,5 Mds \u20ac en 2019 pour son arme nucl\u00e9aire. Ce budget ira en augmentant, en toute opacit\u00e9, et au m\u00e9pris du trait\u00e9 d\u2019interdiction des armes nucl\u00e9aires, entr\u00e9 en vigueur en janvier 2021. En outre, la lutte antinucl\u00e9aire ne fait pas exception : l\u2019\u00c9tat criminalise syst\u00e9matiquement ses opposant\u00b7e\u00b7s, notamment \u00e0 Bure (Meuse). Enfin, la France pille sans scrupules les ressources du continent africain et en particulier le Niger, sans se pr\u00e9occuper des cons\u00e9quences sanitaires et environnementales, et en r\u00e9p\u00e9tant fi\u00e8rement son argument de l\u2019ind\u00e9pendance \u00e9nerg\u00e9tique.<\/p>\n\n\n<h2 class=\"wp-block-heading\">Nous militons&#8230;<\/h2>\n\n\n<p><strong>Pour un arr\u00eat urgent du nucl\u00e9aire civil et militaire.<\/strong> Ceci est la seule conclusion possible. C\u2019est aussi le pr\u00e9alable \u00e0 tout d\u00e9bat s\u00e9rieux et sinc\u00e8re sur le devenir des d\u00e9chets l\u00e9gu\u00e9s par l\u2019industrie nucl\u00e9aire.<\/p>\n<p><strong>Pour une politique enfin ambitieuse de sobri\u00e9t\u00e9 et d\u2019efficacit\u00e9 \u00e9nerg\u00e9tique.<\/strong> L\u2019urgence climatique et l\u2019effondrement de la biodiversit\u00e9 caus\u00e9s par les activit\u00e9s humaines nous imposent un rapport d\u2019humilit\u00e9 au vivant.<\/p>\n<p><strong>Pour le retour d\u2019une d\u00e9mocratie<\/strong> par et pour les citoyens\u00b7ennes, lib\u00e9r\u00e9e des int\u00e9r\u00eats priv\u00e9s.<\/p>\n<p>Pour l\u2019\u00e9tablissement de <strong>relations franches et apais\u00e9es<\/strong> avec les pays anciennement colonis\u00e9s. L\u2019\u00c9tat fran\u00e7ais doit assumer les cons\u00e9quences des politiques n\u00e9ocoloniales men\u00e9es, notamment en Alg\u00e9rie (essais d\u2019armes nucl\u00e9aires) et au Niger.<\/p>","protected":false},"excerpt":{"rendered":"<p>Les enjeux li\u00e9s au nucl\u00e9aire civil et militaire sont si grands qu&rsquo;ils m\u00e9ritent un discours antinucl\u00e9aire clair et offensif. f\u00e9vrier 2021 Pourquoi lutter contre le nucl\u00e9aire ? Car l\u2019industrie nucl\u00e9aire cr\u00e9e la catastrophe, puis la nie en r\u00e9p\u00e9tant \u00ab\u00a0tout est &hellip;<\/p>\n<p class=\"read-more\"> <a class=\"more-link\" href=\"http:\/\/www.sdn26-07.org\/lesite\/nos-positions\/arret-nucleaire\/\"> <span class=\"screen-reader-text\">Pourquoi arr\u00eater le nucl\u00e9aire<\/span> Read More &raquo;<\/a><\/p>\n","protected":false},"author":1,"featured_media":0,"parent":998,"menu_order":0,"comment_status":"closed","ping_status":"closed","template":"","meta":{"footnotes":""},"class_list":["post-854","page","type-page","status-publish","hentry"],"_links":{"self":[{"href":"http:\/\/www.sdn26-07.org\/lesite\/wp-json\/wp\/v2\/pages\/854","targetHints":{"allow":["GET"]}}],"collection":[{"href":"http:\/\/www.sdn26-07.org\/lesite\/wp-json\/wp\/v2\/pages"}],"about":[{"href":"http:\/\/www.sdn26-07.org\/lesite\/wp-json\/wp\/v2\/types\/page"}],"author":[{"embeddable":true,"href":"http:\/\/www.sdn26-07.org\/lesite\/wp-json\/wp\/v2\/users\/1"}],"replies":[{"embeddable":true,"href":"http:\/\/www.sdn26-07.org\/lesite\/wp-json\/wp\/v2\/comments?post=854"}],"version-history":[{"count":8,"href":"http:\/\/www.sdn26-07.org\/lesite\/wp-json\/wp\/v2\/pages\/854\/revisions"}],"predecessor-version":[{"id":1358,"href":"http:\/\/www.sdn26-07.org\/lesite\/wp-json\/wp\/v2\/pages\/854\/revisions\/1358"}],"up":[{"embeddable":true,"href":"http:\/\/www.sdn26-07.org\/lesite\/wp-json\/wp\/v2\/pages\/998"}],"wp:attachment":[{"href":"http:\/\/www.sdn26-07.org\/lesite\/wp-json\/wp\/v2\/media?parent=854"}],"curies":[{"name":"wp","href":"https:\/\/api.w.org\/{rel}","templated":true}]}}