{"id":753,"date":"2020-07-07T15:53:34","date_gmt":"2020-07-07T13:53:34","guid":{"rendered":"http:\/\/www.sdn26-07.org\/lesite\/?page_id=753"},"modified":"2023-09-11T18:54:24","modified_gmt":"2023-09-11T16:54:24","slug":"soirees-debats","status":"publish","type":"page","link":"http:\/\/www.sdn26-07.org\/lesite\/nos-actions\/soirees-debats\/","title":{"rendered":"Soir\u00e9es-d\u00e9bats"},"content":{"rendered":"\n<p class=\"has-text-align-center\"><em>Arr\u00eat du nucl\u00e9aire 26-07 a le souci d\u2019engager le d\u00e9bat dans la soci\u00e9t\u00e9 sur tous les aspects de l\u2019utilisation du nucl\u00e9aire, qu\u2019il soit civil ou militaire. \u00c0 ce titre, les conf\u00e9rences-d\u00e9bats permettent de proposer un temps et un espace d&rsquo;\u00e9changes et de r\u00e9flexion, afin que les citoyens puissent se r\u00e9approprier ces sujets. Si l&rsquo;\u00c9tat nucl\u00e9aire ne pose pas sinc\u00e8rement les termes du d\u00e9bat, alors faisons-le nous-m\u00eames !<\/em><\/p>\n\n\n\n<hr class=\"wp-block-separator has-css-opacity\"\/>\n\n\n\n<h2 class=\"wp-block-heading\">\u00c0 venir<\/h2>\n\n\n\n<div class=\"em em-view-container\" id=\"em-view-529132485\" data-view=\"list\">\r\n\t<div class=\"em pixelbones em-list em-events-list\" id=\"em-events-list-529132485\" data-view-id=\"529132485\">\r\n\t<table class=\"events-table\" >\r\n    <thead>\r\n        <tr>\r\n\t\t\t<th class=\"event-time\" scope=\"col\">Date \/ Heure<\/th>\r\n\t\t\t<th class=\"event-description\" scope=\"col\">\u00c9v\u00e8nement<\/th>\r\n\t\t<\/tr>\r\n   \t<\/thead>\r\n    <tbody><tr>\r\n\t\t\t<td>\r\n                23\/05\/2026<br\/>\r\n                \r\n            <\/td>\r\n            <td>\r\n                <a href=\"http:\/\/www.sdn26-07.org\/lesite\/events\/40e-anniversaire-de-la-criirad\/\">40e anniversaire de la Criirad<\/a>\r\n                <br\/><i>Mont\u00e9lier <\/i>\r\n            <\/td>\r\n        <\/tr><\/tbody><\/table>\t<\/div>\r\n<\/div>\n\n\n\n<hr class=\"wp-block-separator has-css-opacity\"\/>\n\n\n<ul class=\"wp-block-latest-posts__list has-dates wp-block-latest-posts\"><\/ul>","protected":false},"excerpt":{"rendered":"<p>Arr\u00eat du nucl\u00e9aire 26-07 a le souci d\u2019engager le d\u00e9bat dans la soci\u00e9t\u00e9 sur tous les aspects de l\u2019utilisation du nucl\u00e9aire, qu\u2019il soit civil ou militaire. \u00c0 ce titre, les conf\u00e9rences-d\u00e9bats permettent de proposer un temps et un espace d&rsquo;\u00e9changes &hellip;<\/p>\n<p class=\"read-more\"> <a class=\"more-link\" href=\"http:\/\/www.sdn26-07.org\/lesite\/nos-actions\/soirees-debats\/\"> <span class=\"screen-reader-text\">Soir\u00e9es-d\u00e9bats<\/span> Read More &raquo;<\/a><\/p>\n","protected":false},"author":1,"featured_media":0,"parent":656,"menu_order":0,"comment_status":"closed","ping_status":"closed","template":"","meta":{"footnotes":""},"class_list":["post-753","page","type-page","status-publish","hentry"],"_links":{"self":[{"href":"http:\/\/www.sdn26-07.org\/lesite\/wp-json\/wp\/v2\/pages\/753","targetHints":{"allow":["GET"]}}],"collection":[{"href":"http:\/\/www.sdn26-07.org\/lesite\/wp-json\/wp\/v2\/pages"}],"about":[{"href":"http:\/\/www.sdn26-07.org\/lesite\/wp-json\/wp\/v2\/types\/page"}],"author":[{"embeddable":true,"href":"http:\/\/www.sdn26-07.org\/lesite\/wp-json\/wp\/v2\/users\/1"}],"replies":[{"embeddable":true,"href":"http:\/\/www.sdn26-07.org\/lesite\/wp-json\/wp\/v2\/comments?post=753"}],"version-history":[{"count":19,"href":"http:\/\/www.sdn26-07.org\/lesite\/wp-json\/wp\/v2\/pages\/753\/revisions"}],"predecessor-version":[{"id":1847,"href":"http:\/\/www.sdn26-07.org\/lesite\/wp-json\/wp\/v2\/pages\/753\/revisions\/1847"}],"up":[{"embeddable":true,"href":"http:\/\/www.sdn26-07.org\/lesite\/wp-json\/wp\/v2\/pages\/656"}],"wp:attachment":[{"href":"http:\/\/www.sdn26-07.org\/lesite\/wp-json\/wp\/v2\/media?parent=753"}],"curies":[{"name":"wp","href":"https:\/\/api.w.org\/{rel}","templated":true}]}}