{"id":705,"date":"2020-07-06T15:03:47","date_gmt":"2020-07-06T13:03:47","guid":{"rendered":"http:\/\/www.sdn26-07.org\/lesite\/?page_id=705"},"modified":"2020-11-09T14:49:49","modified_gmt":"2020-11-09T13:49:49","slug":"journal-atomes-crochus","status":"publish","type":"page","link":"http:\/\/www.sdn26-07.org\/lesite\/nos-actions\/journal-atomes-crochus\/","title":{"rendered":"Journal Atomes crochus"},"content":{"rendered":"\n<p class=\"has-text-align-center\"><em>Pr\u00e9sentation du journal Atomes crochus<\/em><\/p>\n\n\n\n<hr class=\"wp-block-separator\"\/>\n\n\n\n<div class=\"wp-block-media-text alignwide is-stacked-on-mobile\" style=\"grid-template-columns:22% auto\"><figure class=\"wp-block-media-text__media\"><img loading=\"lazy\" decoding=\"async\" width=\"697\" height=\"1024\" src=\"http:\/\/www.sdn26-07.org\/lesite\/wp-content\/uploads\/2020\/07\/AC5-couv-697x1024.jpg\" alt=\"\" class=\"wp-image-972\" srcset=\"http:\/\/www.sdn26-07.org\/lesite\/wp-content\/uploads\/2020\/07\/AC5-couv-697x1024.jpg 697w, http:\/\/www.sdn26-07.org\/lesite\/wp-content\/uploads\/2020\/07\/AC5-couv-204x300.jpg 204w, http:\/\/www.sdn26-07.org\/lesite\/wp-content\/uploads\/2020\/07\/AC5-couv-768x1129.jpg 768w, http:\/\/www.sdn26-07.org\/lesite\/wp-content\/uploads\/2020\/07\/AC5-couv-100x147.jpg 100w, http:\/\/www.sdn26-07.org\/lesite\/wp-content\/uploads\/2020\/07\/AC5-couv-150x221.jpg 150w, http:\/\/www.sdn26-07.org\/lesite\/wp-content\/uploads\/2020\/07\/AC5-couv-200x294.jpg 200w, http:\/\/www.sdn26-07.org\/lesite\/wp-content\/uploads\/2020\/07\/AC5-couv-300x441.jpg 300w, http:\/\/www.sdn26-07.org\/lesite\/wp-content\/uploads\/2020\/07\/AC5-couv-450x662.jpg 450w, http:\/\/www.sdn26-07.org\/lesite\/wp-content\/uploads\/2020\/07\/AC5-couv-600x882.jpg 600w, http:\/\/www.sdn26-07.org\/lesite\/wp-content\/uploads\/2020\/07\/AC5-couv.jpg 800w\" sizes=\"auto, (max-width: 697px) 100vw, 697px\" \/><\/figure><div class=\"wp-block-media-text__content\">\n<h2 class=\"wp-block-heading\">Num\u00e9ro 5 \/ jan. 2017<\/h2>\n\n\n\n<p>Le num\u00e9ro 5 (32 pages couleur en format A3) restitue les d\u00e9bats et les r\u00e9flexions des Journ\u00e9es d\u2019\u00e9tudes du collectif Arr\u00eat du nucl\u00e9aire des 3 et 4 septembre 2016 au CUN du Larzac.<\/p>\n\n\n\n<div class=\"wp-block-buttons is-layout-flex wp-block-buttons-is-layout-flex\">\n<div class=\"wp-block-button is-style-fill\"><a class=\"wp-block-button__link\" href=\"http:\/\/www.sdn26-07.org\/lesite\/wp-content\/uploads\/2020\/07\/atomescrochus5.pdf\" style=\"border-radius:5px\" target=\"_blank\" rel=\"noreferrer noopener\">T\u00e9l\u00e9charger<\/a><\/div>\n<\/div>\n<\/div><\/div>\n\n\n\n<hr class=\"wp-block-separator\"\/>\n\n\n\n<div class=\"wp-block-media-text alignwide is-stacked-on-mobile\" style=\"grid-template-columns:22% auto\"><figure class=\"wp-block-media-text__media\"><img loading=\"lazy\" decoding=\"async\" width=\"750\" height=\"1024\" src=\"http:\/\/www.sdn26-07.org\/lesite\/wp-content\/uploads\/2020\/07\/atomescrochus4-couv-750x1024.jpg\" alt=\"\" class=\"wp-image-985\" srcset=\"http:\/\/www.sdn26-07.org\/lesite\/wp-content\/uploads\/2020\/07\/atomescrochus4-couv-750x1024.jpg 750w, http:\/\/www.sdn26-07.org\/lesite\/wp-content\/uploads\/2020\/07\/atomescrochus4-couv-220x300.jpg 220w, http:\/\/www.sdn26-07.org\/lesite\/wp-content\/uploads\/2020\/07\/atomescrochus4-couv-768x1049.jpg 768w, http:\/\/www.sdn26-07.org\/lesite\/wp-content\/uploads\/2020\/07\/atomescrochus4-couv-100x137.jpg 100w, http:\/\/www.sdn26-07.org\/lesite\/wp-content\/uploads\/2020\/07\/atomescrochus4-couv-150x205.jpg 150w, http:\/\/www.sdn26-07.org\/lesite\/wp-content\/uploads\/2020\/07\/atomescrochus4-couv-200x273.jpg 200w, http:\/\/www.sdn26-07.org\/lesite\/wp-content\/uploads\/2020\/07\/atomescrochus4-couv-300x410.jpg 300w, http:\/\/www.sdn26-07.org\/lesite\/wp-content\/uploads\/2020\/07\/atomescrochus4-couv-450x615.jpg 450w, http:\/\/www.sdn26-07.org\/lesite\/wp-content\/uploads\/2020\/07\/atomescrochus4-couv-600x820.jpg 600w, http:\/\/www.sdn26-07.org\/lesite\/wp-content\/uploads\/2020\/07\/atomescrochus4-couv-900x1229.jpg 900w, http:\/\/www.sdn26-07.org\/lesite\/wp-content\/uploads\/2020\/07\/atomescrochus4-couv.jpg 1000w\" sizes=\"auto, (max-width: 750px) 100vw, 750px\" \/><\/figure><div class=\"wp-block-media-text__content\">\n<h2 class=\"wp-block-heading\">Num\u00e9ro 4 \/ jan. 2016<\/h2>\n\n\n\n<p><em><strong>Atomes crochus <\/strong><\/em>a lanc\u00e9 le d\u00e9bat du grand Congr\u00e8s du mouvement antinucl\u00e9aire, organis\u00e9 par le R\u00e9seau \u00ab\u00a0Sortir du nucl\u00e9aire\u00a0\u00bb les 12, 13 et 14 f\u00e9vrier \u00e0 Angers.<\/p>\n\n\n\n<div class=\"wp-block-buttons is-layout-flex wp-block-buttons-is-layout-flex\">\n<div class=\"wp-block-button is-style-fill\"><a class=\"wp-block-button__link\" href=\"http:\/\/www.sdn26-07.org\/lesite\/wp-content\/uploads\/2020\/07\/atomescrochus4.pdf\" style=\"border-radius:5px\" target=\"_blank\" rel=\"noreferrer noopener\">T\u00e9l\u00e9charger<\/a><\/div>\n<\/div>\n<\/div><\/div>\n\n\n\n<hr class=\"wp-block-separator\"\/>\n\n\n\n<div class=\"wp-block-media-text alignwide is-stacked-on-mobile\" style=\"grid-template-columns:22% auto\"><figure class=\"wp-block-media-text__media\"><img loading=\"lazy\" decoding=\"async\" width=\"320\" height=\"453\" src=\"http:\/\/www.sdn26-07.org\/lesite\/wp-content\/uploads\/2020\/07\/atomescrochus-couv3.png\" alt=\"\" class=\"wp-image-975\" srcset=\"http:\/\/www.sdn26-07.org\/lesite\/wp-content\/uploads\/2020\/07\/atomescrochus-couv3.png 320w, http:\/\/www.sdn26-07.org\/lesite\/wp-content\/uploads\/2020\/07\/atomescrochus-couv3-212x300.png 212w, http:\/\/www.sdn26-07.org\/lesite\/wp-content\/uploads\/2020\/07\/atomescrochus-couv3-100x142.png 100w, http:\/\/www.sdn26-07.org\/lesite\/wp-content\/uploads\/2020\/07\/atomescrochus-couv3-150x212.png 150w, http:\/\/www.sdn26-07.org\/lesite\/wp-content\/uploads\/2020\/07\/atomescrochus-couv3-200x283.png 200w, http:\/\/www.sdn26-07.org\/lesite\/wp-content\/uploads\/2020\/07\/atomescrochus-couv3-300x425.png 300w\" sizes=\"auto, (max-width: 320px) 100vw, 320px\" \/><\/figure><div class=\"wp-block-media-text__content\">\n<h2 class=\"wp-block-heading\">Num\u00e9ro 3 \/ oct. 2015<\/h2>\n\n\n\n<p>Le journal <em><strong>Atomes crochus <\/strong><\/em>lance le d\u00e9bat pour le Congr\u00e8s antinucl\u00e9aire des 12, 13 et 14 f\u00e9vrier 2016 \u00e0 Angers. Ce n\u00b0 3 d\u2019Atomes crochus donne des bases pour les discussions sur les enjeux structurels et strat\u00e9giques du Congr\u00e8s et pour r\u00e9fl\u00e9chir ensemble \u00e0 l&rsquo;avenir du R\u00e9seau \u00ab\u00a0sortir du nucl\u00e9aire\u00a0\u00bb.<\/p>\n\n\n\n<div class=\"wp-block-buttons is-layout-flex wp-block-buttons-is-layout-flex\">\n<div class=\"wp-block-button is-style-fill\"><a class=\"wp-block-button__link\" href=\"http:\/\/www.sdn26-07.org\/lesite\/wp-content\/uploads\/2020\/07\/atomescrochus3.pdf\" style=\"border-radius:5px\" target=\"_blank\" rel=\"noreferrer noopener\">T\u00e9l\u00e9charger<\/a><\/div>\n<\/div>\n<\/div><\/div>\n\n\n\n<hr class=\"wp-block-separator\"\/>\n\n\n\n<div class=\"wp-block-media-text alignwide is-stacked-on-mobile\" style=\"grid-template-columns:22% auto\"><figure class=\"wp-block-media-text__media\"><img loading=\"lazy\" decoding=\"async\" width=\"320\" height=\"452\" src=\"http:\/\/www.sdn26-07.org\/lesite\/wp-content\/uploads\/2020\/07\/atomescrochus2-couv.jpg\" alt=\"\" class=\"wp-image-973\" srcset=\"http:\/\/www.sdn26-07.org\/lesite\/wp-content\/uploads\/2020\/07\/atomescrochus2-couv.jpg 320w, http:\/\/www.sdn26-07.org\/lesite\/wp-content\/uploads\/2020\/07\/atomescrochus2-couv-212x300.jpg 212w, http:\/\/www.sdn26-07.org\/lesite\/wp-content\/uploads\/2020\/07\/atomescrochus2-couv-100x141.jpg 100w, http:\/\/www.sdn26-07.org\/lesite\/wp-content\/uploads\/2020\/07\/atomescrochus2-couv-150x212.jpg 150w, http:\/\/www.sdn26-07.org\/lesite\/wp-content\/uploads\/2020\/07\/atomescrochus2-couv-200x283.jpg 200w, http:\/\/www.sdn26-07.org\/lesite\/wp-content\/uploads\/2020\/07\/atomescrochus2-couv-300x424.jpg 300w\" sizes=\"auto, (max-width: 320px) 100vw, 320px\" \/><\/figure><div class=\"wp-block-media-text__content\">\n<h2 class=\"wp-block-heading\">Num\u00e9ro 2 \/ \u00e9t\u00e9 2013<\/h2>\n\n\n\n<p>Le journal <em><strong>Atomes crochus <\/strong><\/em>instruit le proc\u00e8s du nucl\u00e9aire et s&rsquo;inscrit dans le d\u00e9bat sur la transition \u00e9nerg\u00e9tique en consacrant son second num\u00e9ro aux diff\u00e9rents sc\u00e9narios de sortie du nucl\u00e9aire.<\/p>\n\n\n\n<div class=\"wp-block-buttons is-layout-flex wp-block-buttons-is-layout-flex\">\n<div class=\"wp-block-button is-style-fill\"><a class=\"wp-block-button__link\" href=\"http:\/\/www.sdn26-07.org\/lesite\/wp-content\/uploads\/2020\/07\/atomescrochus2.pdf\" style=\"border-radius:5px\" target=\"_blank\" rel=\"noreferrer noopener\">T\u00e9l\u00e9charger<\/a><\/div>\n<\/div>\n<\/div><\/div>\n\n\n\n<hr class=\"wp-block-separator\"\/>\n\n\n\n<div class=\"wp-block-media-text alignwide is-stacked-on-mobile\" style=\"grid-template-columns:22% auto\"><figure class=\"wp-block-media-text__media\"><img loading=\"lazy\" decoding=\"async\" width=\"718\" height=\"1024\" src=\"http:\/\/www.sdn26-07.org\/lesite\/wp-content\/uploads\/2020\/07\/atomescrochus1-couv-718x1024.png\" alt=\"\" class=\"wp-image-984\" srcset=\"http:\/\/www.sdn26-07.org\/lesite\/wp-content\/uploads\/2020\/07\/atomescrochus1-couv-718x1024.png 718w, http:\/\/www.sdn26-07.org\/lesite\/wp-content\/uploads\/2020\/07\/atomescrochus1-couv-210x300.png 210w, http:\/\/www.sdn26-07.org\/lesite\/wp-content\/uploads\/2020\/07\/atomescrochus1-couv-768x1095.png 768w, http:\/\/www.sdn26-07.org\/lesite\/wp-content\/uploads\/2020\/07\/atomescrochus1-couv-100x143.png 100w, http:\/\/www.sdn26-07.org\/lesite\/wp-content\/uploads\/2020\/07\/atomescrochus1-couv-150x214.png 150w, http:\/\/www.sdn26-07.org\/lesite\/wp-content\/uploads\/2020\/07\/atomescrochus1-couv-200x285.png 200w, http:\/\/www.sdn26-07.org\/lesite\/wp-content\/uploads\/2020\/07\/atomescrochus1-couv-300x428.png 300w, http:\/\/www.sdn26-07.org\/lesite\/wp-content\/uploads\/2020\/07\/atomescrochus1-couv-450x642.png 450w, http:\/\/www.sdn26-07.org\/lesite\/wp-content\/uploads\/2020\/07\/atomescrochus1-couv-600x856.png 600w, http:\/\/www.sdn26-07.org\/lesite\/wp-content\/uploads\/2020\/07\/atomescrochus1-couv.png 800w\" sizes=\"auto, (max-width: 718px) 100vw, 718px\" \/><\/figure><div class=\"wp-block-media-text__content\">\n<h2 class=\"wp-block-heading\">Num\u00e9ro 1 \/ nov. 2012<\/h2>\n\n\n\n<p>Num\u00e9ro 1 : argent, pouvoir et nucl\u00e9aire.<\/p>\n\n\n\n<div class=\"wp-block-buttons is-layout-flex wp-block-buttons-is-layout-flex\">\n<div class=\"wp-block-button is-style-fill\"><a class=\"wp-block-button__link\" href=\"http:\/\/www.sdn26-07.org\/lesite\/wp-content\/uploads\/2020\/07\/atomescrochus1.pdf\" style=\"border-radius:5px\" target=\"_blank\" rel=\"noreferrer noopener\">T\u00e9l\u00e9charger<\/a><\/div>\n<\/div>\n<\/div><\/div>\n\n\n\n<hr class=\"wp-block-separator\"\/>\n\n\n\n<p><\/p>\n","protected":false},"excerpt":{"rendered":"<p>Pr\u00e9sentation du journal Atomes crochus<\/p>\n","protected":false},"author":1,"featured_media":0,"parent":656,"menu_order":0,"comment_status":"closed","ping_status":"closed","template":"","meta":{"footnotes":""},"class_list":["post-705","page","type-page","status-publish","hentry"],"_links":{"self":[{"href":"http:\/\/www.sdn26-07.org\/lesite\/wp-json\/wp\/v2\/pages\/705","targetHints":{"allow":["GET"]}}],"collection":[{"href":"http:\/\/www.sdn26-07.org\/lesite\/wp-json\/wp\/v2\/pages"}],"about":[{"href":"http:\/\/www.sdn26-07.org\/lesite\/wp-json\/wp\/v2\/types\/page"}],"author":[{"embeddable":true,"href":"http:\/\/www.sdn26-07.org\/lesite\/wp-json\/wp\/v2\/users\/1"}],"replies":[{"embeddable":true,"href":"http:\/\/www.sdn26-07.org\/lesite\/wp-json\/wp\/v2\/comments?post=705"}],"version-history":[{"count":10,"href":"http:\/\/www.sdn26-07.org\/lesite\/wp-json\/wp\/v2\/pages\/705\/revisions"}],"predecessor-version":[{"id":1070,"href":"http:\/\/www.sdn26-07.org\/lesite\/wp-json\/wp\/v2\/pages\/705\/revisions\/1070"}],"up":[{"embeddable":true,"href":"http:\/\/www.sdn26-07.org\/lesite\/wp-json\/wp\/v2\/pages\/656"}],"wp:attachment":[{"href":"http:\/\/www.sdn26-07.org\/lesite\/wp-json\/wp\/v2\/media?parent=705"}],"curies":[{"name":"wp","href":"https:\/\/api.w.org\/{rel}","templated":true}]}}