{"id":702,"date":"2020-07-06T14:57:23","date_gmt":"2020-07-06T12:57:23","guid":{"rendered":"http:\/\/www.sdn26-07.org\/lesite\/?page_id=702"},"modified":"2021-02-11T10:35:01","modified_gmt":"2021-02-11T09:35:01","slug":"ressources","status":"publish","type":"page","link":"http:\/\/www.sdn26-07.org\/lesite\/ressources\/","title":{"rendered":"Ressources"},"content":{"rendered":"\n<h2 class=\"wp-block-heading\"><a href=\"http:\/\/www.sdn26-07.org\/lesite\/ressources\/mediatheque\/\">M\u00e9diath\u00e8que<\/a><\/h2>\n\n\n\n<p>Toutes nos photos, vid\u00e9os&#8230;<\/p>\n\n\n\n<hr class=\"wp-block-separator\"\/>\n\n\n\n<h2 class=\"wp-block-heading\"><a href=\"http:\/\/www.sdn26-07.org\/lesite\/2020\/07\/29\/communique-de-presse-seisme-au-teil-le-11-novembre-2019\/\">Presse<\/a><\/h2>\n\n\n\n<p>Nos communiqu\u00e9s de presse.<\/p>\n","protected":false},"excerpt":{"rendered":"<p>M\u00e9diath\u00e8que Toutes nos photos, vid\u00e9os&#8230; Presse Nos communiqu\u00e9s de presse.<\/p>\n","protected":false},"author":1,"featured_media":0,"parent":0,"menu_order":0,"comment_status":"closed","ping_status":"closed","template":"","meta":{"footnotes":""},"class_list":["post-702","page","type-page","status-publish","hentry"],"_links":{"self":[{"href":"http:\/\/www.sdn26-07.org\/lesite\/wp-json\/wp\/v2\/pages\/702","targetHints":{"allow":["GET"]}}],"collection":[{"href":"http:\/\/www.sdn26-07.org\/lesite\/wp-json\/wp\/v2\/pages"}],"about":[{"href":"http:\/\/www.sdn26-07.org\/lesite\/wp-json\/wp\/v2\/types\/page"}],"author":[{"embeddable":true,"href":"http:\/\/www.sdn26-07.org\/lesite\/wp-json\/wp\/v2\/users\/1"}],"replies":[{"embeddable":true,"href":"http:\/\/www.sdn26-07.org\/lesite\/wp-json\/wp\/v2\/comments?post=702"}],"version-history":[{"count":3,"href":"http:\/\/www.sdn26-07.org\/lesite\/wp-json\/wp\/v2\/pages\/702\/revisions"}],"predecessor-version":[{"id":1284,"href":"http:\/\/www.sdn26-07.org\/lesite\/wp-json\/wp\/v2\/pages\/702\/revisions\/1284"}],"wp:attachment":[{"href":"http:\/\/www.sdn26-07.org\/lesite\/wp-json\/wp\/v2\/media?parent=702"}],"curies":[{"name":"wp","href":"https:\/\/api.w.org\/{rel}","templated":true}]}}