{"id":658,"date":"2020-07-06T11:20:05","date_gmt":"2020-07-06T09:20:05","guid":{"rendered":"http:\/\/www.sdn26-07.org\/lesite\/?page_id=658"},"modified":"2026-03-23T21:17:19","modified_gmt":"2026-03-23T20:17:19","slug":"agir","status":"publish","type":"page","link":"http:\/\/www.sdn26-07.org\/lesite\/agir\/","title":{"rendered":"Ensemble, agissons !"},"content":{"rendered":"\n<p class=\"has-text-align-center\">Pour continuer \u00e0 s&rsquo;opposer au nucl\u00e9aire et son monde, votre soutien nous est indispensable. Bonne nouvelle : il y a de multiples fa\u00e7ons d&rsquo;agir. Trouvez celle qui vous correspond et ensemble, agissons !<\/p>\n\n\n\n<hr class=\"wp-block-separator has-css-opacity\"\/>\n\n\n\n<div class=\"wp-block-media-text alignwide is-stacked-on-mobile\" style=\"grid-template-columns:35% auto\"><figure class=\"wp-block-media-text__media\"><img loading=\"lazy\" decoding=\"async\" width=\"1024\" height=\"768\" src=\"http:\/\/www.sdn26-07.org\/lesite\/wp-content\/uploads\/2020\/11\/61428363_2252906871489278_8823588681282486272_o-1024x768.jpg\" alt=\"\" class=\"wp-image-1090 size-full\" srcset=\"http:\/\/www.sdn26-07.org\/lesite\/wp-content\/uploads\/2020\/11\/61428363_2252906871489278_8823588681282486272_o-1024x768.jpg 1024w, http:\/\/www.sdn26-07.org\/lesite\/wp-content\/uploads\/2020\/11\/61428363_2252906871489278_8823588681282486272_o-300x225.jpg 300w, http:\/\/www.sdn26-07.org\/lesite\/wp-content\/uploads\/2020\/11\/61428363_2252906871489278_8823588681282486272_o-768x576.jpg 768w, http:\/\/www.sdn26-07.org\/lesite\/wp-content\/uploads\/2020\/11\/61428363_2252906871489278_8823588681282486272_o-1536x1152.jpg 1536w, http:\/\/www.sdn26-07.org\/lesite\/wp-content\/uploads\/2020\/11\/61428363_2252906871489278_8823588681282486272_o-100x75.jpg 100w, http:\/\/www.sdn26-07.org\/lesite\/wp-content\/uploads\/2020\/11\/61428363_2252906871489278_8823588681282486272_o-150x113.jpg 150w, http:\/\/www.sdn26-07.org\/lesite\/wp-content\/uploads\/2020\/11\/61428363_2252906871489278_8823588681282486272_o-200x150.jpg 200w, http:\/\/www.sdn26-07.org\/lesite\/wp-content\/uploads\/2020\/11\/61428363_2252906871489278_8823588681282486272_o-450x338.jpg 450w, http:\/\/www.sdn26-07.org\/lesite\/wp-content\/uploads\/2020\/11\/61428363_2252906871489278_8823588681282486272_o-600x450.jpg 600w, http:\/\/www.sdn26-07.org\/lesite\/wp-content\/uploads\/2020\/11\/61428363_2252906871489278_8823588681282486272_o-900x675.jpg 900w, http:\/\/www.sdn26-07.org\/lesite\/wp-content\/uploads\/2020\/11\/61428363_2252906871489278_8823588681282486272_o.jpg 1944w\" sizes=\"auto, (max-width: 1024px) 100vw, 1024px\" \/><\/figure><div class=\"wp-block-media-text__content\">\n<h3 class=\"wp-block-heading\">Adh\u00e9rer<\/h3>\n\n\n\n<p>Adh\u00e9rer, c&rsquo;est affirmer votre soutien \u00e0 notre association et \u00e0 la lutte antinucl\u00e9aire.<\/p>\n\n\n\n<div class=\"wp-block-buttons is-layout-flex wp-block-buttons-is-layout-flex\">\n<div class=\"wp-block-button is-style-fill\"><a class=\"wp-block-button__link wp-element-button\" href=\"https:\/\/www.helloasso.com\/associations\/sortir-du-nucleaire-26-07\/adhesions\/adhesion\" style=\"border-radius:10px\" target=\"_blank\" rel=\"noreferrer noopener\">Adh\u00e9sion<\/a><\/div>\n<\/div>\n\n\n\n<p><\/p>\n<\/div><\/div>\n\n\n\n<hr class=\"wp-block-separator has-css-opacity\"\/>\n\n\n\n<div class=\"wp-block-media-text alignwide is-stacked-on-mobile\" style=\"grid-template-columns:35% auto\"><figure class=\"wp-block-media-text__media\"><img loading=\"lazy\" decoding=\"async\" width=\"1024\" height=\"576\" src=\"http:\/\/www.sdn26-07.org\/lesite\/wp-content\/uploads\/2020\/07\/35416030_1736466623133308_7035410649962250240_o-1024x576.jpg\" alt=\"\" class=\"wp-image-902 size-full\" srcset=\"http:\/\/www.sdn26-07.org\/lesite\/wp-content\/uploads\/2020\/07\/35416030_1736466623133308_7035410649962250240_o-1024x576.jpg 1024w, http:\/\/www.sdn26-07.org\/lesite\/wp-content\/uploads\/2020\/07\/35416030_1736466623133308_7035410649962250240_o-300x169.jpg 300w, http:\/\/www.sdn26-07.org\/lesite\/wp-content\/uploads\/2020\/07\/35416030_1736466623133308_7035410649962250240_o-768x432.jpg 768w, http:\/\/www.sdn26-07.org\/lesite\/wp-content\/uploads\/2020\/07\/35416030_1736466623133308_7035410649962250240_o-1536x864.jpg 1536w, http:\/\/www.sdn26-07.org\/lesite\/wp-content\/uploads\/2020\/07\/35416030_1736466623133308_7035410649962250240_o-100x56.jpg 100w, http:\/\/www.sdn26-07.org\/lesite\/wp-content\/uploads\/2020\/07\/35416030_1736466623133308_7035410649962250240_o-150x84.jpg 150w, http:\/\/www.sdn26-07.org\/lesite\/wp-content\/uploads\/2020\/07\/35416030_1736466623133308_7035410649962250240_o-200x113.jpg 200w, http:\/\/www.sdn26-07.org\/lesite\/wp-content\/uploads\/2020\/07\/35416030_1736466623133308_7035410649962250240_o-450x253.jpg 450w, http:\/\/www.sdn26-07.org\/lesite\/wp-content\/uploads\/2020\/07\/35416030_1736466623133308_7035410649962250240_o-600x338.jpg 600w, http:\/\/www.sdn26-07.org\/lesite\/wp-content\/uploads\/2020\/07\/35416030_1736466623133308_7035410649962250240_o-900x506.jpg 900w, http:\/\/www.sdn26-07.org\/lesite\/wp-content\/uploads\/2020\/07\/35416030_1736466623133308_7035410649962250240_o.jpg 2048w\" sizes=\"auto, (max-width: 1024px) 100vw, 1024px\" \/><\/figure><div class=\"wp-block-media-text__content\">\n<h3 class=\"wp-block-heading\">Devenir b\u00e9n\u00e9vole<\/h3>\n\n\n\n<p>Vous partagez les valeurs d&rsquo;Arr\u00eat du nucl\u00e9aire 26-07 et souhaitez faire profiter de vos talents la lutte antinucl\u00e9aire ? C&rsquo;est par ici !<\/p>\n\n\n\n<div class=\"wp-block-buttons is-layout-flex wp-block-buttons-is-layout-flex\">\n<div class=\"wp-block-button is-style-fill\"><a class=\"wp-block-button__link wp-element-button\" href=\"http:\/\/www.sdn26-07.org\/lesite\/devenir-benevole\/\" style=\"border-radius:10px\">En savoir plus<\/a><\/div>\n<\/div>\n\n\n\n<p><\/p>\n<\/div><\/div>\n\n\n\n<hr class=\"wp-block-separator has-css-opacity\"\/>\n\n\n\n<div class=\"wp-block-media-text alignwide is-stacked-on-mobile\" style=\"grid-template-columns:35% auto\"><figure class=\"wp-block-media-text__media\"><img loading=\"lazy\" decoding=\"async\" width=\"960\" height=\"720\" src=\"http:\/\/www.sdn26-07.org\/lesite\/wp-content\/uploads\/2020\/11\/117388922_3214585561988066_8367143191723053501_n.jpg\" alt=\"\" class=\"wp-image-1087 size-full\" srcset=\"http:\/\/www.sdn26-07.org\/lesite\/wp-content\/uploads\/2020\/11\/117388922_3214585561988066_8367143191723053501_n.jpg 960w, http:\/\/www.sdn26-07.org\/lesite\/wp-content\/uploads\/2020\/11\/117388922_3214585561988066_8367143191723053501_n-300x225.jpg 300w, http:\/\/www.sdn26-07.org\/lesite\/wp-content\/uploads\/2020\/11\/117388922_3214585561988066_8367143191723053501_n-768x576.jpg 768w, http:\/\/www.sdn26-07.org\/lesite\/wp-content\/uploads\/2020\/11\/117388922_3214585561988066_8367143191723053501_n-100x75.jpg 100w, http:\/\/www.sdn26-07.org\/lesite\/wp-content\/uploads\/2020\/11\/117388922_3214585561988066_8367143191723053501_n-150x113.jpg 150w, http:\/\/www.sdn26-07.org\/lesite\/wp-content\/uploads\/2020\/11\/117388922_3214585561988066_8367143191723053501_n-200x150.jpg 200w, http:\/\/www.sdn26-07.org\/lesite\/wp-content\/uploads\/2020\/11\/117388922_3214585561988066_8367143191723053501_n-450x338.jpg 450w, http:\/\/www.sdn26-07.org\/lesite\/wp-content\/uploads\/2020\/11\/117388922_3214585561988066_8367143191723053501_n-600x450.jpg 600w, http:\/\/www.sdn26-07.org\/lesite\/wp-content\/uploads\/2020\/11\/117388922_3214585561988066_8367143191723053501_n-900x675.jpg 900w\" sizes=\"auto, (max-width: 960px) 100vw, 960px\" \/><\/figure><div class=\"wp-block-media-text__content\">\n<h3 class=\"wp-block-heading\">Soutenir financi\u00e8rement<\/h3>\n\n\n\n<p>Si notre association est \u00e0 but non lucratif, votre soutien financier garantit notre ind\u00e9pendance.<\/p>\n\n\n\n<div class=\"wp-block-buttons is-layout-flex wp-block-buttons-is-layout-flex\">\n<div class=\"wp-block-button is-style-fill\"><a class=\"wp-block-button__link wp-element-button\" href=\"https:\/\/www.helloasso.com\/associations\/sortir-du-nucleaire-26-07\/adhesions\/adhesion\" style=\"border-radius:10px\" target=\"_blank\" rel=\"noreferrer noopener\">Faire un don<\/a><\/div>\n<\/div>\n\n\n\n<p><\/p>\n<\/div><\/div>\n\n\n\n<hr class=\"wp-block-separator has-css-opacity\"\/>\n\n\n\n<div class=\"wp-block-media-text alignwide is-stacked-on-mobile\" style=\"grid-template-columns:35% auto\"><figure class=\"wp-block-media-text__media\"><img loading=\"lazy\" decoding=\"async\" width=\"700\" height=\"474\" src=\"http:\/\/www.sdn26-07.org\/lesite\/wp-content\/uploads\/2020\/11\/37708530_1792954544151182_5591738572588711936_n.jpg\" alt=\"\" class=\"wp-image-1091 size-full\" srcset=\"http:\/\/www.sdn26-07.org\/lesite\/wp-content\/uploads\/2020\/11\/37708530_1792954544151182_5591738572588711936_n.jpg 700w, http:\/\/www.sdn26-07.org\/lesite\/wp-content\/uploads\/2020\/11\/37708530_1792954544151182_5591738572588711936_n-300x203.jpg 300w, http:\/\/www.sdn26-07.org\/lesite\/wp-content\/uploads\/2020\/11\/37708530_1792954544151182_5591738572588711936_n-100x68.jpg 100w, http:\/\/www.sdn26-07.org\/lesite\/wp-content\/uploads\/2020\/11\/37708530_1792954544151182_5591738572588711936_n-150x102.jpg 150w, http:\/\/www.sdn26-07.org\/lesite\/wp-content\/uploads\/2020\/11\/37708530_1792954544151182_5591738572588711936_n-200x135.jpg 200w, http:\/\/www.sdn26-07.org\/lesite\/wp-content\/uploads\/2020\/11\/37708530_1792954544151182_5591738572588711936_n-450x305.jpg 450w, http:\/\/www.sdn26-07.org\/lesite\/wp-content\/uploads\/2020\/11\/37708530_1792954544151182_5591738572588711936_n-600x406.jpg 600w\" sizes=\"auto, (max-width: 700px) 100vw, 700px\" \/><\/figure><div class=\"wp-block-media-text__content\">\n<h3 class=\"wp-block-heading\">S&rsquo;informer<\/h3>\n\n\n\n<p>Lutter contre le nucl\u00e9aire, c\u2019est aussi le conna\u00eetre et s\u2019informer. Vous trouverez dans cette rubrique les contenus que nous recommandons.<\/p>\n\n\n\n<div class=\"wp-block-buttons is-layout-flex wp-block-buttons-is-layout-flex\">\n<div class=\"wp-block-button is-style-fill\"><a class=\"wp-block-button__link wp-element-button\" href=\"http:\/\/www.sdn26-07.org\/lesite\/sinformer\/\" style=\"border-radius:10px\">En savoir plus<\/a><\/div>\n<\/div>\n\n\n\n<p><\/p>\n<\/div><\/div>\n\n\n\n<hr class=\"wp-block-separator has-css-opacity\"\/>\n","protected":false},"excerpt":{"rendered":"<p>Pour continuer \u00e0 s&rsquo;opposer au nucl\u00e9aire et son monde, votre soutien nous est indispensable. Bonne nouvelle : il y a de multiples fa\u00e7ons d&rsquo;agir. Trouvez celle qui vous correspond et ensemble, agissons !<\/p>\n","protected":false},"author":1,"featured_media":0,"parent":0,"menu_order":0,"comment_status":"closed","ping_status":"closed","template":"","meta":{"footnotes":""},"class_list":["post-658","page","type-page","status-publish","hentry"],"_links":{"self":[{"href":"http:\/\/www.sdn26-07.org\/lesite\/wp-json\/wp\/v2\/pages\/658","targetHints":{"allow":["GET"]}}],"collection":[{"href":"http:\/\/www.sdn26-07.org\/lesite\/wp-json\/wp\/v2\/pages"}],"about":[{"href":"http:\/\/www.sdn26-07.org\/lesite\/wp-json\/wp\/v2\/types\/page"}],"author":[{"embeddable":true,"href":"http:\/\/www.sdn26-07.org\/lesite\/wp-json\/wp\/v2\/users\/1"}],"replies":[{"embeddable":true,"href":"http:\/\/www.sdn26-07.org\/lesite\/wp-json\/wp\/v2\/comments?post=658"}],"version-history":[{"count":25,"href":"http:\/\/www.sdn26-07.org\/lesite\/wp-json\/wp\/v2\/pages\/658\/revisions"}],"predecessor-version":[{"id":2153,"href":"http:\/\/www.sdn26-07.org\/lesite\/wp-json\/wp\/v2\/pages\/658\/revisions\/2153"}],"wp:attachment":[{"href":"http:\/\/www.sdn26-07.org\/lesite\/wp-json\/wp\/v2\/media?parent=658"}],"curies":[{"name":"wp","href":"https:\/\/api.w.org\/{rel}","templated":true}]}}