{"id":651,"date":"2020-07-06T11:17:21","date_gmt":"2020-07-06T09:17:21","guid":{"rendered":"http:\/\/www.sdn26-07.org\/lesite\/?page_id=651"},"modified":"2021-02-10T21:18:55","modified_gmt":"2021-02-10T20:18:55","slug":"lassociation","status":"publish","type":"page","link":"http:\/\/www.sdn26-07.org\/lesite\/lassociation\/","title":{"rendered":"L&rsquo;association"},"content":{"rendered":"\n<p class=\"has-text-align-center\"><em>Vous saurez tout sur notre association !<\/em><\/p>\n\n\n\n<hr class=\"wp-block-separator\"\/>\n\n\n\n<div class=\"wp-block-media-text alignwide is-stacked-on-mobile\" style=\"grid-template-columns:19% auto\"><figure class=\"wp-block-media-text__media\"><img loading=\"lazy\" decoding=\"async\" width=\"180\" height=\"180\" src=\"http:\/\/www.sdn26-07.org\/lesite\/wp-content\/uploads\/2017\/06\/logo_Stop_nucleaire_26-07.png\" alt=\"\" class=\"wp-image-57 size-full\" srcset=\"http:\/\/www.sdn26-07.org\/lesite\/wp-content\/uploads\/2017\/06\/logo_Stop_nucleaire_26-07.png 180w, http:\/\/www.sdn26-07.org\/lesite\/wp-content\/uploads\/2017\/06\/logo_Stop_nucleaire_26-07-150x150.png 150w, http:\/\/www.sdn26-07.org\/lesite\/wp-content\/uploads\/2017\/06\/logo_Stop_nucleaire_26-07-100x100.png 100w\" sizes=\"auto, (max-width: 180px) 100vw, 180px\" \/><\/figure><div class=\"wp-block-media-text__content\">\n<h3 class=\"wp-block-heading\"><a href=\"http:\/\/www.sdn26-07.org\/lesite\/lassociation\/stop-nucleaire-26-07\/\">STOP Nucl\u00e9aire 26-07<\/a><\/h3>\n\n\n\n<p>Pour en savoir plus sur notre association agissant \u00e0 tous les niveaux pour l&rsquo;arr\u00eat du nucl\u00e9aire civil et militaire.<\/p>\n<\/div><\/div>\n\n\n\n<hr class=\"wp-block-separator\"\/>\n\n\n\n<div class=\"wp-block-media-text alignwide is-stacked-on-mobile\" style=\"grid-template-columns:19% auto\"><figure class=\"wp-block-media-text__media\"><img loading=\"lazy\" decoding=\"async\" width=\"800\" height=\"393\" src=\"http:\/\/www.sdn26-07.org\/lesite\/wp-content\/uploads\/2020\/07\/logo-adn-anime.gif\" alt=\"Collectif ADN\" class=\"wp-image-551 size-full\"\/><\/figure><div class=\"wp-block-media-text__content\">\n<h3 class=\"wp-block-heading\"><a href=\"http:\/\/www.sdn26-07.org\/lesite\/lassociation\/adn\/\">Collectif ADN<\/a><\/h3>\n\n\n\n<p>Le collectif Arr\u00eat du nucl\u00e9aire rassemble des groupes locaux et coordinations r\u00e9gionales qui agissent pour l\u2019arr\u00eat (imm\u00e9diat ou dans les plus brefs d\u00e9lais) du nucl\u00e9aire civil et pour l\u2019abolition des armes nucl\u00e9aires.<\/p>\n<\/div><\/div>\n\n\n\n<hr class=\"wp-block-separator\"\/>\n\n\n\n<div class=\"wp-block-media-text alignwide is-stacked-on-mobile\" style=\"grid-template-columns:19% auto\"><figure class=\"wp-block-media-text__media\"><img loading=\"lazy\" decoding=\"async\" width=\"1024\" height=\"768\" src=\"http:\/\/www.sdn26-07.org\/lesite\/wp-content\/uploads\/2020\/08\/71251764_2468002203313076_611568558010269696_o-1024x768.jpg\" alt=\"\" class=\"wp-image-1011 size-full\" srcset=\"http:\/\/www.sdn26-07.org\/lesite\/wp-content\/uploads\/2020\/08\/71251764_2468002203313076_611568558010269696_o-1024x768.jpg 1024w, http:\/\/www.sdn26-07.org\/lesite\/wp-content\/uploads\/2020\/08\/71251764_2468002203313076_611568558010269696_o-300x225.jpg 300w, http:\/\/www.sdn26-07.org\/lesite\/wp-content\/uploads\/2020\/08\/71251764_2468002203313076_611568558010269696_o-768x576.jpg 768w, http:\/\/www.sdn26-07.org\/lesite\/wp-content\/uploads\/2020\/08\/71251764_2468002203313076_611568558010269696_o-1536x1152.jpg 1536w, http:\/\/www.sdn26-07.org\/lesite\/wp-content\/uploads\/2020\/08\/71251764_2468002203313076_611568558010269696_o-100x75.jpg 100w, http:\/\/www.sdn26-07.org\/lesite\/wp-content\/uploads\/2020\/08\/71251764_2468002203313076_611568558010269696_o-150x113.jpg 150w, http:\/\/www.sdn26-07.org\/lesite\/wp-content\/uploads\/2020\/08\/71251764_2468002203313076_611568558010269696_o-200x150.jpg 200w, http:\/\/www.sdn26-07.org\/lesite\/wp-content\/uploads\/2020\/08\/71251764_2468002203313076_611568558010269696_o-450x338.jpg 450w, http:\/\/www.sdn26-07.org\/lesite\/wp-content\/uploads\/2020\/08\/71251764_2468002203313076_611568558010269696_o-600x450.jpg 600w, http:\/\/www.sdn26-07.org\/lesite\/wp-content\/uploads\/2020\/08\/71251764_2468002203313076_611568558010269696_o-900x675.jpg 900w, http:\/\/www.sdn26-07.org\/lesite\/wp-content\/uploads\/2020\/08\/71251764_2468002203313076_611568558010269696_o.jpg 2016w\" sizes=\"auto, (max-width: 1024px) 100vw, 1024px\" \/><\/figure><div class=\"wp-block-media-text__content\">\n<h3 class=\"wp-block-heading\"><a href=\"http:\/\/www.sdn26-07.org\/lesite\/lassociation\/nos-amis\/\">Nos ami\u00b7e\u00b7s<\/a><\/h3>\n\n\n\n<p>La lutte contre le nucl\u00e9aire et son monde \u00e9tant une lutte collective, voici quelques unes des associations, ONG et collectifs engag\u00e9s \u00e0 nos c\u00f4t\u00e9s.<\/p>\n<\/div><\/div>\n\n\n\n<hr class=\"wp-block-separator\"\/>\n\n\n\n<p><\/p>\n","protected":false},"excerpt":{"rendered":"<p>Vous saurez tout sur notre association ! STOP Nucl\u00e9aire 26-07 Pour en savoir plus sur notre association agissant \u00e0 tous les niveaux pour l&rsquo;arr\u00eat du nucl\u00e9aire civil et militaire. Collectif ADN Le collectif Arr\u00eat du nucl\u00e9aire rassemble des groupes locaux &hellip;<\/p>\n<p class=\"read-more\"> <a class=\"more-link\" href=\"http:\/\/www.sdn26-07.org\/lesite\/lassociation\/\"> <span class=\"screen-reader-text\">L&rsquo;association<\/span> Read More &raquo;<\/a><\/p>\n","protected":false},"author":1,"featured_media":0,"parent":0,"menu_order":0,"comment_status":"closed","ping_status":"closed","template":"","meta":{"footnotes":""},"class_list":["post-651","page","type-page","status-publish","hentry"],"_links":{"self":[{"href":"http:\/\/www.sdn26-07.org\/lesite\/wp-json\/wp\/v2\/pages\/651","targetHints":{"allow":["GET"]}}],"collection":[{"href":"http:\/\/www.sdn26-07.org\/lesite\/wp-json\/wp\/v2\/pages"}],"about":[{"href":"http:\/\/www.sdn26-07.org\/lesite\/wp-json\/wp\/v2\/types\/page"}],"author":[{"embeddable":true,"href":"http:\/\/www.sdn26-07.org\/lesite\/wp-json\/wp\/v2\/users\/1"}],"replies":[{"embeddable":true,"href":"http:\/\/www.sdn26-07.org\/lesite\/wp-json\/wp\/v2\/comments?post=651"}],"version-history":[{"count":7,"href":"http:\/\/www.sdn26-07.org\/lesite\/wp-json\/wp\/v2\/pages\/651\/revisions"}],"predecessor-version":[{"id":1259,"href":"http:\/\/www.sdn26-07.org\/lesite\/wp-json\/wp\/v2\/pages\/651\/revisions\/1259"}],"wp:attachment":[{"href":"http:\/\/www.sdn26-07.org\/lesite\/wp-json\/wp\/v2\/media?parent=651"}],"curies":[{"name":"wp","href":"https:\/\/api.w.org\/{rel}","templated":true}]}}