{"id":516,"date":"2020-07-02T11:59:46","date_gmt":"2020-07-02T09:59:46","guid":{"rendered":"http:\/\/www.sdn26-07.org\/lesite\/?page_id=516"},"modified":"2020-07-02T13:16:58","modified_gmt":"2020-07-02T11:16:58","slug":"newsletter","status":"publish","type":"page","link":"http:\/\/www.sdn26-07.org\/lesite\/newsletter\/","title":{"rendered":"Newsletter (\u00e0 construire)"},"content":{"rendered":"\n<p>Pour vous abonner \u00e0 une ou plusieurs lettres d&rsquo;information de STOP Nucl\u00e9aire 26-07, merci de bien vouloir entrer votre e-mail et de cocher la ou les cases en vis-\u00e0-vis des lettres que vous souhaitez recevoir :<\/p>\n\n\n\n<p>Je souhaite recevoir :<\/p>\n\n\n\n<p><strong>la lettre \u00ab\u00a0actions\u00a0\u00bb<\/strong>, pour ceux qui souhaitent agir avec SDN &#8211; cette lettre revient plus fr\u00e9quemment, les actions devant quelquefois \u00eatre organis\u00e9es un peu vite ou rappel\u00e9es.<\/p>\n\n\n\n<p><strong>la lettre \u00e9v\u00e8nements locaux<\/strong>, compilation des \u00e9v\u00e8nements (foires, festivals, actions locales, initiatives&#8230;) auquels il a \u00e9t\u00e9 propos\u00e9 \u00e0 SDN 26-07 de participer, donc sur des sujets en lien direct avec l&rsquo;antinucl\u00e9arisme.<\/p>\n\n\n\n<p><strong>la lettre mensuelle<\/strong>, soit le minimum de ce qu&rsquo;on doit savoir sur SDN 26-07 et SDN sud 07 pour suivre les actions.<\/p>\n\n\n\n<p><strong>la lettre d&rsquo;informations g\u00e9n\u00e9rales relatives au nucl\u00e9aire<\/strong>, une revue de presse, de d\u00e9cisions, de d\u00e9clarations ou d&rsquo;informations fran\u00e7aises et mondiales, sous forme de liens essentiellement.<\/p>\n\n\n\n<p><strong>la lettre incidents\/accidents<\/strong>, pour \u00eatre au courant des probl\u00e8mes mineurs ou majeurs de l&rsquo;industrie du nucl\u00e9aire.<\/p>\n\n\n\n<p><\/p>\n","protected":false},"excerpt":{"rendered":"<p>Pour vous abonner \u00e0 une ou plusieurs lettres d&rsquo;information de STOP Nucl\u00e9aire 26-07, merci de bien vouloir entrer votre e-mail et de cocher la ou les cases en vis-\u00e0-vis des lettres que vous souhaitez recevoir : Je souhaite recevoir : &hellip;<\/p>\n<p class=\"read-more\"> <a class=\"more-link\" href=\"http:\/\/www.sdn26-07.org\/lesite\/newsletter\/\"> <span class=\"screen-reader-text\">Newsletter (\u00e0 construire)<\/span> Read More &raquo;<\/a><\/p>\n","protected":false},"author":1,"featured_media":0,"parent":0,"menu_order":0,"comment_status":"closed","ping_status":"closed","template":"","meta":{"footnotes":""},"class_list":["post-516","page","type-page","status-publish","hentry"],"_links":{"self":[{"href":"http:\/\/www.sdn26-07.org\/lesite\/wp-json\/wp\/v2\/pages\/516","targetHints":{"allow":["GET"]}}],"collection":[{"href":"http:\/\/www.sdn26-07.org\/lesite\/wp-json\/wp\/v2\/pages"}],"about":[{"href":"http:\/\/www.sdn26-07.org\/lesite\/wp-json\/wp\/v2\/types\/page"}],"author":[{"embeddable":true,"href":"http:\/\/www.sdn26-07.org\/lesite\/wp-json\/wp\/v2\/users\/1"}],"replies":[{"embeddable":true,"href":"http:\/\/www.sdn26-07.org\/lesite\/wp-json\/wp\/v2\/comments?post=516"}],"version-history":[{"count":3,"href":"http:\/\/www.sdn26-07.org\/lesite\/wp-json\/wp\/v2\/pages\/516\/revisions"}],"predecessor-version":[{"id":876,"href":"http:\/\/www.sdn26-07.org\/lesite\/wp-json\/wp\/v2\/pages\/516\/revisions\/876"}],"wp:attachment":[{"href":"http:\/\/www.sdn26-07.org\/lesite\/wp-json\/wp\/v2\/media?parent=516"}],"curies":[{"name":"wp","href":"https:\/\/api.w.org\/{rel}","templated":true}]}}