{"id":492,"date":"2020-07-01T16:54:30","date_gmt":"2020-07-01T14:54:30","guid":{"rendered":"http:\/\/www.sdn26-07.org\/lesite\/?page_id=492"},"modified":"2024-04-24T08:56:23","modified_gmt":"2024-04-24T06:56:23","slug":"accueil-2","status":"publish","type":"page","link":"http:\/\/www.sdn26-07.org\/lesite\/","title":{"rendered":"Accueil"},"content":{"rendered":"\n<p>Arr\u00eat du nucl\u00e9aire Dr\u00f4me-Ard\u00e8che est une association \u00e0 but non lucratif, et est membre du collectif national <a href=\"http:\/\/www.sdn26-07.org\/lesite\/lassociation\/adn\/\">Arr\u00eat du nucl\u00e9aire<\/a>. Nos objectifs sont les suivants :<\/p>\n\n\n\n<ul class=\"wp-block-list\">\n<li>F\u00e9d\u00e9rer localement les Dr\u00f4mois\u00b7es et Ard\u00e9chois\u00b7es qui veulent l\u2019arr\u00eat du nucl\u00e9aire<\/li>\n\n\n\n<li>Organiser des actions aupr\u00e8s des populations pour l\u2019arr\u00eat du nucl\u00e9aire<\/li>\n\n\n\n<li>Informer sur les alternatives \u00e9nerg\u00e9tiques et sur les dangers de la fili\u00e8re nucl\u00e9aire<\/li>\n\n\n\n<li>Participer aux CLI, aux r\u00e9unions d\u2019information, rencontrer les Maires, Pr\u00e9fets, SDIS, et toutes personnes impliqu\u00e9es dans la gestion de risques majeurs.<\/li>\n\n\n\n<li>Soutenir les luttes des travailleurs\u00b7euses du nucl\u00e9aire contre les privatisations, l\u2019externalisation et la sous-traitance des emplois.<\/li>\n<\/ul>\n\n\n\n<div class=\"wp-block-group\"><div class=\"wp-block-group__inner-container is-layout-flow wp-block-group-is-layout-flow\">\n<div class=\"wp-block-group\"><div class=\"wp-block-group__inner-container is-layout-flow wp-block-group-is-layout-flow\">\n<div class=\"wp-block-group\"><div class=\"wp-block-group__inner-container is-layout-flow wp-block-group-is-layout-flow\">\n<hr class=\"wp-block-separator has-css-opacity\"\/>\n<\/div><\/div>\n<\/div><\/div>\n<\/div><\/div>\n\n\n\n<h2 class=\"wp-block-heading\">\u00c0 la une<\/h2>\n\n\n<ul class=\"wp-block-latest-posts__list has-dates wp-block-latest-posts\"><li><a class=\"wp-block-latest-posts__post-title\" href=\"http:\/\/www.sdn26-07.org\/lesite\/2026\/03\/23\/la-justice-autorise-lexpulsion-de-la-gare-de-lumeville\/\">La justice autorise l&rsquo;expulsion de la gare de Lum\u00e9ville<\/a><time datetime=\"2026-03-23T19:59:23+01:00\" class=\"wp-block-latest-posts__post-date\">23 mars 2026<\/time><div class=\"wp-block-latest-posts__post-excerpt\">Dans le cadre du projet d&rsquo;enfouissement de d\u00e9chets Cig\u00e9o (tous nos articles sur Cig\u00e9o ici), la justice a autoris\u00e9 aujourd&rsquo;hui l&rsquo;expulsion des occupant\u00b7es de la gare de Lum\u00e9ville-en-Ornois. Les personnes sur place \u00ab\u00a0[appellent] donc touste celleux qui le souhaiteraient \u00e0 venir d\u00e8s maintenant pour soutenir l\u2019occupation de la Gare et &hellip;<p class=\"read-more\"> <a class=\"more-link\" href=\"http:\/\/www.sdn26-07.org\/lesite\/2026\/03\/23\/la-justice-autorise-lexpulsion-de-la-gare-de-lumeville\/\"> <span class=\"screen-reader-text\">La justice autorise l&rsquo;expulsion de la gare de Lum\u00e9ville<\/span> Read More &raquo;<\/a><\/p><\/div><\/li>\n<li><div class=\"wp-block-latest-posts__featured-image alignleft\"><img loading=\"lazy\" decoding=\"async\" width=\"150\" height=\"150\" src=\"http:\/\/www.sdn26-07.org\/lesite\/wp-content\/uploads\/2026\/03\/2026-03_CP-Cigeo-150x150.jpg\" class=\"attachment-thumbnail size-thumbnail wp-post-image\" alt=\"\" style=\"max-width:100px;max-height:100px;\" \/><\/div><a class=\"wp-block-latest-posts__post-title\" href=\"http:\/\/www.sdn26-07.org\/lesite\/2026\/03\/22\/contre-lacceleration-des-procedures-du-projet-cigeo\/\">Contre l&rsquo;acc\u00e9l\u00e9ration des proc\u00e9dures du projet Cig\u00e9o<\/a><time datetime=\"2026-03-22T18:24:22+01:00\" class=\"wp-block-latest-posts__post-date\">22 mars 2026<\/time><div class=\"wp-block-latest-posts__post-excerpt\">Le gouvernement souhaite faire acc\u00e9l\u00e9rer les proc\u00e9dures administratives du projet d&rsquo;enfouissement de d\u00e9chets Cig\u00e9o, dans la Meuse. Vous trouverez ci-dessous une copie de la tribune collective publi\u00e9e le 19 mars et s&rsquo;opposant \u00e0 ces d\u00e9marches.<\/div><\/li>\n<li><a class=\"wp-block-latest-posts__post-title\" href=\"http:\/\/www.sdn26-07.org\/lesite\/2026\/03\/11\/fukushima-quinze-ans-apres\/\">Fukushima quinze ans apr\u00e8s<\/a><time datetime=\"2026-03-11T13:02:48+01:00\" class=\"wp-block-latest-posts__post-date\">11 mars 2026<\/time><div class=\"wp-block-latest-posts__post-excerpt\">La catastrophe nucl\u00e9aire de Fukushima a eu lieu le 11 mars 2011, soit il y a ans quinze ans. Les cons\u00e9quences sanitaires, environnementales, sociales et politiques se font ressentir encore aujourd&rsquo;hui. Quelques articles sur le sujet : The Conversation : \u00ab\u00a0Quinze ans apr\u00e8s l\u2019accident nucl\u00e9aire de Fukushima, les le\u00e7ons d\u2019une &hellip;<p class=\"read-more\"> <a class=\"more-link\" href=\"http:\/\/www.sdn26-07.org\/lesite\/2026\/03\/11\/fukushima-quinze-ans-apres\/\"> <span class=\"screen-reader-text\">Fukushima quinze ans apr\u00e8s<\/span> Read More &raquo;<\/a><\/p><\/div><\/li>\n<li><a class=\"wp-block-latest-posts__post-title\" href=\"http:\/\/www.sdn26-07.org\/lesite\/2026\/02\/04\/antirepression-a-bure\/\">Antir\u00e9pression \u00e0 Bure !<\/a><time datetime=\"2026-02-04T12:22:14+01:00\" class=\"wp-block-latest-posts__post-date\">4 f\u00e9vrier 2026<\/time><div class=\"wp-block-latest-posts__post-excerpt\">Pour s&rsquo;organiser face \u00e0 la r\u00e9pression en cours et \u00e0 venir \u00e0 Bure &#8211; dans le contexte de d\u00e9but des travaux pour le projet d&rsquo;enfouissement des d\u00e9chets nucl\u00e9aires &#8211; un week-end d&rsquo;ateliers, discussions aura lieu en mars. Plus d&rsquo;infos ici.<\/div><\/li>\n<\/ul>\n\n\n<p><a href=\"http:\/\/www.sdn26-07.org\/lesite\/actualites\/\"><strong>Toute l&rsquo;actualit\u00e9&#8230;<\/strong><\/a><\/p>\n\n\n\n<hr class=\"wp-block-separator has-css-opacity\"\/>\n\n\n\n<div class=\"alignnormal\"><div id=\"metaslider-id-507\" style=\"width: 100%; margin: 0 auto;\" class=\"ml-slider-3-107-0 metaslider metaslider-flex metaslider-507 ml-slider has-dots-nav ms-theme-default\" role=\"region\" aria-label=\"Photos page d&#039;accueil\" data-height=\"300\" data-width=\"500\">\n    <div id=\"metaslider_container_507\">\n        <div id=\"metaslider_507\">\n            <ul class='slides'>\n                <li style=\"display: block; width: 100%;\" class=\"slide-2084 ms-image \" aria-roledescription=\"slide\" data-date=\"2025-08-11 13:49:48\" data-filename=\"cropped-cropped-manifbureaffiche_A4-3-500x300.png\" data-slide-type=\"image\"><a href=\"https:\/\/www.sdn26-07.org\/lesite\/events\/la-manif-du-futur\/\" target=\"_self\" aria-label=\"Voir les d\u00e9tails de la diapositive\" class=\"metaslider_image_link\"><img loading=\"lazy\" decoding=\"async\" src=\"http:\/\/www.sdn26-07.org\/lesite\/wp-content\/uploads\/2025\/08\/cropped-cropped-manifbureaffiche_A4-3-500x300.png\" height=\"300\" width=\"500\" alt=\"\" class=\"slider-507 slide-2084 msDefaultImage\" title=\"manifbureaffiche_A4-3\" \/><\/a><div class=\"caption-wrap\"><div class=\"caption\"><div>Rendez-vous \u00e0 Bure le samedi 20 septembre 2025 !<\/div><\/div><\/div><\/li>\n                <li style=\"display: none; width: 100%;\" class=\"slide-2086 ms-image \" aria-roledescription=\"slide\" data-date=\"2025-08-11 13:56:36\" data-filename=\"25-03-11-2e352.jpg@-500x300.webp\" data-slide-type=\"image\"><a href=\"https:\/\/reporterre.net\/Nucleaire-le-beton-des-premiers-EPR2-est-defectueux\" target=\"_blank\" aria-label=\"Voir les d\u00e9tails de la diapositive\" class=\"metaslider_image_link\"><img loading=\"lazy\" decoding=\"async\" src=\"http:\/\/www.sdn26-07.org\/lesite\/wp-content\/uploads\/2025\/08\/25-03-11-2e352.jpg@-500x300.webp\" height=\"300\" width=\"500\" alt=\"\" class=\"slider-507 slide-2086 msDefaultImage\" title=\"25-03-11-2e352.jpg@\" \/><\/a><div class=\"caption-wrap\"><div class=\"caption\"><div>Le b\u00e9ton des premiers r\u00e9acteurs nucl\u00e9aires EPR2 d\u00e9j\u00e0 d\u00e9fectueux<\/div><\/div><\/div><\/li>\n                <li style=\"display: none; width: 100%;\" class=\"slide-1713 ms-image \" aria-roledescription=\"slide\" data-date=\"2021-09-12 10:31:40\" data-filename=\"AFFICHE_ROUEN_A3BP_page-0001-727x1024-1-500x300.jpg\" data-slide-type=\"image\"><a href=\"https:\/\/coordantinucleaire.noblogs.org\/post\/2024\/08\/07\/manifestation-anti-nucleaire-a-rouen-le-12-octobre-le-nucleaire-cest-toujours-non\/\" target=\"_blank\" aria-label=\"Voir les d\u00e9tails de la diapositive\" class=\"metaslider_image_link\"><img loading=\"lazy\" decoding=\"async\" src=\"http:\/\/www.sdn26-07.org\/lesite\/wp-content\/uploads\/2024\/09\/AFFICHE_ROUEN_A3BP_page-0001-727x1024-1-500x300.jpg\" height=\"300\" width=\"500\" alt=\"\" class=\"slider-507 slide-1713 msDefaultImage\" title=\"AFFICHE_ROUEN_A3BP_page-0001-727x1024\" \/><\/a><div class=\"caption-wrap\"><div class=\"caption\"><div>Rendez-vous samedi 12 octobre 2024 \u00e0 Rouen<\/div><\/div><\/div><\/li>\n                <li style=\"display: none; width: 100%;\" class=\"slide-513 ms-image \" aria-roledescription=\"slide\" data-date=\"2020-07-02 11:33:28\" data-filename=\"Bure-416x250.png\" data-slide-type=\"image\"><img loading=\"lazy\" decoding=\"async\" src=\"http:\/\/www.sdn26-07.org\/lesite\/wp-content\/uploads\/2020\/07\/Bure-416x250.png\" height=\"300\" width=\"500\" alt=\"\" class=\"slider-507 slide-513 msDefaultImage\" title=\"Bure\" \/><div class=\"caption-wrap\"><div class=\"caption\"><div>Bure, Meuse (mai 2020)<\/div><\/div><\/div><\/li>\n                <li style=\"display: none; width: 100%;\" class=\"slide-535 ms-image \" aria-roledescription=\"slide\" data-date=\"2020-07-02 15:19:24\" data-filename=\"arton20285-44abe-500x300.png\" data-slide-type=\"image\"><a href=\"https:\/\/reporterre.net\/1-3-La-justice-a-massivement-surveille-les-militants-antinucleaires-de-Bure\" target=\"_blank\" aria-label=\"Voir les d\u00e9tails de la diapositive\" class=\"metaslider_image_link\"><img loading=\"lazy\" decoding=\"async\" src=\"http:\/\/www.sdn26-07.org\/lesite\/wp-content\/uploads\/2020\/07\/arton20285-44abe-500x300.png\" height=\"300\" width=\"500\" alt=\"\" class=\"slider-507 slide-535 msDefaultImage\" title=\"arton20285-44abe\" \/><\/a><div class=\"caption-wrap\"><div class=\"caption\">La justice a massivement surveill\u00e9 les militants antinucl\u00e9aires de Bure (Reporterre, avril 2020)<\/div><\/div><\/li>\n            <\/ul>\n        <\/div>\n        \n    <\/div>\n<\/div><\/div>\n\n\n\n<hr class=\"wp-block-separator has-css-opacity\"\/>\n\n\n\n<p><\/p>\n","protected":false},"excerpt":{"rendered":"<p>Arr\u00eat du nucl\u00e9aire Dr\u00f4me-Ard\u00e8che est une association \u00e0 but non lucratif, et est membre du collectif national Arr\u00eat du nucl\u00e9aire. Nos objectifs sont les suivants : \u00c0 la une Toute l&rsquo;actualit\u00e9&#8230;<\/p>\n","protected":false},"author":1,"featured_media":0,"parent":0,"menu_order":0,"comment_status":"closed","ping_status":"closed","template":"","meta":{"footnotes":""},"class_list":["post-492","page","type-page","status-publish","hentry"],"_links":{"self":[{"href":"http:\/\/www.sdn26-07.org\/lesite\/wp-json\/wp\/v2\/pages\/492","targetHints":{"allow":["GET"]}}],"collection":[{"href":"http:\/\/www.sdn26-07.org\/lesite\/wp-json\/wp\/v2\/pages"}],"about":[{"href":"http:\/\/www.sdn26-07.org\/lesite\/wp-json\/wp\/v2\/types\/page"}],"author":[{"embeddable":true,"href":"http:\/\/www.sdn26-07.org\/lesite\/wp-json\/wp\/v2\/users\/1"}],"replies":[{"embeddable":true,"href":"http:\/\/www.sdn26-07.org\/lesite\/wp-json\/wp\/v2\/comments?post=492"}],"version-history":[{"count":33,"href":"http:\/\/www.sdn26-07.org\/lesite\/wp-json\/wp\/v2\/pages\/492\/revisions"}],"predecessor-version":[{"id":1927,"href":"http:\/\/www.sdn26-07.org\/lesite\/wp-json\/wp\/v2\/pages\/492\/revisions\/1927"}],"wp:attachment":[{"href":"http:\/\/www.sdn26-07.org\/lesite\/wp-json\/wp\/v2\/media?parent=492"}],"curies":[{"name":"wp","href":"https:\/\/api.w.org\/{rel}","templated":true}]}}