{"id":195,"date":"2017-07-14T14:16:57","date_gmt":"2017-07-14T12:16:57","guid":{"rendered":"http:\/\/www.sdn26-07.org\/lesite\/?page_id=195"},"modified":"2021-03-08T17:10:59","modified_gmt":"2021-03-08T16:10:59","slug":"adn","status":"publish","type":"page","link":"http:\/\/www.sdn26-07.org\/lesite\/lassociation\/adn\/","title":{"rendered":"Collectif ADN"},"content":{"rendered":"\n<h2 class=\"wp-block-heading\">Pr\u00e9sentation<\/h2>\n\n\n<p><a href=\"http:\/\/collectif-adn.fr\" target=\"_blank\" rel=\"noopener noreferrer\"><img loading=\"lazy\" decoding=\"async\" class=\"size-medium wp-image-551 alignright\" src=\"http:\/\/www.sdn26-07.org\/lesite\/wp-content\/uploads\/2020\/07\/logo-adn-anime-300x147.gif\" alt=\"Collectif ADN\" width=\"300\" height=\"147\" srcset=\"http:\/\/www.sdn26-07.org\/lesite\/wp-content\/uploads\/2020\/07\/logo-adn-anime-300x147.gif 300w, http:\/\/www.sdn26-07.org\/lesite\/wp-content\/uploads\/2020\/07\/logo-adn-anime-768x377.gif 768w, http:\/\/www.sdn26-07.org\/lesite\/wp-content\/uploads\/2020\/07\/logo-adn-anime-100x49.gif 100w, http:\/\/www.sdn26-07.org\/lesite\/wp-content\/uploads\/2020\/07\/logo-adn-anime-150x74.gif 150w, http:\/\/www.sdn26-07.org\/lesite\/wp-content\/uploads\/2020\/07\/logo-adn-anime-200x98.gif 200w, http:\/\/www.sdn26-07.org\/lesite\/wp-content\/uploads\/2020\/07\/logo-adn-anime-450x221.gif 450w, http:\/\/www.sdn26-07.org\/lesite\/wp-content\/uploads\/2020\/07\/logo-adn-anime-600x295.gif 600w\" sizes=\"auto, (max-width: 300px) 100vw, 300px\" \/><\/a>STOP Nucl\u00e9aire 26-07 fait partie du collectif <a href=\"http:\/\/collectif-adn.fr\" target=\"_blank\" rel=\"noopener noreferrer\">Arr\u00eat du Nucl\u00e9aire.<\/a><\/p>\n<div class=\"entry-content\">\n<p>Le collectif ARR\u00caT DU NUCL\u00c9AIRE r\u00e9unit des groupes et collectifs pour qui l\u2019arr\u00eat du nucl\u00e9aire civil et militaire est une lutte prioritaire.<\/p>\n<p>Quand bien m\u00eame il n\u2019y aurait pas d\u2019alternatives (ce qui n\u2019est pas le cas), le nucl\u00e9aire doit s\u2019arr\u00eater.<\/p>\n<p>Le collectif ADN soutient toutes les luttes locales, r\u00e9gionales, nationales ou internationales remettant en cause le fonctionnement de l\u2019industrie de l\u2019atome.<\/p>\n<p>Sans salari\u00e9s, ni structures de direction, le collectif n\u2019intervient pas dans les positions et actions de chaque groupe participant mais contribue \u00e0 provoquer les \u00e9changes et exp\u00e9riences de chacun.<\/p>\n<p>Il invite les partis politiques, les syndicats, les associations \u00e0 prendre position pour l\u2019arr\u00eat du nucl\u00e9aire mais reste ind\u00e9pendant de ces organisations&#8230;<\/p>\n<\/div>\n\n\n<h2 class=\"wp-block-heading\">La charte du collectif ADN<\/h2>\n\n\n<p class=\"arial18b\"><strong>L&rsquo;ARR\u00caT DU NUCL\u00c9AIRE, UNE URGENCE<\/strong><\/p>\n<p class=\"arial18b\">Le collectif Arr\u00eat du nucl\u00e9aire (ADN) rassemble des groupes locaux et coordinations r\u00e9gionales qui agissent pour l\u2019arr\u00eat (imm\u00e9diat ou dans les plus brefs d\u00e9lais) du nucl\u00e9aire civil et pour l\u2019abolition des armes nucl\u00e9aires, afin :<\/p>\n<ul>\n<li class=\"arial18b\">d\u2019\u00e9viter une nouvelle catastrophe nucl\u00e9aire,<\/li>\n<li class=\"arial18b\">d\u2019arr\u00eater la pollution quotidienne autour des installations,<\/li>\n<li class=\"arial18b\">de stopper la production de d\u00e9chets radioactifs,<img loading=\"lazy\" decoding=\"async\" src=\"http:\/\/collectif-adn.fr\/logos\/trans.gif\" width=\"12\" height=\"22\" \/><\/li>\n<li class=\"arial18b\">\u2026<\/li>\n<\/ul>\n<p class=\"arial18b\">Chaque membre du collectif ADN est autonome. <br \/>Il d\u00e9cide de ses mots d\u2019ordre et de ses modes d\u2019action.<\/p>\n<p class=\"arial18b\">Pour \u00eatre membre du collectif ADN, il suffit d\u2019\u00eatre en accord avec le pr\u00e9sent texte.<\/p>\n\n\n<h2 class=\"wp-block-heading\">Les groupes membres<\/h2>\n\n\n\n<ul class=\"wp-block-list\"><li><a rel=\"noreferrer noopener\" href=\"http:\/\/abolitiondesarmesnucleaires.org\/\" target=\"_blank\">Abolition des armes nucl\u00e9aires<\/a><\/li><li>Amis de la Terre Poitou<\/li><li><a rel=\"noreferrer noopener\" href=\"http:\/\/www.arretdunucleaire34.org\/\" target=\"_blank\">Arr\u00eat du nucl\u00e9aire 34<\/a><\/li><li><a rel=\"noreferrer noopener\" target=\"_blank\" href=\"http:\/\/bienprofond.free.fr\">Bien profond<\/a><\/li><li>Collectif Contre l&rsquo;Ordre Atomique (CCOA-ADN 75)<\/li><li>Collectif Halte Aux Nucl\u00e9aires Gard (CHANG)<\/li><li><a rel=\"noreferrer noopener\" href=\"http:\/\/ocparis.canalblog.com\/\" target=\"_blank\">D\u00e9croissance IDF<\/a><\/li><li>SDN 27<\/li><li><a rel=\"noreferrer noopener\" href=\"http:\/\/tchernoblaye.free.fr\/\" target=\"_blank\">Tchernoblaye<\/a><\/li><li><a rel=\"noreferrer noopener\" href=\"https:\/\/technologos.fr\/\" target=\"_blank\">Technologos<\/a><\/li><li>Th\u00e9\u00e2tre de l&rsquo;ADN<\/li><\/ul>\n\n\n\n<p><\/p>\n","protected":false},"excerpt":{"rendered":"<p>Pr\u00e9sentation STOP Nucl\u00e9aire 26-07 fait partie du collectif Arr\u00eat du Nucl\u00e9aire. Le collectif ARR\u00caT DU NUCL\u00c9AIRE r\u00e9unit des groupes et collectifs pour qui l\u2019arr\u00eat du nucl\u00e9aire civil et militaire est une lutte prioritaire. Quand bien m\u00eame il n\u2019y aurait pas &hellip;<\/p>\n<p class=\"read-more\"> <a class=\"more-link\" href=\"http:\/\/www.sdn26-07.org\/lesite\/lassociation\/adn\/\"> <span class=\"screen-reader-text\">Collectif ADN<\/span> Read More &raquo;<\/a><\/p>\n","protected":false},"author":1,"featured_media":0,"parent":651,"menu_order":0,"comment_status":"closed","ping_status":"closed","template":"","meta":{"footnotes":""},"class_list":["post-195","page","type-page","status-publish","hentry"],"_links":{"self":[{"href":"http:\/\/www.sdn26-07.org\/lesite\/wp-json\/wp\/v2\/pages\/195","targetHints":{"allow":["GET"]}}],"collection":[{"href":"http:\/\/www.sdn26-07.org\/lesite\/wp-json\/wp\/v2\/pages"}],"about":[{"href":"http:\/\/www.sdn26-07.org\/lesite\/wp-json\/wp\/v2\/types\/page"}],"author":[{"embeddable":true,"href":"http:\/\/www.sdn26-07.org\/lesite\/wp-json\/wp\/v2\/users\/1"}],"replies":[{"embeddable":true,"href":"http:\/\/www.sdn26-07.org\/lesite\/wp-json\/wp\/v2\/comments?post=195"}],"version-history":[{"count":11,"href":"http:\/\/www.sdn26-07.org\/lesite\/wp-json\/wp\/v2\/pages\/195\/revisions"}],"predecessor-version":[{"id":1465,"href":"http:\/\/www.sdn26-07.org\/lesite\/wp-json\/wp\/v2\/pages\/195\/revisions\/1465"}],"up":[{"embeddable":true,"href":"http:\/\/www.sdn26-07.org\/lesite\/wp-json\/wp\/v2\/pages\/651"}],"wp:attachment":[{"href":"http:\/\/www.sdn26-07.org\/lesite\/wp-json\/wp\/v2\/media?parent=195"}],"curies":[{"name":"wp","href":"https:\/\/api.w.org\/{rel}","templated":true}]}}