{"id":1467,"date":"2021-03-08T17:32:22","date_gmt":"2021-03-08T16:32:22","guid":{"rendered":"http:\/\/www.sdn26-07.org\/lesite\/?page_id=1467"},"modified":"2026-03-22T18:49:17","modified_gmt":"2026-03-22T17:49:17","slug":"contact","status":"publish","type":"page","link":"http:\/\/www.sdn26-07.org\/lesite\/contact\/","title":{"rendered":"Contact"},"content":{"rendered":"\n<p>Contactez-nous :<\/p>\n\n\n\n<ul class=\"wp-block-list\">\n<li>en t\u00e9l\u00e9phonant au <strong>09.72.35.89.60<\/strong> ;<\/li>\n\n\n\n<li>ou en nous \u00e9crivant Arr\u00eat du nucl\u00e9aire 26-07, 38 rue de la Chamberli\u00e8re, 26000 VALENCE ;<\/li>\n\n\n\n<li>ou en nous \u00e9crivant \u00e0 l&rsquo;adresse <strong>contact [at] stopnucleaire2607.org<\/strong><\/li>\n<\/ul>\n","protected":false},"excerpt":{"rendered":"<p>Contactez-nous :<\/p>\n","protected":false},"author":1,"featured_media":0,"parent":0,"menu_order":0,"comment_status":"closed","ping_status":"closed","template":"","meta":{"footnotes":""},"class_list":["post-1467","page","type-page","status-publish","hentry"],"_links":{"self":[{"href":"http:\/\/www.sdn26-07.org\/lesite\/wp-json\/wp\/v2\/pages\/1467","targetHints":{"allow":["GET"]}}],"collection":[{"href":"http:\/\/www.sdn26-07.org\/lesite\/wp-json\/wp\/v2\/pages"}],"about":[{"href":"http:\/\/www.sdn26-07.org\/lesite\/wp-json\/wp\/v2\/types\/page"}],"author":[{"embeddable":true,"href":"http:\/\/www.sdn26-07.org\/lesite\/wp-json\/wp\/v2\/users\/1"}],"replies":[{"embeddable":true,"href":"http:\/\/www.sdn26-07.org\/lesite\/wp-json\/wp\/v2\/comments?post=1467"}],"version-history":[{"count":5,"href":"http:\/\/www.sdn26-07.org\/lesite\/wp-json\/wp\/v2\/pages\/1467\/revisions"}],"predecessor-version":[{"id":2150,"href":"http:\/\/www.sdn26-07.org\/lesite\/wp-json\/wp\/v2\/pages\/1467\/revisions\/2150"}],"wp:attachment":[{"href":"http:\/\/www.sdn26-07.org\/lesite\/wp-json\/wp\/v2\/media?parent=1467"}],"curies":[{"name":"wp","href":"https:\/\/api.w.org\/{rel}","templated":true}]}}