{"id":1264,"date":"2021-02-25T17:20:00","date_gmt":"2021-02-25T16:20:00","guid":{"rendered":"http:\/\/www.sdn26-07.org\/lesite\/?page_id=1264"},"modified":"2021-02-24T17:34:17","modified_gmt":"2021-02-24T16:34:17","slug":"nos-podcasts","status":"publish","type":"page","link":"http:\/\/www.sdn26-07.org\/lesite\/nos-actions\/nos-podcasts\/","title":{"rendered":"Nos podcasts"},"content":{"rendered":"\n<p class=\"has-text-align-center\"><em>Retrouvez ici tous nos podcasts !<\/em><\/p>\n\n\n\n<hr class=\"wp-block-separator\"\/>\n\n\n\n<h2 class=\"wp-block-heading\">Armes nucl\u00e9aires : le d\u00e9but de la fin ? partie 2<\/h2>\n\n\n<p><em>f\u00e9vrier 2021<\/em><\/p>\n<p>Comment l&rsquo;\u00c9tat fran\u00e7ais assume-t-il son histoire coloniale en Alg\u00e9rie, en particulier concernant les cons\u00e9quences de ses essais nucl\u00e9aires dans le Sahara ? Quel r\u00f4le les citoyens\u00b7ennes et \u00e9lu\u00b7e\u00b7s peuvent-ils\u00b7elles avoir vis-\u00e0-vis de la bombe atomique ? Par quelles \u00e9tapes la France pourrait-elle concr\u00e8tement passer pour ouvrir la voie au d\u00e9sarmement ? Voici quelques-unes des questions examin\u00e9es dans la deuxi\u00e8me partie de ce podcast, avec Patrice Bouveret, directeur de l&rsquo;Observatoire des armements.<\/p>\n<p><a href=\"http:\/\/www.sdn26-07.org\/lesite\/nos-actions\/nos-podcasts\/armes-nucleaires-le-debut-de-la-fin-partie-2\/\">Le podcast complet par ici !<\/a><\/p>\n\n\n<figure class=\"wp-block-audio\"><audio controls src=\"http:\/\/www.sdn26-07.org\/lesite\/wp-content\/uploads\/2021\/02\/Mixage_podcast-partie2_R01.mp3\"><\/audio><figcaption>Armes nucl\u00e9aires : le d\u00e9but de la fin ? partie 2 sur 2<\/figcaption><\/figure>\n\n\n\n<hr class=\"wp-block-separator\"\/>\n\n\n\n<h2 class=\"wp-block-heading\">Armes nucl\u00e9aires : le d\u00e9but de la fin ? partie 1<\/h2>\n\n\n<p><em>f\u00e9vrier 2021<\/em><\/p>\n<p>Qu\u2019est-ce que le TIAN ? Ce trait\u00e9 constitue-t-il un nouveau moyen de pression contre les \u00c9tats dot\u00e9s de l\u2019arme nucl\u00e9aire ? Comment l\u2019\u00c9tat fran\u00e7ais justifie-t-il l\u2019existence de son arsenal ? Le nucl\u00e9aire civil est-il le premier pas vers l\u2019acquisition de la bombe ? N\u2019est-il pas utopique de se d\u00e9sarmer tant que la Cor\u00e9e du Nord est munie de la bombe ? Voici quelques-unes des questions examin\u00e9es dans la premi\u00e8re partie de ce podcast, avec Patrice Bouveret, directeur de l\u2019Observatoire des armements.<\/p>\n<p><a href=\"http:\/\/www.sdn26-07.org\/lesite\/armes-nucleaires-le-debut-de-la-fin-partie-1\/\">Le podcast complet par ici !<\/a><\/p>\n\n\n<figure class=\"wp-block-audio\"><audio controls src=\"http:\/\/www.sdn26-07.org\/lesite\/wp-content\/uploads\/2021\/02\/Mixage_podcast-partie1_R01.mp3\"><\/audio><figcaption><em>Armes nucl\u00e9aires : le d\u00e9but de la fin ? partie 1 sur 2<\/em><\/figcaption><\/figure>\n\n\n\n<hr class=\"wp-block-separator\"\/>\n","protected":false},"excerpt":{"rendered":"<p>Retrouvez ici tous nos podcasts ! Armes nucl\u00e9aires : le d\u00e9but de la fin ? partie 2 f\u00e9vrier 2021 Comment l&rsquo;\u00c9tat fran\u00e7ais assume-t-il son histoire coloniale en Alg\u00e9rie, en particulier concernant les cons\u00e9quences de ses essais nucl\u00e9aires dans le Sahara &hellip;<\/p>\n<p class=\"read-more\"> <a class=\"more-link\" href=\"http:\/\/www.sdn26-07.org\/lesite\/nos-actions\/nos-podcasts\/\"> <span class=\"screen-reader-text\">Nos podcasts<\/span> Read More &raquo;<\/a><\/p>\n","protected":false},"author":1,"featured_media":0,"parent":656,"menu_order":0,"comment_status":"closed","ping_status":"closed","template":"","meta":{"footnotes":""},"class_list":["post-1264","page","type-page","status-publish","hentry"],"_links":{"self":[{"href":"http:\/\/www.sdn26-07.org\/lesite\/wp-json\/wp\/v2\/pages\/1264","targetHints":{"allow":["GET"]}}],"collection":[{"href":"http:\/\/www.sdn26-07.org\/lesite\/wp-json\/wp\/v2\/pages"}],"about":[{"href":"http:\/\/www.sdn26-07.org\/lesite\/wp-json\/wp\/v2\/types\/page"}],"author":[{"embeddable":true,"href":"http:\/\/www.sdn26-07.org\/lesite\/wp-json\/wp\/v2\/users\/1"}],"replies":[{"embeddable":true,"href":"http:\/\/www.sdn26-07.org\/lesite\/wp-json\/wp\/v2\/comments?post=1264"}],"version-history":[{"count":8,"href":"http:\/\/www.sdn26-07.org\/lesite\/wp-json\/wp\/v2\/pages\/1264\/revisions"}],"predecessor-version":[{"id":1350,"href":"http:\/\/www.sdn26-07.org\/lesite\/wp-json\/wp\/v2\/pages\/1264\/revisions\/1350"}],"up":[{"embeddable":true,"href":"http:\/\/www.sdn26-07.org\/lesite\/wp-json\/wp\/v2\/pages\/656"}],"wp:attachment":[{"href":"http:\/\/www.sdn26-07.org\/lesite\/wp-json\/wp\/v2\/media?parent=1264"}],"curies":[{"name":"wp","href":"https:\/\/api.w.org\/{rel}","templated":true}]}}