{"id":124,"date":"2017-06-27T16:05:02","date_gmt":"2017-06-27T14:05:02","guid":{"rendered":"http:\/\/www.sdn26-07.org\/lesite\/?page_id=124"},"modified":"2023-09-11T17:33:40","modified_gmt":"2023-09-11T15:33:40","slug":"nos-amis","status":"publish","type":"page","link":"http:\/\/www.sdn26-07.org\/lesite\/lassociation\/nos-amis\/","title":{"rendered":"Nos ami\u00b7es"},"content":{"rendered":"\n<p class=\"has-text-align-center\"><em>La lutte contre le nucl\u00e9aire et son monde \u00e9tant une lutte collective, voici quelques-unes des associations, ONG et collectifs engag\u00e9s \u00e0 nos c\u00f4t\u00e9s.<\/em><\/p>\n\n\n\n<hr class=\"wp-block-separator has-css-opacity\"\/>\n\n\n\n<div class=\"wp-block-media-text alignwide is-stacked-on-mobile\" style=\"grid-template-columns:17% auto\"><figure class=\"wp-block-media-text__media\"><img loading=\"lazy\" decoding=\"async\" width=\"90\" height=\"84\" src=\"http:\/\/www.sdn26-07.org\/lesite\/wp-content\/uploads\/2020\/08\/logo_abolition-an.png\" alt=\"\" class=\"wp-image-1015 size-full\"\/><\/figure><div class=\"wp-block-media-text__content\">\n<h3 class=\"wp-block-heading\"><a href=\"http:\/\/abolitiondesarmesnucleaires.org\/\" target=\"_blank\" rel=\"noreferrer noopener\">Abolition des armes nucl\u00e9aires &#8211; Maison de vigilance<\/a><\/h3>\n\n\n\n<p>Association regroupant des personnes et des organisations qui demandent l\u2019abolition des armes nucl\u00e9aires au plus t\u00f4t et d\u00e9noncent les pr\u00e9judices humains, environnementaux et financiers de cette arme.<\/p>\n<\/div><\/div>\n\n\n\n<hr class=\"wp-block-separator has-css-opacity\"\/>\n\n\n\n<div class=\"wp-block-media-text alignwide is-stacked-on-mobile\" style=\"grid-template-columns:17% auto\"><figure class=\"wp-block-media-text__media\"><img loading=\"lazy\" decoding=\"async\" width=\"939\" height=\"84\" src=\"http:\/\/www.sdn26-07.org\/lesite\/wp-content\/uploads\/2021\/03\/siteon0.jpg\" alt=\"\" class=\"wp-image-1459 size-full\" srcset=\"http:\/\/www.sdn26-07.org\/lesite\/wp-content\/uploads\/2021\/03\/siteon0.jpg 939w, http:\/\/www.sdn26-07.org\/lesite\/wp-content\/uploads\/2021\/03\/siteon0-300x27.jpg 300w, http:\/\/www.sdn26-07.org\/lesite\/wp-content\/uploads\/2021\/03\/siteon0-768x69.jpg 768w, http:\/\/www.sdn26-07.org\/lesite\/wp-content\/uploads\/2021\/03\/siteon0-100x9.jpg 100w, http:\/\/www.sdn26-07.org\/lesite\/wp-content\/uploads\/2021\/03\/siteon0-150x13.jpg 150w, http:\/\/www.sdn26-07.org\/lesite\/wp-content\/uploads\/2021\/03\/siteon0-200x18.jpg 200w, http:\/\/www.sdn26-07.org\/lesite\/wp-content\/uploads\/2021\/03\/siteon0-450x40.jpg 450w, http:\/\/www.sdn26-07.org\/lesite\/wp-content\/uploads\/2021\/03\/siteon0-600x54.jpg 600w, http:\/\/www.sdn26-07.org\/lesite\/wp-content\/uploads\/2021\/03\/siteon0-900x81.jpg 900w\" sizes=\"auto, (max-width: 939px) 100vw, 939px\" \/><\/figure><div class=\"wp-block-media-text__content\">\n<h3 class=\"wp-block-heading\"><a href=\"http:\/\/www.arretdunucleaire34.org\" target=\"_blank\" rel=\"noreferrer noopener\">Arr\u00eat du nucl\u00e9aire 34<\/a><\/h3>\n\n\n\n<p>Arr\u00eat du nucl\u00e9aire 34  est une association bas\u00e9e dans l&rsquo;H\u00e9rault et membre du collectif <a href=\"http:\/\/www.sdn26-07.org\/lesite\/lassociation\/adn\/\">Arr\u00eat du nucl\u00e9aire<\/a>. Elle a pour but d\u2019agir pour un arr\u00eat d\u00e9finitif du nucl\u00e9aire civil et militaire dans les plus brefs d\u00e9lais<\/p>\n<\/div><\/div>\n\n\n\n<hr class=\"wp-block-separator has-css-opacity\"\/>\n\n\n\n<div class=\"wp-block-media-text alignwide is-stacked-on-mobile\" style=\"grid-template-columns:17% auto\"><figure class=\"wp-block-media-text__media\"><img loading=\"lazy\" decoding=\"async\" width=\"159\" height=\"159\" src=\"https:\/\/www.sdn26-07.org\/lesite\/wp-content\/uploads\/2021\/05\/Logo_Bure.png\" alt=\"\" class=\"wp-image-1605 size-full\" srcset=\"http:\/\/www.sdn26-07.org\/lesite\/wp-content\/uploads\/2021\/05\/Logo_Bure.png 159w, http:\/\/www.sdn26-07.org\/lesite\/wp-content\/uploads\/2021\/05\/Logo_Bure-150x150.png 150w, http:\/\/www.sdn26-07.org\/lesite\/wp-content\/uploads\/2021\/05\/Logo_Bure-100x100.png 100w\" sizes=\"auto, (max-width: 159px) 100vw, 159px\" \/><\/figure><div class=\"wp-block-media-text__content\">\n<h3 class=\"wp-block-heading\"><a href=\"http:\/\/marcoule.ecoloweb.fr\/\" target=\"_blank\" rel=\"noreferrer noopener\">Bure Bure Bure<\/a><\/h3>\n\n\n\n<p>Site de lutte contre la poubelle nucl\u00e9aire \u00e0 Bure, le nucl\u00e9aire et le syst\u00e8me qui le porte.<\/p>\n<\/div><\/div>\n\n\n\n<hr class=\"wp-block-separator has-css-opacity\"\/>\n\n\n\n<div class=\"wp-block-media-text alignwide is-stacked-on-mobile\" style=\"grid-template-columns:17% auto\"><figure class=\"wp-block-media-text__media\"><img loading=\"lazy\" decoding=\"async\" width=\"800\" height=\"393\" src=\"http:\/\/www.sdn26-07.org\/lesite\/wp-content\/uploads\/2020\/07\/logo-adn-anime.gif\" alt=\"Collectif ADN\" class=\"wp-image-551 size-full\"\/><\/figure><div class=\"wp-block-media-text__content\">\n<h3 class=\"wp-block-heading\"><a href=\"http:\/\/marcoule.ecoloweb.fr\/\" target=\"_blank\" rel=\"noreferrer noopener\">CHANG Collectif Halte Aux Nucl\u00e9aires Gard<\/a><\/h3>\n\n\n\n<p>Le Collectif Halte Aux Nucl\u00e9aires Gard a \u00e9t\u00e9 cr\u00e9\u00e9 le 29 septembre 2011 car le contexte et la conjoncture internationale et locale nous ont amen\u00e9 \u00e0 penser qu&rsquo;un effort s&rsquo;imposait pour organiser dans notre r\u00e9gion une opposition solide et structur\u00e9e au d\u00e9veloppement des activit\u00e9s li\u00e9es au nucl\u00e9aire civil et militaire.<\/p>\n<\/div><\/div>\n\n\n\n<hr class=\"wp-block-separator has-css-opacity\"\/>\n\n\n\n<div class=\"wp-block-media-text alignwide is-stacked-on-mobile\" style=\"grid-template-columns:17% auto\"><figure class=\"wp-block-media-text__media\"><img loading=\"lazy\" decoding=\"async\" width=\"823\" height=\"163\" src=\"http:\/\/www.sdn26-07.org\/lesite\/wp-content\/uploads\/2020\/08\/Logo_CANSE.png\" alt=\"\" class=\"wp-image-1016 size-full\" srcset=\"http:\/\/www.sdn26-07.org\/lesite\/wp-content\/uploads\/2020\/08\/Logo_CANSE.png 823w, http:\/\/www.sdn26-07.org\/lesite\/wp-content\/uploads\/2020\/08\/Logo_CANSE-300x59.png 300w, http:\/\/www.sdn26-07.org\/lesite\/wp-content\/uploads\/2020\/08\/Logo_CANSE-768x152.png 768w, http:\/\/www.sdn26-07.org\/lesite\/wp-content\/uploads\/2020\/08\/Logo_CANSE-100x20.png 100w, http:\/\/www.sdn26-07.org\/lesite\/wp-content\/uploads\/2020\/08\/Logo_CANSE-150x30.png 150w, http:\/\/www.sdn26-07.org\/lesite\/wp-content\/uploads\/2020\/08\/Logo_CANSE-200x40.png 200w, http:\/\/www.sdn26-07.org\/lesite\/wp-content\/uploads\/2020\/08\/Logo_CANSE-450x89.png 450w, http:\/\/www.sdn26-07.org\/lesite\/wp-content\/uploads\/2020\/08\/Logo_CANSE-600x119.png 600w\" sizes=\"auto, (max-width: 823px) 100vw, 823px\" \/><\/figure><div class=\"wp-block-media-text__content\">\n<h3 class=\"wp-block-heading\"><a href=\"http:\/\/coordination-antinucleaire-sudest.net\/2012\/index.php\" target=\"_blank\" rel=\"noreferrer noopener\">Coordination antinucl\u00e9aire du Sud-Est<\/a><\/h3>\n\n\n\n<p>La Coordination Anti-nucl\u00e9aire Sud-Est regroupe les associations, organisations, particuliers qui luttent sans concession contre cette \u00e9nergie sale et dangereuse et agissent sur le terrain et par d&rsquo;autre moyens (soutien, p\u00e9tition, dons, analyse, contr\u00f4le,&#8230;) pour l&rsquo;arr\u00eat imm\u00e9diat et sans condition du nucl\u00e9aire.<\/p>\n<\/div><\/div>\n\n\n\n<hr class=\"wp-block-separator has-css-opacity\"\/>\n\n\n\n<div class=\"wp-block-media-text alignwide is-stacked-on-mobile\" style=\"grid-template-columns:17% auto\"><figure class=\"wp-block-media-text__media\"><img loading=\"lazy\" decoding=\"async\" width=\"181\" height=\"157\" src=\"http:\/\/www.sdn26-07.org\/lesite\/wp-content\/uploads\/2020\/08\/Logo_criirad2.png\" alt=\"\" class=\"wp-image-1022 size-full\" srcset=\"http:\/\/www.sdn26-07.org\/lesite\/wp-content\/uploads\/2020\/08\/Logo_criirad2.png 181w, http:\/\/www.sdn26-07.org\/lesite\/wp-content\/uploads\/2020\/08\/Logo_criirad2-100x87.png 100w, http:\/\/www.sdn26-07.org\/lesite\/wp-content\/uploads\/2020\/08\/Logo_criirad2-150x130.png 150w\" sizes=\"auto, (max-width: 181px) 100vw, 181px\" \/><\/figure><div class=\"wp-block-media-text__content\">\n<h3 class=\"wp-block-heading\"><a href=\"http:\/\/www.criirad.org\/\" target=\"_blank\" rel=\"noreferrer noopener\">Criirad<\/a><\/h3>\n\n\n\n<p>Association, cr\u00e9\u00e9e en 1986 au lendemain de la catastrophe nucl\u00e9aire de <a href=\"https:\/\/www.sdn26-07.org\/lesite\/tag\/tchernobyl\/\">Tchernobyl<\/a>, qui conduit des \u00e9tudes et analyses dans le domaine de la radioactivit\u00e9.<\/p>\n<\/div><\/div>\n\n\n\n<hr class=\"wp-block-separator has-css-opacity\"\/>\n\n\n\n<div class=\"wp-block-media-text alignwide is-stacked-on-mobile\" style=\"grid-template-columns:17% auto\"><figure class=\"wp-block-media-text__media\"><img loading=\"lazy\" decoding=\"async\" width=\"702\" height=\"700\" src=\"https:\/\/www.sdn26-07.org\/lesite\/wp-content\/uploads\/2021\/05\/Logo_nosvoisinslointains311.png\" alt=\"\" class=\"wp-image-1602 size-full\" srcset=\"http:\/\/www.sdn26-07.org\/lesite\/wp-content\/uploads\/2021\/05\/Logo_nosvoisinslointains311.png 702w, http:\/\/www.sdn26-07.org\/lesite\/wp-content\/uploads\/2021\/05\/Logo_nosvoisinslointains311-300x299.png 300w, http:\/\/www.sdn26-07.org\/lesite\/wp-content\/uploads\/2021\/05\/Logo_nosvoisinslointains311-150x150.png 150w, http:\/\/www.sdn26-07.org\/lesite\/wp-content\/uploads\/2021\/05\/Logo_nosvoisinslointains311-100x100.png 100w, http:\/\/www.sdn26-07.org\/lesite\/wp-content\/uploads\/2021\/05\/Logo_nosvoisinslointains311-200x199.png 200w, http:\/\/www.sdn26-07.org\/lesite\/wp-content\/uploads\/2021\/05\/Logo_nosvoisinslointains311-450x449.png 450w, http:\/\/www.sdn26-07.org\/lesite\/wp-content\/uploads\/2021\/05\/Logo_nosvoisinslointains311-600x598.png 600w\" sizes=\"auto, (max-width: 702px) 100vw, 702px\" \/><\/figure><div class=\"wp-block-media-text__content\">\n<h3 class=\"wp-block-heading\"><a href=\"https:\/\/nosvoisinslointains311.home.blog\/\" target=\"_blank\" rel=\"noreferrer noopener\">Nos voisins lointains 3.11<\/a><\/h3>\n\n\n\n<p>L\u2019Association Nos Voisins Lointains 3.11 a \u00e9t\u00e9 cr\u00e9\u00e9e en 2013, suite \u00e0 la catastrophe de Fukushima, par Kurumi SUGITA, d\u2019origine japonaise, chercheuse retrait\u00e9e du CNRS. Elle m\u00e8ne une recherche sociologique sur les sinistr\u00e9s de Fukushima.<\/p>\n<\/div><\/div>\n\n\n\n<hr class=\"wp-block-separator has-css-opacity\"\/>\n\n\n\n<div class=\"wp-block-media-text alignwide is-stacked-on-mobile\" style=\"grid-template-columns:17% auto\"><figure class=\"wp-block-media-text__media\"><img loading=\"lazy\" decoding=\"async\" width=\"200\" height=\"155\" src=\"http:\/\/www.sdn26-07.org\/lesite\/wp-content\/uploads\/2023\/09\/logobsarm_pf_4x4_haute_qualite_coupe-9c953.jpg\" alt=\"\" class=\"wp-image-1836 size-full\" srcset=\"http:\/\/www.sdn26-07.org\/lesite\/wp-content\/uploads\/2023\/09\/logobsarm_pf_4x4_haute_qualite_coupe-9c953.jpg 200w, http:\/\/www.sdn26-07.org\/lesite\/wp-content\/uploads\/2023\/09\/logobsarm_pf_4x4_haute_qualite_coupe-9c953-100x78.jpg 100w, http:\/\/www.sdn26-07.org\/lesite\/wp-content\/uploads\/2023\/09\/logobsarm_pf_4x4_haute_qualite_coupe-9c953-150x116.jpg 150w\" sizes=\"auto, (max-width: 200px) 100vw, 200px\" \/><\/figure><div class=\"wp-block-media-text__content\">\n<h3 class=\"wp-block-heading\"><a href=\"https:\/\/twitter.com\/endegelaende_fr\" target=\"_blank\" rel=\"noreferrer noopener\">Observatoire des armements<\/a><\/h3>\n\n\n\n<p>Fond\u00e9 en 1984 \u00e0 Lyon, l\u2019Observatoire des armements est un centre ind\u00e9pendant d\u2019expertise et de ressource sp\u00e9cialis\u00e9 dans le domaine de la d\u00e9fense et de s\u00e9curit\u00e9. Il s&rsquo;implique \u00e9galement pour l&rsquo;\u00e9limination des armes nucl\u00e9aires.<\/p>\n<\/div><\/div>\n\n\n\n<hr class=\"wp-block-separator has-alpha-channel-opacity\"\/>\n\n\n\n<div class=\"wp-block-media-text alignwide is-stacked-on-mobile\" style=\"grid-template-columns:17% auto\"><figure class=\"wp-block-media-text__media\"><img loading=\"lazy\" decoding=\"async\" width=\"324\" height=\"90\" src=\"https:\/\/www.sdn26-07.org\/lesite\/wp-content\/uploads\/2021\/05\/cropped-logo-rose-e50076_radiaction.png\" alt=\"\" class=\"wp-image-1613 size-full\" srcset=\"http:\/\/www.sdn26-07.org\/lesite\/wp-content\/uploads\/2021\/05\/cropped-logo-rose-e50076_radiaction.png 324w, http:\/\/www.sdn26-07.org\/lesite\/wp-content\/uploads\/2021\/05\/cropped-logo-rose-e50076_radiaction-300x83.png 300w, http:\/\/www.sdn26-07.org\/lesite\/wp-content\/uploads\/2021\/05\/cropped-logo-rose-e50076_radiaction-100x28.png 100w, http:\/\/www.sdn26-07.org\/lesite\/wp-content\/uploads\/2021\/05\/cropped-logo-rose-e50076_radiaction-150x42.png 150w, http:\/\/www.sdn26-07.org\/lesite\/wp-content\/uploads\/2021\/05\/cropped-logo-rose-e50076_radiaction-200x56.png 200w\" sizes=\"auto, (max-width: 324px) 100vw, 324px\" \/><\/figure><div class=\"wp-block-media-text__content\">\n<h3 class=\"wp-block-heading\"><a href=\"https:\/\/twitter.com\/endegelaende_fr\" target=\"_blank\" rel=\"noreferrer noopener\">Radiaction<\/a><\/h3>\n\n\n\n<p>Collectif \u00e9cologiste radical et d\u00e9sob\u00e9issant contre le nucl\u00e9aire et son monde.<\/p>\n<\/div><\/div>\n\n\n\n<hr class=\"wp-block-separator has-css-opacity\"\/>\n\n\n\n<div class=\"wp-block-media-text alignwide is-stacked-on-mobile\" style=\"grid-template-columns:17% auto\"><figure class=\"wp-block-media-text__media\"><img loading=\"lazy\" decoding=\"async\" width=\"720\" height=\"720\" src=\"http:\/\/www.sdn26-07.org\/lesite\/wp-content\/uploads\/2020\/08\/logo_RECH.jpg\" alt=\"\" class=\"wp-image-1018 size-full\" srcset=\"http:\/\/www.sdn26-07.org\/lesite\/wp-content\/uploads\/2020\/08\/logo_RECH.jpg 720w, http:\/\/www.sdn26-07.org\/lesite\/wp-content\/uploads\/2020\/08\/logo_RECH-300x300.jpg 300w, http:\/\/www.sdn26-07.org\/lesite\/wp-content\/uploads\/2020\/08\/logo_RECH-150x150.jpg 150w, http:\/\/www.sdn26-07.org\/lesite\/wp-content\/uploads\/2020\/08\/logo_RECH-100x100.jpg 100w, http:\/\/www.sdn26-07.org\/lesite\/wp-content\/uploads\/2020\/08\/logo_RECH-200x200.jpg 200w, http:\/\/www.sdn26-07.org\/lesite\/wp-content\/uploads\/2020\/08\/logo_RECH-450x450.jpg 450w, http:\/\/www.sdn26-07.org\/lesite\/wp-content\/uploads\/2020\/08\/logo_RECH-600x600.jpg 600w\" sizes=\"auto, (max-width: 720px) 100vw, 720px\" \/><\/figure><div class=\"wp-block-media-text__content\">\n<h3 class=\"wp-block-heading\"><a href=\"http:\/\/www.chainehumaine.fr\/\" target=\"_blank\" rel=\"noreferrer noopener\">RECH<\/a><\/h3>\n\n\n\n<p>Nous sommes des citoyens de la vall\u00e9e du Rh\u00f4ne, zone la plus nucl\u00e9aris\u00e9e de France et du monde. Boulevers\u00e9s et inquiets depuis la catastrophe de Fukushima nous avons commenc\u00e9 \u00e0 r\u00e9agir en organisant des cha\u00eenes humaines pacifiques. Nous avons organis\u00e9 la grande cha\u00eene humaine du 11 mars 2012 entre Lyon et Avignon (60 000 personnes).<\/p>\n<\/div><\/div>\n\n\n\n<hr class=\"wp-block-separator has-css-opacity\"\/>\n\n\n\n<div class=\"wp-block-media-text alignwide is-stacked-on-mobile\" style=\"grid-template-columns:17% auto\"><figure class=\"wp-block-media-text__media\"><img loading=\"lazy\" decoding=\"async\" width=\"977\" height=\"300\" src=\"http:\/\/www.sdn26-07.org\/lesite\/wp-content\/uploads\/2020\/08\/Logo_stopcigeo2.jpg\" alt=\"\" class=\"wp-image-1024 size-full\" srcset=\"http:\/\/www.sdn26-07.org\/lesite\/wp-content\/uploads\/2020\/08\/Logo_stopcigeo2.jpg 977w, http:\/\/www.sdn26-07.org\/lesite\/wp-content\/uploads\/2020\/08\/Logo_stopcigeo2-300x92.jpg 300w, http:\/\/www.sdn26-07.org\/lesite\/wp-content\/uploads\/2020\/08\/Logo_stopcigeo2-768x236.jpg 768w, http:\/\/www.sdn26-07.org\/lesite\/wp-content\/uploads\/2020\/08\/Logo_stopcigeo2-100x31.jpg 100w, http:\/\/www.sdn26-07.org\/lesite\/wp-content\/uploads\/2020\/08\/Logo_stopcigeo2-150x46.jpg 150w, http:\/\/www.sdn26-07.org\/lesite\/wp-content\/uploads\/2020\/08\/Logo_stopcigeo2-200x61.jpg 200w, http:\/\/www.sdn26-07.org\/lesite\/wp-content\/uploads\/2020\/08\/Logo_stopcigeo2-450x138.jpg 450w, http:\/\/www.sdn26-07.org\/lesite\/wp-content\/uploads\/2020\/08\/Logo_stopcigeo2-600x184.jpg 600w, http:\/\/www.sdn26-07.org\/lesite\/wp-content\/uploads\/2020\/08\/Logo_stopcigeo2-900x276.jpg 900w\" sizes=\"auto, (max-width: 977px) 100vw, 977px\" \/><\/figure><div class=\"wp-block-media-text__content\">\n<h3 class=\"wp-block-heading\"><a href=\"https:\/\/www.stopcigeo-bure.eu\/\" target=\"_blank\" rel=\"noreferrer noopener\">Stop Cig\u00e9o<\/a><\/h3>\n\n\n\n<p>La coordination Stop-Cig\u00e9o regroupe les associations, collectifs et individus en lutte localement contre le projet CIGEO.<\/p>\n<\/div><\/div>\n\n\n\n<hr class=\"wp-block-separator has-css-opacity\"\/>\n\n\n\n<div class=\"wp-block-media-text alignwide is-stacked-on-mobile\" style=\"grid-template-columns:17% auto\"><figure class=\"wp-block-media-text__media\"><img loading=\"lazy\" decoding=\"async\" width=\"200\" height=\"200\" src=\"http:\/\/www.sdn26-07.org\/lesite\/wp-content\/uploads\/2020\/08\/logo_stoptricastin.png\" alt=\"\" class=\"wp-image-1020 size-full\" srcset=\"http:\/\/www.sdn26-07.org\/lesite\/wp-content\/uploads\/2020\/08\/logo_stoptricastin.png 200w, http:\/\/www.sdn26-07.org\/lesite\/wp-content\/uploads\/2020\/08\/logo_stoptricastin-150x150.png 150w, http:\/\/www.sdn26-07.org\/lesite\/wp-content\/uploads\/2020\/08\/logo_stoptricastin-100x100.png 100w\" sizes=\"auto, (max-width: 200px) 100vw, 200px\" \/><\/figure><div class=\"wp-block-media-text__content\">\n<h3 class=\"wp-block-heading\"><a href=\"http:\/\/www.stop-tricastin.fr\" target=\"_blank\" rel=\"noreferrer noopener\">STOP Tricastin<\/a><\/h3>\n\n\n\n<p>Collectif r\u00e9unissant des citoyens de tous horizons convaincus que l&rsquo;\u00e9nergie nucl\u00e9aire est une technologie d&rsquo;un autre si\u00e8cle, incompatible avec la d\u00e9mocratie, dangereuse pour les humains et leur environnement et de moins en moins comp\u00e9titive par rapport aux \u00e9nergies renouvelables.<\/p>\n<\/div><\/div>\n\n\n\n<hr class=\"wp-block-separator has-css-opacity\"\/>\n\n\n\n<p><\/p>\n","protected":false},"excerpt":{"rendered":"<p>La lutte contre le nucl\u00e9aire et son monde \u00e9tant une lutte collective, voici quelques-unes des associations, ONG et collectifs engag\u00e9s \u00e0 nos c\u00f4t\u00e9s. Abolition des armes nucl\u00e9aires &#8211; Maison de vigilance Association regroupant des personnes et des organisations qui demandent &hellip;<\/p>\n<p class=\"read-more\"> <a class=\"more-link\" href=\"http:\/\/www.sdn26-07.org\/lesite\/lassociation\/nos-amis\/\"> <span class=\"screen-reader-text\">Nos ami\u00b7es<\/span> Read More &raquo;<\/a><\/p>\n","protected":false},"author":1,"featured_media":0,"parent":651,"menu_order":0,"comment_status":"closed","ping_status":"closed","template":"","meta":{"footnotes":""},"class_list":["post-124","page","type-page","status-publish","hentry"],"_links":{"self":[{"href":"http:\/\/www.sdn26-07.org\/lesite\/wp-json\/wp\/v2\/pages\/124","targetHints":{"allow":["GET"]}}],"collection":[{"href":"http:\/\/www.sdn26-07.org\/lesite\/wp-json\/wp\/v2\/pages"}],"about":[{"href":"http:\/\/www.sdn26-07.org\/lesite\/wp-json\/wp\/v2\/types\/page"}],"author":[{"embeddable":true,"href":"http:\/\/www.sdn26-07.org\/lesite\/wp-json\/wp\/v2\/users\/1"}],"replies":[{"embeddable":true,"href":"http:\/\/www.sdn26-07.org\/lesite\/wp-json\/wp\/v2\/comments?post=124"}],"version-history":[{"count":19,"href":"http:\/\/www.sdn26-07.org\/lesite\/wp-json\/wp\/v2\/pages\/124\/revisions"}],"predecessor-version":[{"id":1837,"href":"http:\/\/www.sdn26-07.org\/lesite\/wp-json\/wp\/v2\/pages\/124\/revisions\/1837"}],"up":[{"embeddable":true,"href":"http:\/\/www.sdn26-07.org\/lesite\/wp-json\/wp\/v2\/pages\/651"}],"wp:attachment":[{"href":"http:\/\/www.sdn26-07.org\/lesite\/wp-json\/wp\/v2\/media?parent=124"}],"curies":[{"name":"wp","href":"https:\/\/api.w.org\/{rel}","templated":true}]}}