{"id":1127,"date":"2020-12-07T14:47:56","date_gmt":"2020-12-07T13:47:56","guid":{"rendered":"http:\/\/www.sdn26-07.org\/lesite\/?page_id=1127"},"modified":"2020-12-10T14:59:02","modified_gmt":"2020-12-10T13:59:02","slug":"atomic-mac-decembre-2020","status":"publish","type":"page","link":"http:\/\/www.sdn26-07.org\/lesite\/radio\/atomic-mac-decembre-2020\/","title":{"rendered":"Projet Hercule : vers un d\u00e9mant\u00e8lement d\u2019EDF ?"},"content":{"rendered":"\n<p class=\"has-text-align-center\"><em>Atomic Mac, d\u00e9cembre 2020.<\/em><\/p>\n\n\n\n<p class=\"has-text-align-center\"><em>L&rsquo;\u00e9mission de ce mois portera sur les mutations de l&rsquo;industrie nucl\u00e9aire civile fran\u00e7aise, en particulier la r\u00e9organisation\/d\u00e9mant\u00e8lement du groupe EDF. Nous aborderons ce sujet avec J\u00e9r\u00f4me Schmitt, du syndicat Sud \u00c9nergie.<\/em><\/p>\n\n\n\n<hr class=\"wp-block-separator\"\/>\n\n\n\n<figure class=\"wp-block-audio\"><audio controls src=\"http:\/\/www.sdn26-07.org\/lesite\/wp-content\/uploads\/2020\/12\/ATOMIC-MAC-2020_12_07-ATOMIC-MAC-DECEMBRE-2020-.mp3\"><\/audio><\/figure>\n\n\n\n<h2 class=\"wp-block-heading\">L&rsquo;\u00e9mission<\/h2>\n\n\n\n<ul class=\"wp-block-list\"><li>01 min : le billet de Georges \u00e0 Fukushima<\/li><li>05 min : D\u00e9mant\u00e8lement d\u2019EDF : se dirige-t-on vers une large contestation syndicale ? par Kim<\/li><li>08 min : Vamos a la playa, Righeira<\/li><li>12 min : l&rsquo;interview de J\u00e9r\u00f4me Schmitt, partie 1\/2<\/li><li>21 min : J&rsquo;ai tout plein d&rsquo;amis au MEDEF, Fr\u00e9d\u00e9ric Fromet<\/li><li>24 min : l&rsquo;interview de J\u00e9r\u00f4me Schmitt, partie 2\/2<\/li><li>38 min : En coulisses, l\u2019\u00c9tat pr\u00e9pare le financement de six nouveaux r\u00e9acteurs EPR, par Dominique<\/li><li>42 min : l&rsquo;agenda<\/li><\/ul>\n\n\n\n<hr class=\"wp-block-separator\"\/>\n\n\n\n<h2 class=\"wp-block-heading\">Le billet de Georges \u00e0 Fukushima<\/h2>\n\n\n\n<p><em>par Georges<\/em><\/p>\n\n\n<p>Bonjour \u00e0 toutes et tous , les infos de ce billet sont tir\u00e9es d\u2019un documentaire scientifique &nbsp;de 2016 diffus\u00e9 par Discovery Channel dans lequel interviennent , Charles Casto (ancien directeur de la commission de r\u00e9gulation nucl\u00e9aire du Japon , Akira Ono directeur de la centrale de Fukushima daichi et&nbsp; Joel Lambert , ancien commando de marine, qui p\u00e9n\u00e9tre les zones interdites de la centrale de Fukushima pour \u00e9valuation ! Pour cela avec&nbsp; combinaison, masque et dosim\u00e9tre sa visite ne peut d\u00e9passer deux heures avec une limite de 100 microsievert\/heure &nbsp;pr\u00e9s des r\u00e9acteurs ! Dans ce docu, il nous est expliqu\u00e9 :<\/p>\n<p>que les ouvriers suite au s\u00e9isme , apr\u00e8s avoir \u00e9t\u00e9 expos\u00e9s \u00e0 de fortes radiations de iode 131 et de c\u00e9sium 137 ont repris le contr\u00f4le de la centrale &nbsp;petit \u00e0 petit&nbsp;! c\u2019est pour \u00e7a qu\u2019une couche d\u2019asphalte et de b\u00e9ton ont \u00e9t\u00e9 d\u00e9pos\u00e9 sur les surfaces irradi\u00e9es qui &nbsp;ont permis de r\u00e9duire les radiations \u00e0 10 pour cent&nbsp;!une fois les r\u00e9acteurs refroidis par des tonnes d\u2019eau une unit\u00e9 sp\u00e9ciale de nettoyage avec des robots&nbsp; de technologie de pointe a \u00e9t\u00e9 cr\u00e9\u00e9 pour d\u00e9contaminer l\u2019eau et d\u00e9gager les d\u00e9bris&nbsp;: les semi-conducteurs des robots sont affect\u00e9s par les radiations ainsi que leurs cam\u00e9ras ccd par des bruits parasites &nbsp;!d\u2019apr\u00e8s le directeur , la centrale est toujours en condition d\u2019alerte avec des \u00e9quipes qui se relaient 24h\/24&nbsp;!idem pour l\u2019infirmerie avec service m\u00e9dical complet et ambulanciers dispos 24h\/24&nbsp; les ouvriers sont &nbsp;vus ainsi que des h\u00e9ros&nbsp;: ils ont donc droits a des cellules am\u00e9nag\u00e9es dans des containers&nbsp;!l\u2019eau r\u00e9cup\u00e9r\u00e9e est d\u00e9contamin\u00e9e \u00e0 l\u2019aide des filtres sarry et kurion&nbsp; du c\u00e9sium et du strontium mais pas du tritium avant d\u2019etre inject\u00e9e&nbsp;! D\u2019apr\u00e8s les agriculteurs la limite de radiation des aliments fix\u00e9e a 500 bq\/KG g\u00e9n\u00e9rant beaucoup de rejets a \u00e9t\u00e9 ramen\u00e9 \u00e0 100 bq\/kg&nbsp;<\/p>\n<p>!Sur le stockage, &nbsp;ll est affirm\u00e9 litt\u00e9ralement&nbsp;: \u00ab&nbsp; vu le nombre de cuves de stockage\/1000 et les kms de tuyaux necessaires sans compter les failles de la structures des batiments il y aura probablement des fuites&nbsp;!&nbsp;\u00bb<\/p>\n<p>La cantine des ouvriers a \u00e9t\u00e9&nbsp; install\u00e9e en 2015&nbsp;: Avant le casse croute apport\u00e9 \u00e9tait mang\u00e9 froid dehors assis par terre&nbsp;!<\/p>\n<p>Les p\u00e9cheurs de Onahoma , d\u00e9vast\u00e9 par le tsunami , ont perdu 120 bateaux sur 350 ! certaines esp\u00e8ces interdites et la peche encore en essais , avec une norme de 50 bq\/kg font dire au p\u00e9cheur syndicaliste : \u00ab&nbsp; puisqu&rsquo;on ne peut rien y faire in n\u2019y a qu\u2019une seule solution c\u2019est de continuer de faire de mieux en mieux pour fournir aux clients des poissons sans risques ! \u00bb Dans le cadre de projet Fukushima excursion ( depuis octobre 2013) la visite en UN JOUR autour &nbsp;de Fukushima est possible !Les 3 r\u00e9acteurs ont une temp\u00e9rature controll\u00e9e de 20 degr\u00e9s celsius et ENFIN SACHEZ QUE LE REACTEUR NUMERO 4 EST LE PLUS STABLE !Pour terminer , les ouvriers sont tous \u00e9quip\u00e9s de petites torches\u2026EN CAS DE COUPURES DE COURANT et les salles de contr\u00f4le de barres d\u2019appui .. en cas de SEISME ; les petits r\u00e9acteurs modulaires , sans eau ni \u00e9lectricit\u00e9 et SANS PLANS D URGENCE sont cit\u00e9s comme SOLUTION D AVENIR\u2026<\/p>\n\n\n<hr class=\"wp-block-separator\"\/>\n\n\n\n<h2 class=\"wp-block-heading\">D\u00e9mant\u00e8lement d\u2019EDF : se dirige-t-on vers une large contestation syndicale ?<\/h2>\n\n\n\n<p><em>par Kim<\/em><\/p>\n\n\n<p>36 % : c\u2019est le taux de gr\u00e9vistes annonc\u00e9 par la direction d\u2019EDF pour la journ\u00e9e de mobilisation du 26 novembre dernier, \u00e0 l\u2019appel de l\u2019intersyndicale. Les revendications des syndicats portent essentiellement sur deux sujets : d\u00e9fendre un service public de l\u2019\u00e9lectricit\u00e9 et refuser le d\u00e9mant\u00e8lement du groupe EDF et donc dire non au projet Hercule. Dans un communiqu\u00e9 commun, les syndicats d\u00e9noncent, je cite \u00ab\u00a0un projet de d\u00e9mant\u00e8lement qui ne serait rien d\u2019autre qu\u2019un meccano capitalistique sans projet industriel et sans vision strat\u00e9gique pour le service public de l\u2019\u00e9nergie\u00a0\u00bb.<\/p>\n<p><em><strong>Le projet Hercule, c\u2019est quoi ?<\/strong><\/em><br>Il s\u2019agit d\u2019un projet de d\u00e9coupage du groupe EDF, projet directement pilot\u00e9 par l\u2019\u00c9lys\u00e9e. Ses principales lignes sont connues depuis mi 2019 et consistent en le d\u00e9coupage d\u2019EDF en trois entit\u00e9s : (1) EDF Bleu, qui abriterait les activit\u00e9s nucl\u00e9aires historiques, d\u00e9tenu \u00e0 100 % par l\u2019\u00c9tat, (2) EDF Azur, qui r\u00e9cup\u00e8rerait les barrages hydro\u00e9lectriques et dont Bleu serait actionnaire \u00e0 100 %, (3) EDF Vert, d\u00e9tenu \u00e0 65 % par l\u2019\u00c9tat et qui comprendrait les activit\u00e9s concurrentielles telles que la distribution et le d\u00e9veloppement des \u00e9nergies renouvelables.<\/p>\n<p><em><strong>Pourtant, le PDG d\u2019EDF Jean-Bernard Levy et la ministre de la transition \u00e9cologique Barbara Pompili jurent leurs grands dieux que l\u2019\u00e9lectricien restera \u00ab\u00a0un groupe int\u00e9gr\u00e9\u00a0\u00bb.<\/strong><\/em><br>Oui, mais ce qu\u2019ils oublient de dire, c\u2019est qu\u2019ils ne sont pas \u00e0 la man\u0153uvre : les n\u00e9gociations sont men\u00e9es entre l\u2019\u00c9lys\u00e9e et la Direction g\u00e9n\u00e9rale de la concurrence de la Commission europ\u00e9enne, sur, d\u2019une part, le dispositif ARENH, Acc\u00e8s r\u00e9gul\u00e9 \u00e0 l\u2019\u00e9lectricit\u00e9 nucl\u00e9aire historique, et, d\u2019autre part, sur le d\u00e9mant\u00e8lement d\u2019EDF.<\/p>\n<p><em><strong>Pourquoi donc la Commission europ\u00e9enne intervient-elle dans ce dossier ?<\/strong><\/em><br>Car c\u2019est elle qui doit permettre le fonctionnement d\u2019un march\u00e9 concurrentiel pur, en limitant l\u2019intervention des \u00c9tats qui fausserait le jeu de la concurrence. La main invisible du march\u00e9 serait donc gant\u00e9e de bleu avec des \u00e9toiles d\u2019or.<br>En outre, le d\u00e9mant\u00e8lement annonc\u00e9 d\u2019EDF est li\u00e9 \u00e0 un contexte financier d\u00e9sastreux pour l\u2019\u00e9lectricien. Son endettement ne cesse de se creuser pour atteindre 41 Mds EUR net fin 2019. La faute \u00e0 des investissements et choix strat\u00e9giques douteux, tels que l\u2019achat de British Energy en 2008 et le lancement du projet d\u2019EPR \u00e0 Hinkley Point. Malgr\u00e9 cela, EDF doit pr\u00e9voir des investissements massifs : qu\u2019il s\u2019agisse du d\u00e9mant\u00e8lement de ses installations, de la gestion de ses d\u00e9chets, du grand car\u00e9nage et du projet des six EPR suppl\u00e9mentaires.<\/p>\n<p><em><strong>Les salari\u00e9s\u00b7\u00e9es ne comptent pas attendre pour savoir \u00e0 quelle sauce ils et elles vont \u00eatre mang\u00e9s\u00b7\u00e9es.<\/strong><\/em><br>Non, en effet, apr\u00e8s la mobilisation nationale du 26 novembre, l\u2019intersyndicale vient d\u2019interpeler les d\u00e9put\u00e9s, s\u00e9nateurs et s\u00e9natrices dans une lettre ouverte, en leur demandant de s\u2019emparer de cette probl\u00e9matique. Les syndicats attendent \u00e9galement un rendez-vous avec le premier ministre Jean Castex, avant une probable nouvelle journ\u00e9e de mobilisation le 10 d\u00e9cembre.<\/p>\n\n\n<hr class=\"wp-block-separator\"\/>\n\n\n\n<h2 class=\"wp-block-heading\">En coulisses, l\u2019\u00c9tat pr\u00e9pare le financement de six nouveaux r\u00e9acteurs EPR<\/h2>\n\n\n\n<p><em>par Dominique H<\/em><\/p>\n\n\n<div id=\"lipsum\">\n<p>Le Monde a d\u00e9voil\u00e9 \u00e0 l\u2019automne 2019 l\u2019existence d\u2019un <a href=\"https:\/\/www.lemonde.fr\/economie\/article\/2019\/10\/14\/nucleaire-comment-le-gouvernement-travaille-en-catimini-a-la-construction-de-six-nouveaux-epr_6015478_3234.html\">programme de construction<\/a> de trois paires d\u2019EPR de nouvelle g\u00e9n\u00e9ration (EPR2) dont le co\u00fbt global est actuellement \u00e9valu\u00e9 \u00e0 47 milliards d\u2019euros . <em>&nbsp;<\/em>EDF est incapable de financer seule ce programme car sa dette va exploser d\u2019ici \u00e0 2028, passant de 41 milliards fin 2019 \u00e0 57 milliards en 2028 . L\u2019\u00c9tat apporterait sous forme de subventions d\u2019investissement plus de la moiti\u00e9 des fonds n\u00e9cessaires : 25,6 milliards d\u2019euros si&nbsp; EDF se r\u00e9v\u00e8le capable de construire ses nouveaux r\u00e9acteurs en respectant les d\u00e9lais et les devis, ce dont on peut douter. En cas de d\u00e9rapage, l&rsquo;\u00c9tat devra remettre la main \u00e0 la poche : jusqu\u2019\u00e0 30 % de surco\u00fbt, il assumera entre 50 et 100 % de la facture suppl\u00e9mentaire, et 100 % au-del\u00e0 de 30 % de surco\u00fbt.<\/p>\n<p><em><strong>Comment l\u2019\u00c9tat peut-il financer ce projet alors que les finances publiques sont d\u00e9j\u00e0 dans le rouge \u00ab \u00e9carlate \u00bb ?<\/strong><\/em><\/p>\n<p>1 Comment l\u2019Union europ\u00e9enne, qui encadre tr\u00e8s strictement les aides publiques, va-t-elle r\u00e9agir face \u00e0 un financement aussi massif ? On a d\u00e9j\u00e0, en partie au moins, la r\u00e9ponse: en exigeant un d\u00e9mant\u00e8lement du groupe EDF, c\u2019est le projet Hercule dont Kim a parl\u00e9.<\/p>\n<p>2 Autre piste: la taxonomie des activit\u00e9s soutenables. Pour le moment, le nucl\u00e9aire ne fait pas partie des <a href=\"https:\/\/reporterre.net\/Les-minerais-noir-tableau-des-energies-vertes\">\u00e9nergies vertes<\/a> d\u00e9finies par la Commission europ\u00e9enne et <a href=\"https:\/\/www.actu-environnement.com\/ae\/news\/taxonomie-verte-parlement-europeen-criteres-investissements-durables-35685.php4\">vot\u00e9es par le Parlement europ\u00e9en<\/a>. Mais des discussions sont en cours entre la France et l\u2019Allemagne. Donnant donnant : le nucl\u00e9aire et le gaz, d\u00e9finies comme \u00e9nergies de transition, pourraient&nbsp; profiter des financements verts.<\/p>\n<p>3 Mais ce n\u2019est pas le seul probl\u00e8me: la France ne risque-t-elle pas de se retrouver en rupture d\u2019\u00e9lectricit\u00e9 \u00e0 moyen terme ? Ce programme de construction doit s\u2019\u00e9tager entre 2024 et 2044. Or, d\u2019ici l\u00e0, 34 r\u00e9acteurs auront atteint les soixante ann\u00e9es d\u2019exploitation (\u00e0 condition que l\u2019autorit\u00e9 de s\u00fbret\u00e9 nucl\u00e9aire autorise jusque-l\u00e0 l\u2019allongement de leur dur\u00e9e de vie). Les fermetures pr\u00e9visibles au cours des vingt prochaines ann\u00e9es ne seraient compens\u00e9es que tr\u00e8s partiellement par quelques nouveaux r\u00e9acteurs, certes plus puissants , et l\u2019\u00e9quilibre offre-demande se retrouverait sous forte pression. RTE (r\u00e9seau de transport d\u2019\u00e9lectricit\u00e9), qui g\u00e8re cet \u00e9quilibre, indique avoir en cours de r\u00e9alisation une \u00e9tude prospective \u00e0 l\u2019horizon 2050; elle sera publi\u00e9e au printemps prochain.<\/p>\n<p>4 Autre question et non la moindre: comment prendre en compte les cons\u00e9quences du changement climatique sachant que les nouveaux r\u00e9acteurs seront pr\u00e9vus pour fonctionner jusqu\u2019\u00e0 la fin du si\u00e8cle ? On constate d\u00e9j\u00e0 que depuis plusieurs ann\u00e9es <a href=\"https:\/\/reporterre.net\/Fragilise-par-la-secheresse-et-le-Covid-le-nucleaire-a-besoin-du-charbon\">le fonctionnement du parc en exploitation est significativement perturb\u00e9 durant les mois d\u2019\u00e9t\u00e9<\/a> car la baisse importante des principaux cours d\u2019eau complique le refroidissement. Or, avec la hausse pr\u00e9visible des temp\u00e9ratures (jusqu\u2019\u00e0 <a href=\"https:\/\/reporterre.net\/Les-simulations-francaises-decrivent-un-avenir-catastrophique\">+7\u00b0C d\u2019ici \u00e0 2100<\/a> selon le Giec si rien n\u2019est fait pour combattre le changement climatique), la s\u00e9cheresse augmente&nbsp; en Europe, ce qui pourrait se traduire par la disparition de certaines rivi\u00e8res ou fleuves en France.<\/p>\n<p>Installer les r\u00e9acteurs en bord de mer uniquement n\u2019est pas non plus la bonne solution : il faudra prendre en compte le risque de submersion des zones c\u00f4ti\u00e8res en raison de la hausse du niveau des mers et de l&rsquo;intensification des temp\u00eates sur la fa\u00e7ade atlantique.<\/p>\n<p>Conclusion : en imposant le maintien de l\u2019\u00e9nergie nucl\u00e9aire dans le mix \u00e9lectrique fran\u00e7ais, Emmanuel Macron n\u2019a-t-il pas fait un choix dont la France n\u2019a plus les moyens ?<\/p>\n<\/div>\n\n\n<hr class=\"wp-block-separator\"\/>\n","protected":false},"excerpt":{"rendered":"<p>Atomic Mac, d\u00e9cembre 2020. L&rsquo;\u00e9mission de ce mois portera sur les mutations de l&rsquo;industrie nucl\u00e9aire civile fran\u00e7aise, en particulier la r\u00e9organisation\/d\u00e9mant\u00e8lement du groupe EDF. Nous aborderons ce sujet avec J\u00e9r\u00f4me Schmitt, du syndicat Sud \u00c9nergie. L&rsquo;\u00e9mission 01 min : le &hellip;<\/p>\n<p class=\"read-more\"> <a class=\"more-link\" href=\"http:\/\/www.sdn26-07.org\/lesite\/radio\/atomic-mac-decembre-2020\/\"> <span class=\"screen-reader-text\">Projet Hercule : vers un d\u00e9mant\u00e8lement d\u2019EDF ?<\/span> Read More &raquo;<\/a><\/p>\n","protected":false},"author":1,"featured_media":0,"parent":128,"menu_order":0,"comment_status":"closed","ping_status":"closed","template":"","meta":{"footnotes":""},"class_list":["post-1127","page","type-page","status-publish","hentry"],"_links":{"self":[{"href":"http:\/\/www.sdn26-07.org\/lesite\/wp-json\/wp\/v2\/pages\/1127","targetHints":{"allow":["GET"]}}],"collection":[{"href":"http:\/\/www.sdn26-07.org\/lesite\/wp-json\/wp\/v2\/pages"}],"about":[{"href":"http:\/\/www.sdn26-07.org\/lesite\/wp-json\/wp\/v2\/types\/page"}],"author":[{"embeddable":true,"href":"http:\/\/www.sdn26-07.org\/lesite\/wp-json\/wp\/v2\/users\/1"}],"replies":[{"embeddable":true,"href":"http:\/\/www.sdn26-07.org\/lesite\/wp-json\/wp\/v2\/comments?post=1127"}],"version-history":[{"count":11,"href":"http:\/\/www.sdn26-07.org\/lesite\/wp-json\/wp\/v2\/pages\/1127\/revisions"}],"predecessor-version":[{"id":1176,"href":"http:\/\/www.sdn26-07.org\/lesite\/wp-json\/wp\/v2\/pages\/1127\/revisions\/1176"}],"up":[{"embeddable":true,"href":"http:\/\/www.sdn26-07.org\/lesite\/wp-json\/wp\/v2\/pages\/128"}],"wp:attachment":[{"href":"http:\/\/www.sdn26-07.org\/lesite\/wp-json\/wp\/v2\/media?parent=1127"}],"curies":[{"name":"wp","href":"https:\/\/api.w.org\/{rel}","templated":true}]}}