{"id":1064,"date":"2020-11-09T14:27:47","date_gmt":"2020-11-09T13:27:47","guid":{"rendered":"http:\/\/www.sdn26-07.org\/lesite\/?page_id=1064"},"modified":"2024-10-22T16:44:42","modified_gmt":"2024-10-22T14:44:42","slug":"atomic-mac-les-archives","status":"publish","type":"page","link":"http:\/\/www.sdn26-07.org\/lesite\/radio\/atomic-mac-les-archives\/","title":{"rendered":"Atomic Mac, les archives"},"content":{"rendered":"\n<h1 class=\"wp-block-heading\">2020<\/h1>\n\n\n\n<p><strong>D\u00e9cembre 2020<\/strong> : <a href=\"http:\/\/www.sdn26-07.org\/lesite\/radio\/atomic-mac-decembre-2020\/\" data-type=\"page\" data-id=\"1127\">J\u00e9r\u00f4me Schmitt &#8211; projet Hercule : vers un d\u00e9mant\u00e8lement d&rsquo;EDF ?<\/a><\/p>\n\n\n\n<figure class=\"wp-block-audio\"><audio controls src=\"http:\/\/www.sdn26-07.org\/lesite\/wp-content\/uploads\/2020\/12\/ATOMIC-MAC-2020_12_07-ATOMIC-MAC-DECEMBRE-2020-.mp3\"><\/audio><\/figure>\n\n\n\n<hr class=\"wp-block-separator has-text-color has-responsive-container-background-color-color has-css-opacity has-responsive-container-background-color-background-color has-background is-style-wide\"\/>\n\n\n\n<p><strong>Novembre 2020<\/strong> : Annie Th\u00e9baud-Mony &#8211; la sant\u00e9 des travailleurs et travailleuses en question.<\/p>\n\n\n\n<figure class=\"wp-block-audio\"><audio controls src=\"http:\/\/www.sdn26-07.org\/lesite\/wp-content\/uploads\/2020\/12\/ATOMIC-MAC-2020_11_02-ATOMIC-MAC-Novembre-2020-.mp3\"><\/audio><\/figure>\n\n\n\n<hr class=\"wp-block-separator has-text-color has-responsive-container-background-color-color has-css-opacity has-responsive-container-background-color-background-color has-background is-style-wide\"\/>\n\n\n\n<p><strong>Octobre 2020<\/strong> : Herv\u00e9 Kempf &#8211; de l&rsquo;\u00e9volution id\u00e9ologique r\u00e9cente du capitalisme.<\/p>\n\n\n\n<figure class=\"wp-block-audio\"><audio controls src=\"http:\/\/www.sdn26-07.org\/lesite\/wp-content\/uploads\/2020\/12\/ATOMIC-MAC-2020_10_05-ATOMIC-MAC-Octobre-2020-.mp3\"><\/audio><\/figure>\n\n\n\n<hr class=\"wp-block-separator has-text-color has-responsive-container-background-color-color has-css-opacity has-responsive-container-background-color-background-color has-background is-style-wide\"\/>\n\n\n\n<p><strong>Juillet 2020<\/strong> : Lectures<\/p>\n\n\n\n<figure class=\"wp-block-audio\"><audio controls src=\"http:\/\/www.sdn26-07.org\/lesite\/wp-content\/uploads\/2020\/12\/ATOMIC-MAC-2020_07_06-ATOMIC-MAC-Juillet-2020-.mp3\"><\/audio><\/figure>\n\n\n\n<hr class=\"wp-block-separator has-text-color has-responsive-container-background-color-color has-css-opacity has-responsive-container-background-color-background-color has-background is-style-wide\"\/>\n\n\n\n<p><strong>Juin 2020 :<\/strong> Yann Louvel<\/p>\n\n\n\n<figure class=\"wp-block-audio\"><audio controls src=\"http:\/\/www.sdn26-07.org\/lesite\/wp-content\/uploads\/2020\/12\/ATOMIC-MAC-2020_06_01-ATOMIC-MAC-Juin-2020-.mp3\"><\/audio><\/figure>\n\n\n\n<hr class=\"wp-block-separator has-text-color has-responsive-container-background-color-color has-css-opacity has-responsive-container-background-color-background-color has-background is-style-wide\"\/>\n\n\n\n<p><strong>Mai 2020 :<\/strong> Daniel Tanuro<\/p>\n\n\n\n<figure class=\"wp-block-audio\"><audio controls src=\"http:\/\/www.sdn26-07.org\/lesite\/wp-content\/uploads\/2020\/12\/ATOMIC-MAC-2020_05_04-ATOMIC-MAC-Mai-2020-.mp3\"><\/audio><\/figure>\n\n\n\n<hr class=\"wp-block-separator has-text-color has-responsive-container-background-color-color has-css-opacity has-responsive-container-background-color-background-color has-background is-style-wide\"\/>\n\n\n\n<p><strong>Avril 2020 :<\/strong> Mich\u00e8le Rivasi<\/p>\n\n\n\n<figure class=\"wp-block-audio\"><audio controls src=\"http:\/\/www.sdn26-07.org\/lesite\/wp-content\/uploads\/2020\/12\/ATOMIC-MAC-2020_04_06-ATOMIC-MAC-Avril-2020-.mp3\"><\/audio><\/figure>\n\n\n\n<hr class=\"wp-block-separator has-text-color has-responsive-container-background-color-color has-css-opacity has-responsive-container-background-color-background-color has-background is-style-wide\"\/>\n\n\n\n<p><strong>Mars 2020 :<\/strong> Gilles Reynaud<\/p>\n\n\n\n<figure class=\"wp-block-audio\"><audio controls src=\"http:\/\/www.sdn26-07.org\/lesite\/wp-content\/uploads\/2020\/12\/ATOMIC-MAC-2020_03_02-ATOMIC-MAC-mars-2020-.mp3\"><\/audio><\/figure>\n\n\n\n<hr class=\"wp-block-separator has-text-color has-responsive-container-background-color-color has-css-opacity has-responsive-container-background-color-background-color has-background is-style-wide\"\/>\n\n\n\n<h1 class=\"wp-block-heading\">2019<\/h1>\n\n\n\n<p><strong>D\u00e9cembre 2019 :<\/strong> Olivier Crenn et Didier Latorre &#8211; le nucl\u00e9aire peut-il sauver le climat ?<\/p>\n\n\n\n<figure class=\"wp-block-audio\"><audio controls src=\"http:\/\/www.sdn26-07.org\/lesite\/wp-content\/uploads\/2020\/12\/ATOMIC-MAC-2019_12_02-ATOMIC-MAC-decembre-2019-.mp3\"><\/audio><\/figure>\n\n\n\n<hr class=\"wp-block-separator has-text-color has-responsive-container-background-color-color has-css-opacity has-responsive-container-background-color-background-color has-background is-style-wide\"\/>\n\n\n\n<p><strong>Novembre 2019 :<\/strong> Christine Poupin<\/p>\n\n\n\n<figure class=\"wp-block-audio\"><audio controls src=\"http:\/\/www.sdn26-07.org\/lesite\/wp-content\/uploads\/2020\/12\/ATOMIC-MAC-2019_11_04-ATOMIC-MAC-novembre2019-.mp3\"><\/audio><\/figure>\n\n\n\n<hr class=\"wp-block-separator has-text-color has-responsive-container-background-color-color has-css-opacity has-responsive-container-background-color-background-color has-background is-style-wide\"\/>\n\n\n\n<p><strong>Octobre 2019 :<\/strong> Pierre P\u00e9guin<\/p>\n\n\n\n<figure class=\"wp-block-audio\"><audio controls src=\"http:\/\/www.sdn26-07.org\/lesite\/wp-content\/uploads\/2020\/12\/ATOMIC-MAC-2019_10_07-ATOMIC-MAC-octobre2019-.mp3\"><\/audio><\/figure>\n\n\n\n<h1 class=\"wp-block-heading\">2016<\/h1>\n\n\n\n<p><strong>Mai 2016 <a rel=\"noreferrer noopener\" href=\"http:\/\/www.sdn26-07.org\/leblog\/public\/Atomic_Mac\/Emissions\/enregistrements\/16.05-Atomic-Mac.mp3\" target=\"_blank\">Gilles Reynaud (Ma zone contr\u00f4l\u00e9e) &#8211; La sous-traitance dans l&rsquo;industrie nucl\u00e9aire<\/a><\/strong><\/p>\n\n\n\n<figure class=\"wp-block-audio\"><audio controls src=\"http:\/\/www.sdn26-07.org\/leblog\/public\/Atomic_Mac\/Emissions\/enregistrements\/16.05-Atomic-Mac.mp3\"><\/audio><\/figure>\n\n\n\n<hr class=\"wp-block-separator has-text-color has-responsive-container-background-color-color has-css-opacity has-responsive-container-background-color-background-color has-background is-style-wide\"\/>\n\n\n\n<p><strong>Avril 2016 <a href=\"http:\/\/www.sdn26-07.org\/leblog\/public\/Atomic_Mac\/Emissions\/enregistrements\/16.04-Atomic-Mac.mp3\" target=\"_blank\" rel=\"noreferrer noopener\">Atomic Mac &#8211; Mich\u00e8le RIVASI &#8211; Tchernobyl<\/a><\/strong><\/p>\n\n\n\n<p><strong>Mars 2016 <a rel=\"noreferrer noopener\" href=\"http:\/\/www.sdn26-07.org\/leblog\/public\/Atomic_Mac\/Emissions\/enregistrements\/16.03-Atomic-Mac.mp3\" target=\"_blank\">Atomic Mac &#8211; Richard Perrenot (CGT) et Fran\u00e7oise Battesti (Ligue des Droits de l&rsquo;Homme) &#8211; Etat d&rsquo;urgence<\/a><\/strong><\/p>\n\n\n\n<p><strong>F\u00e9vrier 2016 <a rel=\"noreferrer noopener\" href=\"http:\/\/www.sdn26-07.org\/leblog\/public\/Atomic_Mac\/Emissions\/enregistrements\/16.02-Atomic-Mac.mp3\" target=\"_blank\">Atomic Mac &#8211; G\u00e9rard Gagnier &#8211; Gaz de schiste<\/a><\/strong><\/p>\n\n\n\n<p><strong>Janvier 2016 <a href=\"http:\/\/www.sdn26-07.org\/leblog\/public\/Atomic_Mac\/Emissions\/enregistrements\/16.01-Atomic-Mac.mp3\" target=\"_blank\" rel=\"noreferrer noopener\">Atomic Mac &#8211; Gilles Reynaud &#8211; La sous-traitance dans l&rsquo;industrie nucl\u00e9aire<\/a><\/strong><\/p>\n\n\n\n<h1 class=\"wp-block-heading\">2015<\/h1>\n\n\n\n<p><strong>D\u00e9cembre 2015 <a href=\"http:\/\/www.sdn26-07.org\/leblog\/public\/Atomic_Mac\/Emissions\/enregistrements\/15.12-Atomic-Mac.mp3\" target=\"_blank\" rel=\"noreferrer noopener\">Atomic Mac &#8211; Mich\u00e8le RIVASI &#8211; COP21<\/a><\/strong><\/p>\n\n\n\n<p><strong>Novembre 2015 <a href=\"http:\/\/www.sdn26-07.org\/leblog\/public\/Atomic_Mac\/Emissions\/enregistrements\/15.11-Atomic-Mac.mp3\" target=\"_blank\" rel=\"noreferrer noopener\">Atomic Mac &#8211; Daniel Tanuro &#8211; COP21<\/a><\/strong><\/p>\n\n\n\n<p><strong>Octobre 2015 <a href=\"http:\/\/www.sdn26-07.org\/leblog\/public\/Atomic_Mac\/Emissions\/enregistrements\/15.10-Atomic-Mac.mp3\" target=\"_blank\" rel=\"noreferrer noopener\">Atomic Mac &#8211; S\u00e9bastien Blavier (Greenpeace) &#8211; COP21<\/a><\/strong><\/p>\n\n\n\n<p><strong>Juillet 2015 <a href=\"http:\/\/www.sdn26-07.org\/leblog\/public\/Atomic_Mac\/Emissions\/enregistrements\/15.07-Atomic-Mac.mp3\" target=\"_blank\" rel=\"noreferrer noopener\">Atomic Mac &#8211; Lectures d&rsquo;\u00e9t\u00e9<\/a><\/strong><\/p>\n\n\n\n<p><strong>Juin 2015 <a href=\"http:\/\/www.sdn26-07.org\/leblog\/public\/Atomic_Mac\/Emissions\/enregistrements\/15.06-Atomic-Mac.mp3\" target=\"_blank\" rel=\"noreferrer noopener\">Atomic Mac &#8211; Roland Desbordes (CRIIRAD) &#8211; L&rsquo;alimentation en cas d&rsquo;accident nucl\u00e9aire<\/a><\/strong><\/p>\n\n\n\n<p><strong>Mai 2015 <a href=\"http:\/\/www.sdn26-07.org\/leblog\/public\/Atomic_Mac\/Emissions\/enregistrements\/15.05-Atomic-Mac.mp3\" target=\"_blank\" rel=\"noreferrer noopener\">Atomic Mac &#8211; Julien Syren (CRIIRAD) &#8211; Les transports de substances radioactives<\/a><\/strong><\/p>\n\n\n\n<p><strong>Avril 2015 <a href=\"http:\/\/www.sdn26-07.org\/leblog\/public\/Atomic_Mac\/Emissions\/enregistrements\/15.04-Atomic-Mac.mp3\" target=\"_blank\" rel=\"noreferrer noopener\">Atomic Mac &#8211; Wataru Iwata &#8211; Fukushima<\/a><\/strong><\/p>\n\n\n\n<p><strong>Mars 2015 <a href=\"http:\/\/www.sdn26-07.org\/leblog\/public\/Atomic_Mac\/Emissions\/enregistrements\/15.05-Atomic-Mac.mp3\" target=\"_blank\" rel=\"noreferrer noopener\">Atomic Mac &#8211; Christine Hasse &#8211; Cha\u00eene Humaine 2015<\/a><\/strong><\/p>\n\n\n\n<p><strong>F\u00e9vrier 2015 <a href=\"http:\/\/www.sdn26-07.org\/leblog\/public\/Atomic_Mac\/Emissions\/enregistrements\/15.02-Atomic-Mac.mp3\">Atomic Mac &#8211; Dominique Lalanne &#8211; Armes Nucl\u00e9aires Stop<\/a><\/strong><\/p>\n\n\n\n<h1 class=\"wp-block-heading\">2014<\/h1>\n\n\n\n<p><strong>D\u00e9cembre 2014 <a href=\"http:\/\/www.sdn26-07.org\/leblog\/public\/Atomic_Mac\/Emissions\/enregistrements\/14.12-Atomic-Mac.mp3\" target=\"_blank\" rel=\"noreferrer noopener\">Atomic Mac &#8211; St\u00e9phane Peron &#8211; Pour les Chambarans sans Center Parcs<\/a><\/strong><\/p>\n\n\n\n<p><strong>Octobre 2014 <a href=\"http:\/\/www.sdn26-07.org\/leblog\/public\/Atomic_Mac\/Emissions\/enregistrements\/14.10-Atomic-Mac.mp3\">Atomic Mac &#8211; Guillaume Blavette &#8211; Fuite de tritium a Penly<\/a><\/strong><\/p>\n\n\n\n<p><strong>Juin 2014 <a href=\"http:\/\/www.sdn26-07.org\/leblog\/public\/Atomic_Mac\/Emissions\/enregistrements\/14.06-Atomic-Mac.mp3\">Atomic Mac &#8211; Roger Mathieu &#8211; Centrale villageoise Gervanne Raye<\/a><\/strong><object data=\"http:\/\/www.sdn26-07.org\/leblog\/index.php?pf=player_mp3.swf\" type=\"application\/x-shockwave-flash\" width=\"200\" height=\"20\"><\/object><\/p>\n\n\n\n<p><strong>Mai 2014 <a href=\"http:\/\/www.sdn26-07.org\/leblog\/public\/Atomic_Mac\/Emissions\/enregistrements\/14.05-Atomic-Mac.mp3\">Atomic Mac &#8211; Didier Latorre &#8211; Fran\u00e7ois Mativet Transports nucl\u00e9aires &#8211; Marie de Bure D\u00e9chets &#8211; Albert Jacquart Danger du nucl\u00e9aire<\/a><\/strong><object data=\"http:\/\/www.sdn26-07.org\/leblog\/index.php?pf=player_mp3.swf\" type=\"application\/x-shockwave-flash\" width=\"200\" height=\"20\"><\/object><\/p>\n\n\n\n<p><strong>Avril 2014 <a href=\"http:\/\/www.sdn26-07.org\/leblog\/public\/Atomic_Mac\/Emissions\/enregistrements\/14.04-Atomic-Mac.mp3\">Atomic Mac &#8211; Mich\u00e8le Rivasi Tcherno Fuku &#8211; Pierre Peguin ASTRID &#8211; Alain Joffre Transition Energ\u00e9tique<\/a><\/strong><object data=\"http:\/\/www.sdn26-07.org\/leblog\/index.php?pf=player_mp3.swf\" type=\"application\/x-shockwave-flash\" width=\"200\" height=\"20\"><\/object><\/p>\n\n\n\n<p><strong>Mars 2014 <a href=\"http:\/\/www.sdn26-07.org\/leblog\/public\/Atomic_Mac\/Emissions\/enregistrements\/14.03-Atomic-Mac.mp3\">Atomic Mac &#8211; St\u00e9phane Lhomme &#8211; En proc\u00e8s contre Areva<\/a><\/strong><object data=\"http:\/\/www.sdn26-07.org\/leblog\/index.php?pf=player_mp3.swf\" type=\"application\/x-shockwave-flash\" width=\"200\" height=\"20\"><\/object><\/p>\n\n\n\n<p><strong>Janvier 2014 <a href=\"http:\/\/www.sdn26-07.org\/leblog\/public\/Atomic_Mac\/Emissions\/enregistrements\/14.01-Atomic-Mac.mp3\">Atomic Mac &#8211; Association D\u00e9fense Rive Droite Ard\u00e8choise<\/a><\/strong><object data=\"http:\/\/www.sdn26-07.org\/leblog\/index.php?pf=player_mp3.swf\" type=\"application\/x-shockwave-flash\" width=\"200\" height=\"20\"><\/object><\/p>\n\n\n\n<h1 class=\"wp-block-heading\">2013<\/h1>\n\n\n\n<p><strong>D\u00e9cembre 2013 <a href=\"http:\/\/www.sdn26-07.org\/leblog\/public\/Atomic_Mac\/Emissions\/enregistrements\/13.12-Atomic-Mac.mp3\">Atomic Mac &#8211; Jean-Pierre Collet et Elisabeth Breni\u00e8re &#8211; Le Bugey<\/a><\/strong><object data=\"http:\/\/www.sdn26-07.org\/leblog\/index.php?pf=player_mp3.swf\" type=\"application\/x-shockwave-flash\" width=\"200\" height=\"20\"><\/object><\/p>\n\n\n\n<p><strong>Novembre 2013 <a href=\"http:\/\/www.sdn26-07.org\/leblog\/public\/Atomic_Mac\/Emissions\/enregistrements\/13.11-Atomic-Mac.mp3\">Atomic Mac &#8211; Anne Dez &#8211; Gaz de schiste<\/a><\/strong><object data=\"http:\/\/www.sdn26-07.org\/leblog\/index.php?pf=player_mp3.swf\" type=\"application\/x-shockwave-flash\" width=\"200\" height=\"20\"><\/object><\/p>\n\n\n\n<p><strong>Octobre 2013 <a href=\"http:\/\/www.sdn26-07.org\/leblog\/public\/Atomic_Mac\/Emissions\/enregistrements\/13.10-Atomic-Mac.mp3\">Atomic Mac &#8211; Claude Kaiser &#8211; Enfouissement d\u00e9chets nucl\u00e9aires<\/a><\/strong><object data=\"http:\/\/www.sdn26-07.org\/leblog\/index.php?pf=player_mp3.swf\" type=\"application\/x-shockwave-flash\" width=\"200\" height=\"20\"><\/object><\/p>\n\n\n\n<p><strong>Septembre 2013 <a href=\"http:\/\/www.sdn26-07.org\/leblog\/public\/Atomic_Mac\/Emissions\/enregistrements\/13.09-Atomic-Mac.mp3\">Atomic Mac &#8211; Rahpha\u00ebl Granvaud &#8211; rediffusion<\/a><\/strong><object data=\"http:\/\/www.sdn26-07.org\/leblog\/index.php?pf=player_mp3.swf\" type=\"application\/x-shockwave-flash\" width=\"200\" height=\"20\"><\/object><\/p>\n\n\n\n<p><strong>Ao\u00fbt 2013 <a href=\"http:\/\/www.sdn26-07.org\/leblog\/public\/Atomic_Mac\/Emissions\/enregistrements\/13.08-Atomic-Mac.mp3\">Atomic Mac &#8211; Lectures d&rsquo;\u00e9t\u00e9<\/a><\/strong><object data=\"http:\/\/www.sdn26-07.org\/leblog\/index.php?pf=player_mp3.swf\" type=\"application\/x-shockwave-flash\" width=\"200\" height=\"20\"><\/object><\/p>\n\n\n\n<p><strong>Juillet 2013 <a href=\"http:\/\/www.sdn26-07.org\/leblog\/public\/Atomic_Mac\/Emissions\/enregistrements\/13.07-Atomic-Mac.mp3\">Atomic Mac &#8211; C\u00e9cile Azanouma Brice &#8211; Fukushima<\/a><\/strong><object data=\"http:\/\/www.sdn26-07.org\/leblog\/index.php?pf=player_mp3.swf\" type=\"application\/x-shockwave-flash\" width=\"200\" height=\"20\"><\/object><\/p>\n\n\n\n<p><strong>Juin 2013 <a href=\"http:\/\/www.sdn26-07.org\/leblog\/public\/Atomic_Mac\/Emissions\/enregistrements\/13.06-Atomic-Mac.mp3\">Atomic Mac &#8211; Jean Revest &#8211; STOP Tricastin<\/a><\/strong><object data=\"http:\/\/www.sdn26-07.org\/leblog\/index.php?pf=player_mp3.swf\" type=\"application\/x-shockwave-flash\" width=\"200\" height=\"20\"><\/object><\/p>\n\n\n\n<p><strong>Mai 2013 <a href=\"http:\/\/www.sdn26-07.org\/leblog\/public\/Atomic_Mac\/Emissions\/enregistrements\/13.05-Atomic-Mac.mp3\">Atomic Mac &#8211; Yann Louvel &#8211; le fric atomic<\/a><\/strong><object data=\"http:\/\/www.sdn26-07.org\/leblog\/index.php?pf=player_mp3.swf\" type=\"application\/x-shockwave-flash\" width=\"200\" height=\"20\"><\/object><\/p>\n\n\n\n<p><strong>Avril 2013 <a href=\"http:\/\/www.sdn26-07.org\/leblog\/public\/Atomic_Mac\/Emissions\/enregistrements\/13.04-Atomic-Mac.mp3\">Atomic Mac &#8211; Philippe Bilard &#8211; Travailleurs du nucl\u00e9aire<\/a><\/strong><object data=\"http:\/\/www.sdn26-07.org\/leblog\/index.php?pf=player_mp3.swf\" type=\"application\/x-shockwave-flash\" width=\"200\" height=\"20\"><\/object><\/p>\n\n\n\n<p><strong>Mars 2013 <a href=\"http:\/\/www.sdn26-07.org\/leblog\/public\/Atomic_Mac\/Emissions\/enregistrements\/13.03-Atomic-Mac.mp3\">Atomic Mac &#8211; Philippe Guiter et Laura Hammeaux &#8211; Transports nucl\u00e9aires<\/a><\/strong><object data=\"http:\/\/www.sdn26-07.org\/leblog\/index.php?pf=player_mp3.swf\" type=\"application\/x-shockwave-flash\" width=\"200\" height=\"20\"><\/object><\/p>\n\n\n\n<p><strong>F\u00e9vrier 2013 <a href=\"http:\/\/www.sdn26-07.org\/leblog\/public\/Atomic_Mac\/Emissions\/enregistrements\/13.02-Atomic-Mac.mp3\">Atomic Mac &#8211; Fr\u00e9d\u00e9ric Mariller &#8211; Enercoop<\/a><\/strong><object data=\"http:\/\/www.sdn26-07.org\/leblog\/index.php?pf=player_mp3.swf\" type=\"application\/x-shockwave-flash\" width=\"200\" height=\"20\"><\/object><\/p>\n\n\n\n<p><strong>Janvier 2013 <a href=\"http:\/\/www.sdn26-07.org\/leblog\/public\/Atomic_Mac\/Emissions\/enregistrements\/13.01-Atomic-Mac.mp3\">Atomic Mac &#8211; Dominique Lalane &#8211; Armes nucl\u00e9aires Stop<\/a><\/strong><object data=\"http:\/\/www.sdn26-07.org\/leblog\/index.php?pf=player_mp3.swf\" type=\"application\/x-shockwave-flash\" width=\"200\" height=\"20\"><\/object><\/p>\n\n\n\n<h1 class=\"wp-block-heading\">2012<\/h1>\n\n\n\n<p><strong>D\u00e9cembre 2012 <a href=\"http:\/\/www.sdn26-07.org\/leblog\/public\/Atomic_Mac\/Emissions\/enregistrements\/12.12-Atomic-Mac.mp3\">Atomic Mac &#8211; Marc Papillon &#8211; FRAPNA Dr\u00f4me<\/a><\/strong><object data=\"http:\/\/www.sdn26-07.org\/leblog\/index.php?pf=player_mp3.swf\" type=\"application\/x-shockwave-flash\" width=\"200\" height=\"20\"><\/object><\/p>\n\n\n\n<p><strong>Novembre 2012 <a href=\"http:\/\/www.sdn26-07.org\/leblog\/public\/Atomic_Mac\/Emissions\/enregistrements\/12.11-Atomic-Mac.mp3\">Atomic Mac &#8211; Bruno Chareyron &#8211; Retour sur Fukushima<\/a><\/strong><object data=\"http:\/\/www.sdn26-07.org\/leblog\/index.php?pf=player_mp3.swf\" type=\"application\/x-shockwave-flash\" width=\"200\" height=\"20\"><\/object><\/p>\n\n\n\n<p><strong>Octobre 2012 <a href=\"http:\/\/www.sdn26-07.org\/leblog\/public\/Atomic_Mac\/Emissions\/enregistrements\/12.10-Atomic-Mac.mp3\">Atomic Mac &#8211; Jocelyn Peyret &#8211; Energie Anti-Nucl\u00e9aire<\/a><\/strong><object data=\"http:\/\/www.sdn26-07.org\/leblog\/index.php?pf=player_mp3.swf\" type=\"application\/x-shockwave-flash\" width=\"200\" height=\"20\"><\/object><\/p>\n\n\n\n<p><strong>Septembre 2012 <a href=\"http:\/\/www.sdn26-07.org\/leblog\/public\/Atomic_Mac\/Emissions\/enregistrements\/12.09-Atomic-Mac.mp3\">Atomic Mac &#8211; Chaine Humaine<\/a><\/strong><object data=\"http:\/\/www.sdn26-07.org\/leblog\/index.php?pf=player_mp3.swf\" type=\"application\/x-shockwave-flash\" width=\"200\" height=\"20\"><\/object><\/p>\n\n\n\n<p><strong>Ao\u00fbt 2012 <a href=\"http:\/\/www.sdn26-07.org\/leblog\/public\/Atomic_Mac\/Emissions\/enregistrements\/12.08-Atomic-Mac.mp3\">Atomic Mac &#8211; Roland Desbordes &#8211; CRIIRAD Tchernobyl Fukushima<\/a><\/strong><object data=\"http:\/\/www.sdn26-07.org\/leblog\/index.php?pf=player_mp3.swf\" type=\"application\/x-shockwave-flash\" width=\"200\" height=\"20\"><\/object><\/p>\n\n\n\n<p><strong>Juillet 2012 <a href=\"http:\/\/www.sdn26-07.org\/leblog\/public\/Atomic_Mac\/Emissions\/enregistrements\/12.07-Atomic-Mac.mp3\">Atomic Mac &#8211; Rapha\u00ebl Granvaud &#8211; Areva en Afrique<\/a><\/strong><object data=\"http:\/\/www.sdn26-07.org\/leblog\/index.php?pf=player_mp3.swf\" type=\"application\/x-shockwave-flash\" width=\"200\" height=\"20\"><p><\/p><\/object><\/p>\n","protected":false},"excerpt":{"rendered":"<p>2020 D\u00e9cembre 2020 : J\u00e9r\u00f4me Schmitt &#8211; projet Hercule : vers un d\u00e9mant\u00e8lement d&rsquo;EDF ? Novembre 2020 : Annie Th\u00e9baud-Mony &#8211; la sant\u00e9 des travailleurs et travailleuses en question. Octobre 2020 : Herv\u00e9 Kempf &#8211; de l&rsquo;\u00e9volution id\u00e9ologique r\u00e9cente du &hellip;<\/p>\n<p class=\"read-more\"> <a class=\"more-link\" href=\"http:\/\/www.sdn26-07.org\/lesite\/radio\/atomic-mac-les-archives\/\"> <span class=\"screen-reader-text\">Atomic Mac, les archives<\/span> Read More &raquo;<\/a><\/p>\n","protected":false},"author":1,"featured_media":0,"parent":128,"menu_order":0,"comment_status":"closed","ping_status":"closed","template":"","meta":{"footnotes":""},"class_list":["post-1064","page","type-page","status-publish","hentry"],"_links":{"self":[{"href":"http:\/\/www.sdn26-07.org\/lesite\/wp-json\/wp\/v2\/pages\/1064","targetHints":{"allow":["GET"]}}],"collection":[{"href":"http:\/\/www.sdn26-07.org\/lesite\/wp-json\/wp\/v2\/pages"}],"about":[{"href":"http:\/\/www.sdn26-07.org\/lesite\/wp-json\/wp\/v2\/types\/page"}],"author":[{"embeddable":true,"href":"http:\/\/www.sdn26-07.org\/lesite\/wp-json\/wp\/v2\/users\/1"}],"replies":[{"embeddable":true,"href":"http:\/\/www.sdn26-07.org\/lesite\/wp-json\/wp\/v2\/comments?post=1064"}],"version-history":[{"count":3,"href":"http:\/\/www.sdn26-07.org\/lesite\/wp-json\/wp\/v2\/pages\/1064\/revisions"}],"predecessor-version":[{"id":1950,"href":"http:\/\/www.sdn26-07.org\/lesite\/wp-json\/wp\/v2\/pages\/1064\/revisions\/1950"}],"up":[{"embeddable":true,"href":"http:\/\/www.sdn26-07.org\/lesite\/wp-json\/wp\/v2\/pages\/128"}],"wp:attachment":[{"href":"http:\/\/www.sdn26-07.org\/lesite\/wp-json\/wp\/v2\/media?parent=1064"}],"curies":[{"name":"wp","href":"https:\/\/api.w.org\/{rel}","templated":true}]}}